{"id":14071,"date":"2024-11-14T19:07:34","date_gmt":"2024-11-14T19:07:34","guid":{"rendered":"https:\/\/nuclearelectrica.ro\/cne\/?page_id=14071"},"modified":"2025-11-20T12:58:00","modified_gmt":"2025-11-20T12:58:00","slug":"departamentul-control-lucrari","status":"publish","type":"page","link":"https:\/\/nuclearelectrica.ro\/cne\/exploatare\/departamentul-control-lucrari\/","title":{"rendered":"Departamentul control lucr\u0103ri"},"content":{"rendered":"\t\t<div data-elementor-type=\"wp-page\" data-elementor-id=\"14071\" class=\"elementor elementor-14071\">\n\t\t\t\t\t\t<section class=\"elementor-section elementor-top-section elementor-element elementor-element-3a7d5ee elementor-section-boxed elementor-section-height-default elementor-section-height-default\" data-id=\"3a7d5ee\" data-element_type=\"section\">\n\t\t\t\t\t\t<div class=\"elementor-container elementor-column-gap-default\">\n\t\t\t\t\t<div class=\"elementor-column elementor-col-100 elementor-top-column elementor-element elementor-element-8784ec7 top column-style-top\" data-id=\"8784ec7\" data-element_type=\"column\">\n\t\t\t<div class=\"elementor-widget-wrap elementor-element-populated\">\n\t\t\t\t\t\t<div class=\"elementor-element elementor-element-ac355ed elementor-widget elementor-widget-text-editor\" data-id=\"ac355ed\" data-element_type=\"widget\" data-widget_type=\"text-editor.default\">\n\t\t\t\t<div class=\"elementor-widget-container\">\n\t\t\t\t\t\t\t\t\t<p><strong>MESAJUL INGINERULUI \u0218EF DCL<\/strong><\/p><p><em>\u201eProcesul de Planificare este unul din cele mai importante procese din Central\u0103 fiind cel care stabile\u0219te priorit\u0103\u021bile, ce trebuie f\u0103cut \u0219i c\u00e2nd trebuie f\u0103cut. Control\u0103m o activitate complex\u0103 \u00een care sunt implicate toate departamentele din Central\u0103. Astfel, prin intermediul Procesului de Planificare sunt coordonate toate activit\u0103\u021bile \u00een mod oportun \u0219i optim \u0219i sunt executate \u00eentr-o manier\u0103 logic\u0103.<\/em><\/p><p><em>Vom urma calea celorlalte centrale nucleare performante \u0219i ne vom concentra pe execu\u021bia c\u00e2t mai disciplinat\u0103 a Procesului de Planificare\u201d.<\/em><\/p><p>Principiile de Realizare a unui Proces Eficient de Planificare:<\/p><ul><li>Asigurarea securit\u0103\u021bii nucleare prin identificarea, selectarea, evaluarea, planificarea \u0219i execu\u021bia activit\u0103\u021bilor necesare astfel \u00eenc\u00e2t s\u0103 se maximizeze disponibilitatea \u0219i siguran\u021ba \u00een exploatare a echipamentelor \u0219i sistemelor centralei;<\/li><li>Controlul riscului asociat cu execu\u021bia activit\u0103\u021bilor;<\/li><li>Identificarea riscului asociat cu execu\u021bia activit\u0103\u021bilor asupra centralei \u0219i a personalului, precum \u0219i protejarea Centralei de tranzien\u021bi neanticipa\u021bi care ar putea rezulta din execu\u021bia activit\u0103\u021bilor. O evaluare general\u0103 a impactului aplic\u0103rii programului stabilit asupra securit\u0103\u021bii nucleare a centralei trebuie s\u0103 fie f\u0103cut\u0103 \u00eenainte de emiterea programului de execu\u021bie final. Acest risc trebuie s\u0103 fie reevaluat \u00een situa\u021bia apari\u021biei unor urgen\u021be care au avut ca rezultat modificarea condi\u021biilor de referin\u021b\u0103 ale evalu\u0103rii anterioare;<\/li><li>Maximizarea productivit\u0103\u021bii \u0219i eficien\u021bei personalului centralei, precum \u0219i a resurselor materiale;<\/li><li>Planul zilnic de lucru are mai multe componente: \u00eentre\u021binere predictiv\u0103, preventiv\u0103, teste obligatorii, implementare modific\u0103ri aprobate. Acesta trebuie s\u0103 fie analizat din punct de vedere tehnic pentru validarea scopului. Planul zilnic de lucru trebuie preg\u0103tit \u0219i realizat necondi\u021bionat, \u00een propor\u021bie c\u00e2t mai mare, f\u0103r\u0103 acceptarea am\u00e2n\u0103rilor.<\/li><\/ul><p><strong>Serviciul Planificare<\/strong><\/p><p>Serviciul Planificare coordoneaz\u0103 Procesul de Planificare cu Centrala la Putere, prin care activit\u0103\u021bile sunt identificate, selectate, evaluate, planificate, executate, \u00eenchise \u0219i analizate. \u00cen scopul atingerii excelen\u021bei, toat\u0103 organiza\u021bia trebuie s\u0103 fie implicat\u0103 \u0219i s\u0103 suporte total acest proces. Eficien\u021ba implement\u0103rii procesului de planificare rezult\u0103 dintr-o varietate de condi\u021bii asociate cu comportamentul \u0219i ac\u021biunile conducerii, precum \u0219i din procesele \u0219i valorile Organiza\u021biei<em>.<\/em><\/p><p>Atingerea excelen\u021bei \u00een Procesul de Planificare cu Centrala la Putere depinde de urm\u0103toarele:<\/p><ul><li>\u2265 98% Completitudine Plan Zilnic de Lucru;<\/li><li>\u2265 99% Stabilitate Plan pentru echipamentele\/componentele Critice;<\/li><li>Nici un test obligatoriu a c\u0103rui execu\u021bie s\u0103 dep\u0103\u0219easc\u0103 data maxim admisibil\u0103;<\/li><li>Nici o cerin\u021b\u0103 de \u00eentre\u021binere preventiv\u0103 pe echipamente critice a c\u0103rei execu\u021bie s\u0103 dep\u0103\u0219easc\u0103 data maxim admisibil\u0103.<\/li><\/ul><p>Scopul Procesului Planificare cu Centrala la Putere:<\/p><ul><li>Asigur\u0103 un proces ciclic, repetitiv care integreaz\u0103 \u0219i metodologia de control al riscului asociat cu execu\u021bia activit\u0103\u021bilor;<\/li><li>Programarea activit\u0103\u021bilor primare de \u00eentre\u021binere, a resurselor \u0219i activit\u0103\u021bilor suport necesare realiz\u0103rii acestora;<\/li><li>Coordonarea execu\u021biei tuturor activit\u0103\u021bilor programate (mentenan\u021b\u0103 corectiv\u0103, deficien\u021b\u0103, alt tip de mentenan\u021b\u0103, implementare modific\u0103ri de proiect, mentenan\u021b\u0103 preventiv\u0103, predictiv\u0103 \u0219i teste) astfel \u00eenc\u00e2t performan\u021ba s\u0103 fie optim\u0103;<\/li><li>Preg\u0103tirea activit\u0103\u021bilor pentru execu\u021bie ca urmare a evalu\u0103rii grupurilor de evaluare;<\/li><li>Gruparea activit\u0103\u021bilor din cadrul ferestrelor de \u00eentre\u021binere ale echipamentelor (folosind diverse metode printre care \u0219i Gruparea Func\u021bional\u0103 de Echipamente) \u0219i implicit reducerea perioadei de indisponibilizare a echipamentelor.<\/li><\/ul><p><strong>Serviciul Opriri<\/strong><\/p><p>Serviciul Opriri gestioneaz\u0103 opririle planificate\/neplanificate \u00een cadrul Centralei, prin gestionarea proceselor de preg\u0103tire, conducere \u0219i aplicarea acestora \u00een scopul atingerii cu succes a obiectivelor propuse \u00een condi\u021bii de siguran\u021b\u0103, calitate \u0219i respectarea programului.<\/p><p>Serviciul Opriri ob\u021bine informa\u021bii referitoare la activit\u0103\u021bile de oprire de la Serviciile Tehnice, administreaz\u0103 toate comenzile de lucrare pentru oprire, \u00eentocme\u0219te programul de lucru de oprire, calculeaz\u0103 indicatorii stabili\u021bi pentru preg\u0103tirea opririi \u0219i programeaz\u0103 pentru execu\u021bie toate comenzile de lucrare preg\u0103titoare.<\/p><p>Oprirea Planificat\u0103 reprezint\u0103 cel mai important \u0219i complex proiect anual al CNE Cernavoda.<\/p><p>Fiabilitatea echipamentelor centralei, ca \u0219i factorul de capacitate sunt puternic dependente de executarea la timp \u0219i \u00een condi\u021bii de calitate a Opririlor Planificate. Efortul de planificare pe termen lung este consolidat, iar modul de gestionare pe termen lung al opririlor, \u00een special utilizarea sistematic\u0103 a contractorilor pentru lucr\u0103ri majore repetitive, este stabilit \u0219i implementat. Opririle planificate se desf\u0103\u0219oar\u0103 \u00een lunile mai\/iunie, av\u00e2nd o durat\u0103 de execu\u021bie planificat\u0103 \u00een medie de 35 \u00f7 45 zile (24\/ 24h)\/ unitate, \u00een func\u021bie de volumul \u0219i dificultatea activit\u0103\u021bilor de pe drumul critic.<\/p><p>Pentru \u00eendeplinirea indicatorilor de performan\u021b\u0103 stabili\u021bi \u0219i pentru preg\u0103tirea documenta\u021biei necesare execu\u021biei opririi planificate, procesul de preg\u0103tire al fiec\u0103rei opriri \u00eencepe cu 4,5 ani \u00een avans.<\/p><p>Succesul Opririi Planificate const\u0103 \u00een:<\/p><ul><li>respectarea planului zilnic;<\/li><li>proces de decizie conservativ;<\/li><li>lucru \u00een echip\u0103;<\/li><li>respectarea strict\u0103 a procedurilor;<\/li><li>respectarea strict\u0103 a programului de lucru;<\/li><li>securitatea personalului, a instala\u021biilor \u0219i protec\u021bia mediului;<\/li><li>comunicare \u0219i utilizare mijloace de prevenire erori;<\/li><li>calitatea lucr\u0103rilor efectuate conform standardelor nucleare.<\/li><\/ul><p>Scopul subprocesului de gestionare Opriri Planificate<\/p><p>\u00centregul proces al unei Opriri Planificate cuprinde patru mari etape \u0219i anume:<\/p><ul><li>ini\u021bierea;<\/li><li>preg\u0103tirea;<\/li><li>execu\u021bia;<\/li><li>\u00eencheierea opririi.<\/li><\/ul><p>Ini\u021bierea Opririi<\/p><p>Aceasta presupune stabilirea datelor de finalizare pentru activit\u0103\u021bile preg\u0103titoare opririi (milestones), apoi stabilirea listei de activit\u0103\u021bi (Scop Oprire), urmat\u0103 de elaborarea \u0219i aprobarea Logicii de oprire.<\/p><p>\u00cen concordan\u021b\u0103 cu obiectivele Centralei privind a\u0219tept\u0103rile Conducerii, planul de produc\u021bie, \u00eencadrarea \u00een bugetul \u0219i duratele alocate Opririlor Planificate, precum \u0219i al celor mai bune performan\u021be \u0219i practici ob\u021binute \u00een industria nuclear\u0103 din lume, se stabilesc datele de finalizare (\u201cMilestones\u201d) pentru activit\u0103\u021bile preg\u0103titoare fiec\u0103rei Opriri Planificate.<\/p><p>Preg\u0103tirea Opririi<\/p><p>Procesul de preg\u0103tire a unei Opririi Planificate trebuie s\u0103 fie continuu, chiar dac\u0103 anumite date de finalizare (\u201cMilestones\u201d) se suprapun peste intervalul \u00een care cealalt\u0103 unitate se afl\u0103 \u00een faza de execu\u021bie a Opririi Planificate.<\/p><p>Cele mai importante etape sunt:<\/p><ul><li>identificarea lucr\u0103rilor premerg\u0103toare opririi;<\/li><li>evaluarea activit\u0103\u021bilor opririi;<\/li><li>preg\u0103tirea \u0219i emiterea cererilor de procurare pentru activit\u0103\u021bile de oprire;<\/li><li>emiterea documenta\u021biei necesare, incluz\u00e2nd analize de securitate \u0219i aprob\u0103ri ale organelor de reglementare.<\/li><\/ul><p>Controlul asupra scopului reprezint\u0103 cheia de succes \u00een preg\u0103tirea opririi. Aceasta include un proces de management al scopului at\u00e2t pentru activit\u0103\u021bile ad\u0103ugate, c\u00e2t \u0219i pentru cele eliminate.<\/p><p>Execu\u021bia Opririi<br \/>Controlul asupra planului zilnic de lucru reprezint\u0103 cheia de succes \u00een faza de execu\u021bie a opririi.<br \/>Principalele obiective \u00een realizarea cu succes a opririlor sunt urm\u0103toarele:<br \/>\u2022 implementarea strict\u0103 a programului opririi;<br \/>\u2022 urm\u0103rirea activit\u0103\u021bilor de pe \u201edrumul critic\u201d;<br \/>\u2022 implementarea programului \u0219edin\u021belor de oprire;<br \/>\u2022 monitorizarea progresului programului de oprire.<br \/>\u00cenchiderea Opririi<br \/>\u2022 analiza execu\u021biei programului de oprire \u00een compara\u021bie cu Scopul stabilit ini\u021bial, identificarea lec\u021biilor de \u00eenv\u0103\u021bat \u0219i elaborare Raport de Oprire;<br \/>\u2022 stabilirea unui Plan de Ac\u021biuni \u00een scopul \u00eembun\u0103t\u0103\u021birii procesului de oprire;<br \/>\u2022 programarea \u0219edin\u021belor privind lec\u021biile de \u00eenv\u0103\u021bat \u0219i analizarea acestora pentru \u00eembun\u0103t\u0103\u021birile ce trebuie aduse \u00een urm\u0103toarea oprire.<\/p><p><strong>Biroul Planuri de Lucru<\/strong><\/p><p>Biroul Planuri de Lucru desf\u0103\u0219oar\u0103 ca activit\u0103\u021bi de baz\u0103 elaborarea, evaluarea \u0219i emiterea planurilor de lucru necesare U0, U1 \u0219i U2, cu asigurarea suportului necesar Serviciilor Planificare \u0219i Opriri, structurat pe domenii ce asociaz\u0103 grupuri de sisteme ale unit\u0103\u021bilor.<\/p><p>Este responsabil pentru ini\u021bierea\/revizia planurilor de lucru, evaluarea \u0219i ob\u021binerea aprob\u0103rilor necesare.<\/p><p>Asigur\u0103 astfel, prin planul de lucru, o procedur\u0103 de execu\u021bie ce \u00eendepline\u0219te standardele opera\u021bionale, de securitate nuclear\u0103, aspectele de protec\u021bia mediului, chimic, radioprotec\u021bie \u0219i protec\u021bia muncii.<\/p><p><strong>Grup Suport Control Lucr\u0103ri<\/strong><\/p><p>\u00cen cadrul Grupului Suport Control Lucr\u0103ri a fost integrat\u0103 func\u021bia de control din cadrul Departamentului Control Lucr\u0103ri \u0219i au fost definite urm\u0103toarele responsabilit\u0103\u021bi:<\/p><ul><li>Identificarea, programarea \u0219i evaluarea lucr\u0103rilor majore cu Centrala la Putere cu suficient timp \u00een avans (3 ani) astfel \u00eenc\u00e2t s\u0103 se asigure ob\u021binerea documenta\u021biei tehnice, echipamentelor, pieselor de schimb sau materialelor cu ciclu lung de fabrica\u021bie \u0219i a resurselor umane necesare;<\/li><li>Elaborare \u0219i revizie documenta\u021bie aferent\u0103 Procesului de Planificare;<\/li><li>Coordonare \u0219i urm\u0103rire probleme tehnice cu impact deosebit, precum \u0219i urm\u0103rirea activit\u0103\u021bilor din procesul Top Ten;<\/li><li>Elaboare analize de gap WANO\/ INPO PO&amp;C \u0219i OSART, precum \u0219i analiza de performan\u021b\u0103 pentru procesul de planificare \u00een urma analizei OPEX-ului intern \u0219i extern;<\/li><li>Preg\u0103tire personal Departament Control Lucr\u0103ri;<\/li><li>Control indicatori de performan\u021b\u0103 din Central\u0103 prin integrarea unui sistem eficient de reac\u021bie care promoveaz\u0103 \u0219i asigur\u0103 \u00eembun\u0103t\u0103\u021birea continu\u0103 a proceselor.<\/li><\/ul><p><strong>Managementul Energetic<\/strong><\/p><p>\u00cen cadrul Departamentului Control Lucr\u0103ri activeaz\u0103 \u0219i Managerul Energetic (ME) al CNE Cernavoda, acesta fiind atestat de c\u0103tre ANRE\/ME \u0219i are \u00een responsabilitate:<\/p><ul><li>Prognoza, monitorizarea \u0219i raportarea datelor de produc\u021bie energie electric\u0103 \u0219i termic\u0103 pentru Unitatea 1 \u0219i Unitatea 2 Cernavoda c\u0103tre organismele de raportare (ANRE, ANDR, INS);<\/li><li>Comunicarea retragerii din func\u021bionare sau cuplarea mai devreme la Sistemul Energetic Na\u021bional a celor dou\u0103 unit\u0103\u021bi nucleare de producere a energiei electrice \u0219i termice;<\/li><li>Calculul indicatorilor de produc\u021bie specifici setului de Indicatori de Performan\u021b\u0103 CNE Cernavoda \u0219i raportarea lor responsabililor cu realizarea Rapoartelor lunare\/trimestriale\/anuale pe Central\u0103;<\/li><li>\u00cembun\u0103t\u0103\u021biri \u00een ceea ce prive\u0219te eficien\u021ba energetic\u0103 a celor 2 unit\u0103\u021bi (parte electric\u0103 sau termic\u0103).<\/li><\/ul><p>Managerul Energetic elaboreaz\u0103 cu un an \u00eenainte prognoza de energie electric\u0103 pentru cele dou\u0103 unit\u0103\u021bi, pe durata unui an, cu estimarea perioadei de oprire planificat\u0103 \u0219i durata acesteia \u0219i le transmite la SN Nuclearelectrica \u0219i spre \u00een\u0219tiin\u021bare Dispeceratului Energetic Na\u021bional (DEN). \u00cen plus, conform conven\u021biei \u00eencheiate \u0219i a regulamentelor \u00een vigoare privind func\u021bionarea \u0219i conducerea operativ\u0103 a CNE Cernavoda \u00een cadrul Sistemului Energetic Na\u021bional (SEN), CNE Cernavoda transmite c\u0103tre DEN cerere pentru scoatere din func\u021biune a unit\u0103\u021bii care urmeaz\u0103 a fi oprite \u0219i cerere de sincronizare la SEN pentru aprobare (cu 72 ore \u00eenainte).<\/p>\t\t\t\t\t\t\t\t<\/div>\n\t\t\t\t<\/div>\n\t\t\t\t\t<\/div>\n\t\t<\/div>\n\t\t\t\t\t<\/div>\n\t\t<\/section>\n\t\t\t\t<\/div>\n\t\t","protected":false},"excerpt":{"rendered":"<p>MESAJUL INGINERULUI \u0218EF DCL \u201eProcesul de Planificare este unul din cele mai importante procese din Central\u0103 fiind cel care stabile\u0219te priorit\u0103\u021bile, ce trebuie f\u0103cut \u0219i c\u00e2nd trebuie f\u0103cut. Control\u0103m o activitate complex\u0103 \u00een care sunt implicate toate departamentele din Central\u0103. Astfel, prin intermediul Procesului de Planificare sunt coordonate toate activit\u0103\u021bile \u00een mod oportun \u0219i optim [&hellip;]<\/p>\n","protected":false},"author":2,"featured_media":0,"parent":13459,"menu_order":0,"comment_status":"closed","ping_status":"closed","template":"","meta":{"footnotes":""},"class_list":["post-14071","page","type-page","status-publish","hentry"],"_links":{"self":[{"href":"https:\/\/nuclearelectrica.ro\/cne\/wp-json\/wp\/v2\/pages\/14071","targetHints":{"allow":["GET"]}}],"collection":[{"href":"https:\/\/nuclearelectrica.ro\/cne\/wp-json\/wp\/v2\/pages"}],"about":[{"href":"https:\/\/nuclearelectrica.ro\/cne\/wp-json\/wp\/v2\/types\/page"}],"author":[{"embeddable":true,"href":"https:\/\/nuclearelectrica.ro\/cne\/wp-json\/wp\/v2\/users\/2"}],"replies":[{"embeddable":true,"href":"https:\/\/nuclearelectrica.ro\/cne\/wp-json\/wp\/v2\/comments?post=14071"}],"version-history":[{"count":7,"href":"https:\/\/nuclearelectrica.ro\/cne\/wp-json\/wp\/v2\/pages\/14071\/revisions"}],"predecessor-version":[{"id":15294,"href":"https:\/\/nuclearelectrica.ro\/cne\/wp-json\/wp\/v2\/pages\/14071\/revisions\/15294"}],"up":[{"embeddable":true,"href":"https:\/\/nuclearelectrica.ro\/cne\/wp-json\/wp\/v2\/pages\/13459"}],"wp:attachment":[{"href":"https:\/\/nuclearelectrica.ro\/cne\/wp-json\/wp\/v2\/media?parent=14071"}],"curies":[{"name":"wp","href":"https:\/\/api.w.org\/{rel}","templated":true}]}}