{"id":40440,"date":"2025-02-14T12:41:06","date_gmt":"2025-02-14T12:41:06","guid":{"rendered":"https:\/\/nuclearelectrica.ro\/info\/?page_id=40440"},"modified":"2025-02-14T12:41:06","modified_gmt":"2025-02-14T12:41:06","slug":"produced-and-managed-documents","status":"publish","type":"page","link":"https:\/\/nuclearelectrica.ro\/info\/en\/produced-and-managed-documents\/","title":{"rendered":"Produced and managed documents"},"content":{"rendered":"\t\t<div data-elementor-type=\"wp-page\" data-elementor-id=\"40440\" class=\"elementor elementor-40440\">\n\t\t\t\t\t\t<section class=\"elementor-section elementor-top-section elementor-element elementor-element-509041c elementor-section-boxed elementor-section-height-default elementor-section-height-default\" data-id=\"509041c\" data-element_type=\"section\">\n\t\t\t\t\t\t<div class=\"elementor-container elementor-column-gap-default\">\n\t\t\t\t\t<div class=\"elementor-column elementor-col-100 elementor-top-column elementor-element elementor-element-5f1baa7 top column-style-top\" data-id=\"5f1baa7\" data-element_type=\"column\">\n\t\t\t<div class=\"elementor-widget-wrap elementor-element-populated\">\n\t\t\t\t\t\t<div class=\"elementor-element elementor-element-5ee947b elementor-widget elementor-widget-text-editor\" data-id=\"5ee947b\" data-element_type=\"widget\" data-widget_type=\"text-editor.default\">\n\t\t\t\t<div class=\"elementor-widget-container\">\n\t\t\t\t\t\t\t\t\t<h2><strong>Lista categoriilor de documente de interes public si lista documentelor produse\/gestionate de Societatea Nationala Nuclearelectrica S.A., potrivit Legii nr. 544\/2001:<\/strong><\/h2><p><strong>\u00a0<\/strong><\/p><ul><li>actele normative care reglementeaz\u0103 organizarea \u015fi func\u0163ionarea companiei;<\/li><li>structura organizatoric\u0103;<\/li><li>documente care contin numele \u015fi prenumele persoanelor din conducerea companiei \u015fi ale func\u0163ionarilor responsabili cu difuzarea informa\u0163iilor publice;<\/li><li>documente care contin coordonatele de contact ale companiei, denumirea, sediul, numerele de telefon, fax, adresa de e-mail \u015fi adresa paginii de internet;<\/li><li>bugetul \u015fi bilan\u0163ul contabil;<\/li><li>raportul anual de activitate;<\/li><li>regulamentul de organizare \u015fi func\u0163ionare;<\/li><li>declara\u0163iile de avere \u015fi de interese;<\/li><li>anun\u0163urile privind organizarea, concursurilor pentru ocuparea posturilor vacante, precum \u015fi condi\u0163iile de participare \u015fi selec\u0163ie specifice potrivit legii;<\/li><li>anunturile privind programele de cariera pentru elevi si studenti-program de burse, program de internship;<\/li><li>documente care contin istoricul companiei;<\/li><li>documente care contin misiune, viziune, valori, slogan;<\/li><li>documente care contin profilul companiei;<\/li><li>documente care contin obiectivele companiei;<\/li><li>formularele aferente solicitarii de informatii conform Legii nr. 544\/2001 (Formular pentru solicitarea de informatii in baza Legii 544\/2001, Reclamatie administrativa in caz de refuz de trimitere a informatiilor solicitate in baza Legii 544\/2001; Reclamatie administrativa in caz de netrimitere in termen legal a raspunsului la solicitarea de informatii in baza Legii 544\/2001);<\/li><li>Autorizatie de functionare Unitatea 2 CNE Cernavoda 2013-2020<\/li><li>Autorizatie de functionare Unitatea 1 CNE Cernavoda 2013-2023<\/li><li>Lista informatiilor cu caracter public si cu caracter confidential din cadrul SNN SA<\/li><li>Codul de Conduita a salariatului din domeniul nuclear<\/li><li>Regulamentul Intern al Societatii Nationale Nuclearelectrica SA<\/li><li>Regulamentul de organizare si functionare a Societatii Nationale Nuclearelectrica SA<\/li><\/ul><ul><li>Programul de lucru din Unitatile SNN SA<\/li><li>Raport anual privind aplicarea Legii 544\/2001 avand ca obiect liberul acces la informatiile de interes public<\/li><li>Buletin informativ privind aplicarea Legii 544\/2001<\/li><li>Sistemul de management al companiei;<\/li><li>Rezultatele financiare ale companiei (situatii financiare, buget anual, indicatori financiari)<\/li><li>Rapoarte curente;<\/li><li>documente care contin informatii referitoare la Adunarea Generala a Actionarilor;<\/li><li>documente care contin informatii privind Consiliul de Administratie<\/li><li>documente care contin informatii privind comitetele consultative<\/li><li>Regulamente<\/li><li>Planul de administrare a companiei<\/li><li>Politica de remunerare<\/li><li>Actul constitutiv al companiei<\/li><li>Politicile companiei<\/li><li>programele \u015fi strategiile proprii;<\/li><li>documente care contin informa\u0163ii referitoare la achizi\u0163iile publice, organizate de c\u0103tre companie conform legisla\u0163iei \u00een vigoare;<\/li><li>documente care contin informatii referitoare la situatia sponsorizarilor acordate de companie;<\/li><li>comunicate de pres\u0103, buletine informative, bro\u015furi, pliante, afi\u015fe, ghiduri, privind activit\u0103\u0163ile societ\u0103\u021bii;<\/li><li>materiale prezentate \u00een cadrul conferin\u0163elor de pres\u0103 \u015fi declara\u0163ii de pres\u0103;<\/li><li>documente care contin lista cu informa\u0163iile de mediu gestionate de unitate;<\/li><li>materiale privind desf\u0103\u015furarea unor campanii de informare public\u0103;<\/li><li>Licente: Licenta exploatare comerciala a capacitate de productie energie electrica, Licenta furnizare, Licenta producere energie termica;<\/li><li>Contracte<\/li><li>Facturi;<\/li><li>Rapoarte: ANRE, INSSE, BVB, BNR (cercetare statistica), Rapoarte interne (SCIM, Autoevaluare);<\/li><li>Declaratie ANAF (Declaratia 089);<\/li><li>Registre: Facturi, Garantii, Reclamatii, Registru evaluare parteneri_anticoruptie, registru cereri_invitatii oferta_achizitie furnizare, Registrul Riscurilor;<\/li><li>Strategia de vanzari;<\/li><li>Declaratia FURNIZORULUI\/TRADERULUI de Energie Electrica pentru realizarea etichetarii energiei electrice.<\/li><li>raspunsuri solicitari interne sau externe primite de la terti.<\/li><li>Legi si Acte normative care reglementeaza desfasurarea activitatilor in domeniul nuclear<\/li><li>Autorizatii pentru desfasurarea activitatilor in domeniul nuclear<\/li><li>Autorizatii de mediu<\/li><li>Protocolul de comunicare cu\u00a0 Ministerul Mediului<\/li><li>Declaratia angajamentului conducerii fata de securitatea nucleara<\/li><li>Politicile Societatii in domeniile: Securitate nucleara, protectia mediului<\/li><li>Raport anual privind programului de etica si conformitate.<\/li><li>Rapoarte de investigatie.<\/li><li>Documente de evaluare de aspect de Securitate nucleara la CNE Cernavoda<\/li><li>Sarcini speciale de raportare si intocmire documente pentru Grupuri de Lucru.<\/li><li>Documente referitoare la programele reactor SMR,<\/li><li>Prezentare investitori (aferenta situatiilor financiare individuale preliminare, trimestriale, semestriale, anuale);<\/li><li>Raport trimestrial privind activitatea economic \u2013 financiara cf Legii nr 24\/2017;<\/li><li>Adrese si formulari de raspunsuri pentru adrese;<\/li><li>Raport privind procedurile agreate in legatura cu indicatorii de performanta pentru management (trimestrial<\/li><li>Raport privind procedurile agreate in legatura cu indicatorii financiari conform contractului de credit EURATOM (semestrial, anual)<\/li><li>Raport independent de asigurare limitata asupra informatiilor cuprinse in Rapoartele Curente<\/li><li>Raport de revizuire a situatii financiare individuale\/consolidateconsolidate (semestrial);<\/li><li>Raport cu privire la auditul situatiilor financiare individuale\/consolidate (anual);<\/li><li>Documente derulare contract (raport de activitate; raport constatator; proces verbal recep\u021bie servicii\/produse; cerere de actualizare aplica\u021bie informatic\u0103; not\u0103 de necesitate actualizare aplica\u021bie informatic\u0103.)<\/li><li>Documente aferente procedurilor de achizi\u021bii publice (Not\u0103 de evaluare valoare estimat\u0103; Referat de necesitate; Caiet de sarcini; Raport evaluare tehnica)<\/li><li>Raport\u0103ri<\/li><li>Proceduri<\/li><li>Fi\u0219\u0103 proces<\/li><li>Angajament de confiden\u021bialitate;<\/li><li>cerere de configurare\/reconfigurare drepturi de utilizare infrastructur\u0103 IT<\/li><li>Lista software-urilor de aplica\u021bii \u0219i a utilitarelor folosite<\/li><li>Documentele sistemului de management (Manualul sistemului de management, Fise de proces, Proceduri, Declaratii de politica)<\/li><li>Raportari elaborate conform cerintelor legale si procedurilor proprii<\/li><li>Dosarul de audit \/ inspectie (inclusiv documentele si inregistrarile verificate \/ evaluate in cadrul auditurilor si inspectiilor)<\/li><li>Autorizatii<\/li><li>Acte procesuale pentru apararea intereselor SNN in fata instantelor de judecata si in fata organismelor administrativ-jurisdictionale<\/li><li>Adrese si notificari (pre si post litigioase) pentru apararea intereselor SNN<\/li><li>Opinii si Puncte de vedere juridice<\/li><li>Rapoarte de analiza<\/li><li>Registru acte procedurale<\/li><li>Registru opinii juridice<\/li><li>Avize<\/li><li>Raportari autoevaluare pe compartiment<\/li><li>Stadii implementare proiecte<\/li><li>Servicii de consultanta necesare analizelor<\/li><li>Note pentru Consiliul de Administratie<\/li><li>Minute de sedinte<\/li><li>Clarificari<\/li><li>Registre de contabilitate<\/li><li>Fise de cont<\/li><li>Balanta de verificare<\/li><li>Bonuri de consum si de transfer<\/li><li>Documente referitoare la plati si incasari: ordine de plata, dispozitii de plata\/incasare, cecuri de numerar, chitante, extrase de cont<\/li><li>State de salarii<\/li><li>Documente referitoare la plata drepturilor de natura salariala si a viramentelor la bugetul de stat, bugetul asigurarilor sociale si fondurilor speciale<\/li><li>Declaratii fiscale<\/li><li>Documente referitoare la inventarierea patrimoniului.<\/li><li>Prezentare investitori (aferenta situatiilor financiare individuale preliminare, trimestriale, semestriale, anuale);<\/li><li>Raportul Directorilor (trimestrial);<\/li><li>Raport trimestrial privind activitatea economic \u2013 financiara cf Legii nr 24\/2017;<\/li><li>Procese \u2013 Verbale de predare\/primire documente;<\/li><li>Adrese si formulari de raspunsuri pentru adrese;<\/li><li>Raport privind procedurile agreate in legatura cu indicatorii de performanta pentru management (trimestrial);<\/li><li>Raport privind procedurile agreate in legatura cu indicatorii financiari conform contractului de credit EURATOM (semestrial, anual);<\/li><li>Raport independent de asigurare limitata asupra informatiilor cuprinse in Rapoartele Curente;<\/li><li>Raport de revizuire a situatii financiare individuale\/consolidateconsolidate (semestrial);<\/li><li>Raport cu privire la auditul situatiilor financiare individuale\/consolidate (anual);<\/li><\/ul>\t\t\t\t\t\t\t\t<\/div>\n\t\t\t\t<\/div>\n\t\t\t\t\t<\/div>\n\t\t<\/div>\n\t\t\t\t\t<\/div>\n\t\t<\/section>\n\t\t\t\t<\/div>\n\t\t","protected":false},"excerpt":{"rendered":"<p>Lista categoriilor de documente de interes public si lista documentelor produse\/gestionate de Societatea Nationala Nuclearelectrica S.A., potrivit Legii nr. 544\/2001: \u00a0 actele normative care reglementeaz\u0103 organizarea \u015fi func\u0163ionarea companiei; structura organizatoric\u0103; documente care contin numele \u015fi prenumele persoanelor din conducerea companiei \u015fi ale func\u0163ionarilor responsabili cu difuzarea informa\u0163iilor publice; documente care contin coordonatele de contact [&hellip;]<\/p>\n","protected":false},"author":2,"featured_media":0,"parent":0,"menu_order":0,"comment_status":"closed","ping_status":"closed","template":"","meta":{"footnotes":""},"class_list":["post-40440","page","type-page","status-publish","hentry"],"_links":{"self":[{"href":"https:\/\/nuclearelectrica.ro\/info\/wp-json\/wp\/v2\/pages\/40440","targetHints":{"allow":["GET"]}}],"collection":[{"href":"https:\/\/nuclearelectrica.ro\/info\/wp-json\/wp\/v2\/pages"}],"about":[{"href":"https:\/\/nuclearelectrica.ro\/info\/wp-json\/wp\/v2\/types\/page"}],"author":[{"embeddable":true,"href":"https:\/\/nuclearelectrica.ro\/info\/wp-json\/wp\/v2\/users\/2"}],"replies":[{"embeddable":true,"href":"https:\/\/nuclearelectrica.ro\/info\/wp-json\/wp\/v2\/comments?post=40440"}],"version-history":[{"count":1,"href":"https:\/\/nuclearelectrica.ro\/info\/wp-json\/wp\/v2\/pages\/40440\/revisions"}],"predecessor-version":[{"id":40441,"href":"https:\/\/nuclearelectrica.ro\/info\/wp-json\/wp\/v2\/pages\/40440\/revisions\/40441"}],"wp:attachment":[{"href":"https:\/\/nuclearelectrica.ro\/info\/wp-json\/wp\/v2\/media?parent=40440"}],"curies":[{"name":"wp","href":"https:\/\/api.w.org\/{rel}","templated":true}]}}