{"id":14195,"date":"2024-10-28T16:49:47","date_gmt":"2024-10-28T16:49:47","guid":{"rendered":"https:\/\/nuclearelectrica.ro\/ir\/?page_id=14195"},"modified":"2025-02-13T13:11:24","modified_gmt":"2025-02-13T13:11:24","slug":"strategie-si-politici","status":"publish","type":"page","link":"https:\/\/nuclearelectrica.ro\/ir\/esg\/strategie-si-politici\/","title":{"rendered":"Strategie \u0219i politici"},"content":{"rendered":"\t\t<div data-elementor-type=\"wp-page\" data-elementor-id=\"14195\" class=\"elementor elementor-14195\">\n\t\t\t\t\t\t<section class=\"elementor-section elementor-top-section elementor-element elementor-element-e800921 elementor-section-full_width elementor-section-height-default elementor-section-height-default\" data-id=\"e800921\" data-element_type=\"section\">\n\t\t\t\t\t\t<div class=\"elementor-container elementor-column-gap-default\">\n\t\t\t\t\t<div class=\"elementor-column elementor-col-100 elementor-top-column elementor-element elementor-element-cf30cad top column-style-top\" data-id=\"cf30cad\" data-element_type=\"column\">\n\t\t\t<div class=\"elementor-widget-wrap elementor-element-populated\">\n\t\t\t\t\t\t<div class=\"elementor-element elementor-element-f830dfb elementor-widget elementor-widget-image\" data-id=\"f830dfb\" data-element_type=\"widget\" data-widget_type=\"image.default\">\n\t\t\t\t<div class=\"elementor-widget-container\">\n\t\t\t\t\t\t\t\t\t\t\t\t\t\t\t<img fetchpriority=\"high\" decoding=\"async\" width=\"1920\" height=\"283\" src=\"https:\/\/nuclearelectrica.ro\/ir\/wp-content\/uploads\/sites\/3\/2024\/10\/SNN_ptSITE_IR_bana_ESG_20241022.jpg\" class=\"attachment-full size-full wp-image-14197\" alt=\"\" srcset=\"https:\/\/nuclearelectrica.ro\/ir\/wp-content\/uploads\/sites\/3\/2024\/10\/SNN_ptSITE_IR_bana_ESG_20241022.jpg 1920w, https:\/\/nuclearelectrica.ro\/ir\/wp-content\/uploads\/sites\/3\/2024\/10\/SNN_ptSITE_IR_bana_ESG_20241022-1024x151.jpg 1024w, https:\/\/nuclearelectrica.ro\/ir\/wp-content\/uploads\/sites\/3\/2024\/10\/SNN_ptSITE_IR_bana_ESG_20241022-768x113.jpg 768w, https:\/\/nuclearelectrica.ro\/ir\/wp-content\/uploads\/sites\/3\/2024\/10\/SNN_ptSITE_IR_bana_ESG_20241022-600x88.jpg 600w\" sizes=\"(max-width: 1920px) 100vw, 1920px\" \/>\t\t\t\t\t\t\t\t\t\t\t\t\t\t\t<\/div>\n\t\t\t\t<\/div>\n\t\t\t\t<section class=\"elementor-section elementor-inner-section elementor-element elementor-element-6c3214b relative elementor-section-boxed elementor-section-height-default elementor-section-height-default\" data-id=\"6c3214b\" data-element_type=\"section\">\n\t\t\t\t\t\t<div class=\"elementor-container elementor-column-gap-default\">\n\t\t\t\t\t<div class=\"elementor-column elementor-col-100 elementor-inner-column elementor-element elementor-element-3e6981e elementor-container top column-style-top\" data-id=\"3e6981e\" data-element_type=\"column\">\n\t\t\t<div class=\"elementor-widget-wrap elementor-element-populated\">\n\t\t\t\t\t\t<div class=\"elementor-element elementor-element-ab26762 elementor-widget__width-initial elementor-widget elementor-widget-heading\" data-id=\"ab26762\" data-element_type=\"widget\" data-widget_type=\"heading.default\">\n\t\t\t\t<div class=\"elementor-widget-container\">\n\t\t\t\t\t<h1 class=\"elementor-heading-title elementor-size-default\">Strategie <br>\n\u0219i politici<\/h1>\t\t\t\t<\/div>\n\t\t\t\t<\/div>\n\t\t\t\t\t<\/div>\n\t\t<\/div>\n\t\t\t\t\t<\/div>\n\t\t<\/section>\n\t\t\t\t\t<\/div>\n\t\t<\/div>\n\t\t\t\t\t<\/div>\n\t\t<\/section>\n\t\t\t\t<section class=\"elementor-section elementor-top-section elementor-element elementor-element-ce81261 elementor-section-boxed elementor-section-height-default elementor-section-height-default\" data-id=\"ce81261\" data-element_type=\"section\">\n\t\t\t\t\t\t<div class=\"elementor-container elementor-column-gap-default\">\n\t\t\t\t\t<div class=\"elementor-column elementor-col-100 elementor-top-column elementor-element elementor-element-84a7ac5 top column-style-top\" data-id=\"84a7ac5\" data-element_type=\"column\">\n\t\t\t<div class=\"elementor-widget-wrap elementor-element-populated\">\n\t\t\t\t\t\t<div class=\"elementor-element elementor-element-cb19450 elementor-widget elementor-widget-gva-tabs-content\" data-id=\"cb19450\" data-element_type=\"widget\" data-widget_type=\"gva-tabs-content.default\">\n\t\t\t\t<div class=\"elementor-widget-container\">\n\t\t\t\t\t\t\t<div class=\"gsc-tabs-content\" role=\"tablist\">\n\t\t\t<div class=\"tabs_wrapper\">\n\t\t\t\t\n\t\t\t\t<ul class=\"nav nav_tabs clearfix\">\n\t\t\t\t\t\t\t\t\t\t\t<li class=\"elementor-repeater-item-f337a7c\">\n\t\t\t\t\t\t\t<a class=\"active show\" data-toggle=\"tab\" href=\"#t3fz-0\">\n\t\t\t\t\t\t\t\t<span>Politica ESG<\/span>\n\t\t\t\t\t\t\t<\/a>\n\t\t\t\t\t\t<\/li>\n\t\t\t\t\t\t\t\t\t\t\t<li class=\"elementor-repeater-item-7d152fa\">\n\t\t\t\t\t\t\t<a class=\"\" data-toggle=\"tab\" href=\"#t3fz-1\">\n\t\t\t\t\t\t\t\t<span>Angajamentul privind respectarea drepturilor omului<\/span>\n\t\t\t\t\t\t\t<\/a>\n\t\t\t\t\t\t<\/li>\n\t\t\t\t\t\t\t\t\t\t\t<li class=\"elementor-repeater-item-938004c\">\n\t\t\t\t\t\t\t<a class=\"\" data-toggle=\"tab\" href=\"#t3fz-2\">\n\t\t\t\t\t\t\t\t<span>Angajamentul privind asigurarea protectiei mediului<\/span>\n\t\t\t\t\t\t\t<\/a>\n\t\t\t\t\t\t<\/li>\n\t\t\t\t\t\t\t\t\t\t\t<li class=\"elementor-repeater-item-82c5cfe\">\n\t\t\t\t\t\t\t<a class=\"\" data-toggle=\"tab\" href=\"#t3fz-3\">\n\t\t\t\t\t\t\t\t<span>Angajamentul fata de respectarea principiilor ESG<\/span>\n\t\t\t\t\t\t\t<\/a>\n\t\t\t\t\t\t<\/li>\n\t\t\t\t\t\t\t\t\t<\/ul>\n\t\t\t\t\n\n\t\t\t\t<div class=\"tab-content clearfix\">\n\t\t\t\t\t\t\t\t\t\t\t<div class=\"tab-pane fade in active show\" role=\"tabpanel\" id=\"t3fz-0\">\n\t\t\t\t\t\t\t\t\t\t\t\t\t\t<div class=\"tab-content-item no_image\">\n\t\t\t\t\t\t\t\t<a href=\"https:\/\/nuclearelectrica.ro\/ir\/wp-content\/uploads\/sites\/9\/2023\/07\/Politica-ESG_RO_20230310_.pdf\">Descarc\u0103 &#8211; Politica ESG<\/a>\t\t\t\t\t\t\t<\/div>\n\t\t\t\t\t\t<\/div>\n\t\t\t\t\t\n\t\t\t\t\t\t\t\t\t\t\t<div class=\"tab-pane fade in \" role=\"tabpanel\" id=\"t3fz-1\">\n\t\t\t\t\t\t\t\t\t\t\t\t\t\t<div class=\"tab-content-item no_image\">\n\t\t\t\t\t\t\t\t<p><a href=\"https:\/\/nuclearelectrica.ro\/ir\/wp-content\/uploads\/sites\/9\/2023\/07\/SNN_Angajament_Drepturile-omului_RO_20230530.pdf\">Descarc\u0103 &#8211; Angajamentul privind respectarea drepturilor omului<\/a><\/p>\t\t\t\t\t\t\t<\/div>\n\t\t\t\t\t\t<\/div>\n\t\t\t\t\t\n\t\t\t\t\t\t\t\t\t\t\t<div class=\"tab-pane fade in \" role=\"tabpanel\" id=\"t3fz-2\">\n\t\t\t\t\t\t\t\t\t\t\t\t\t\t<div class=\"tab-content-item no_image\">\n\t\t\t\t\t\t\t\t<a href=\"https:\/\/nuclearelectrica.ro\/ir\/wp-content\/uploads\/sites\/9\/2023\/07\/SNN_Angajament_Mediu_RO_20230531.pdf\">Descarc\u0103 &#8211; Angajamentul privind asigurarea protectiei mediului<\/a>\n\t\t\t\t\t\t\t<\/div>\n\t\t\t\t\t\t<\/div>\n\t\t\t\t\t\n\t\t\t\t\t\t\t\t\t\t\t<div class=\"tab-pane fade in \" role=\"tabpanel\" id=\"t3fz-3\">\n\t\t\t\t\t\t\t\t\t\t\t\t\t\t<div class=\"tab-content-item no_image\">\n\t\t\t\t\t\t\t\t<p><a href=\"https:\/\/nuclearelectrica.ro\/ir\/wp-content\/uploads\/sites\/9\/2023\/07\/SNN_Angajament_respectare-ESG_RO_20230530.pdf\">Descarc\u0103 &#8211; Angajamentul fata de respectarea principiilor ESG<\/a><\/p>\t\t\t\t\t\t\t<\/div>\n\t\t\t\t\t\t<\/div>\n\t\t\t\t\t\n\t\t\t\t\t\t\t\t\t<\/div>\n\t\t\t<\/div>\t\n\t\t<\/div>\n\n\t\t\t\t\t\t<\/div>\n\t\t\t\t<\/div>\n\t\t\t\t\t<\/div>\n\t\t<\/div>\n\t\t\t\t\t<\/div>\n\t\t<\/section>\n\t\t\t\t<\/div>\n\t\t","protected":false},"excerpt":{"rendered":"<p>Strategie \u0219i politici Politica ESG Angajamentul privind respectarea drepturilor omului Angajamentul privind asigurarea protectiei mediului Angajamentul fata de respectarea principiilor ESG Descarc\u0103 &#8211; Politica ESG Descarc\u0103 &#8211; Angajamentul privind respectarea drepturilor omului Descarc\u0103 &#8211; Angajamentul privind asigurarea protectiei mediului Descarc\u0103 &#8211; Angajamentul fata de respectarea principiilor ESG<\/p>\n","protected":false},"author":2,"featured_media":0,"parent":13651,"menu_order":0,"comment_status":"closed","ping_status":"closed","template":"","meta":{"footnotes":""},"class_list":["post-14195","page","type-page","status-publish","hentry"],"_links":{"self":[{"href":"https:\/\/nuclearelectrica.ro\/ir\/wp-json\/wp\/v2\/pages\/14195","targetHints":{"allow":["GET"]}}],"collection":[{"href":"https:\/\/nuclearelectrica.ro\/ir\/wp-json\/wp\/v2\/pages"}],"about":[{"href":"https:\/\/nuclearelectrica.ro\/ir\/wp-json\/wp\/v2\/types\/page"}],"author":[{"embeddable":true,"href":"https:\/\/nuclearelectrica.ro\/ir\/wp-json\/wp\/v2\/users\/2"}],"replies":[{"embeddable":true,"href":"https:\/\/nuclearelectrica.ro\/ir\/wp-json\/wp\/v2\/comments?post=14195"}],"version-history":[{"count":46,"href":"https:\/\/nuclearelectrica.ro\/ir\/wp-json\/wp\/v2\/pages\/14195\/revisions"}],"predecessor-version":[{"id":45248,"href":"https:\/\/nuclearelectrica.ro\/ir\/wp-json\/wp\/v2\/pages\/14195\/revisions\/45248"}],"up":[{"embeddable":true,"href":"https:\/\/nuclearelectrica.ro\/ir\/wp-json\/wp\/v2\/pages\/13651"}],"wp:attachment":[{"href":"https:\/\/nuclearelectrica.ro\/ir\/wp-json\/wp\/v2\/media?parent=14195"}],"curies":[{"name":"wp","href":"https:\/\/api.w.org\/{rel}","templated":true}]}}