{"id":14222,"date":"2024-10-28T17:01:20","date_gmt":"2024-10-28T17:01:20","guid":{"rendered":"https:\/\/nuclearelectrica.ro\/ir\/?page_id=14222"},"modified":"2026-04-17T12:10:08","modified_gmt":"2026-04-17T12:10:08","slug":"rapoarte-pe-ani","status":"publish","type":"page","link":"https:\/\/nuclearelectrica.ro\/ir\/esg\/rapoarte-pe-ani\/","title":{"rendered":"Rapoarte pe ani"},"content":{"rendered":"\t\t<div data-elementor-type=\"wp-page\" data-elementor-id=\"14222\" class=\"elementor elementor-14222\">\n\t\t\t\t\t\t<section class=\"elementor-section elementor-top-section elementor-element elementor-element-e800921 elementor-section-full_width elementor-section-height-default elementor-section-height-default\" data-id=\"e800921\" data-element_type=\"section\">\n\t\t\t\t\t\t<div class=\"elementor-container elementor-column-gap-default\">\n\t\t\t\t\t<div class=\"elementor-column elementor-col-100 elementor-top-column elementor-element elementor-element-cf30cad top column-style-top\" data-id=\"cf30cad\" data-element_type=\"column\">\n\t\t\t<div class=\"elementor-widget-wrap elementor-element-populated\">\n\t\t\t\t\t\t<div class=\"elementor-element elementor-element-f830dfb elementor-widget elementor-widget-image\" data-id=\"f830dfb\" data-element_type=\"widget\" data-widget_type=\"image.default\">\n\t\t\t\t<div class=\"elementor-widget-container\">\n\t\t\t\t\t\t\t\t\t\t\t\t\t\t\t<img fetchpriority=\"high\" decoding=\"async\" width=\"1920\" height=\"283\" src=\"https:\/\/nuclearelectrica.ro\/ir\/wp-content\/uploads\/sites\/3\/2024\/10\/SNN_ptSITE_IR_bana_ESG_20241022.jpg\" class=\"attachment-full size-full wp-image-14197\" alt=\"\" srcset=\"https:\/\/nuclearelectrica.ro\/ir\/wp-content\/uploads\/sites\/3\/2024\/10\/SNN_ptSITE_IR_bana_ESG_20241022.jpg 1920w, https:\/\/nuclearelectrica.ro\/ir\/wp-content\/uploads\/sites\/3\/2024\/10\/SNN_ptSITE_IR_bana_ESG_20241022-1024x151.jpg 1024w, https:\/\/nuclearelectrica.ro\/ir\/wp-content\/uploads\/sites\/3\/2024\/10\/SNN_ptSITE_IR_bana_ESG_20241022-768x113.jpg 768w, https:\/\/nuclearelectrica.ro\/ir\/wp-content\/uploads\/sites\/3\/2024\/10\/SNN_ptSITE_IR_bana_ESG_20241022-600x88.jpg 600w\" sizes=\"(max-width: 1920px) 100vw, 1920px\" \/>\t\t\t\t\t\t\t\t\t\t\t\t\t\t\t<\/div>\n\t\t\t\t<\/div>\n\t\t\t\t<section class=\"elementor-section elementor-inner-section elementor-element elementor-element-6c3214b relative elementor-section-boxed elementor-section-height-default elementor-section-height-default\" data-id=\"6c3214b\" data-element_type=\"section\">\n\t\t\t\t\t\t<div class=\"elementor-container elementor-column-gap-default\">\n\t\t\t\t\t<div class=\"elementor-column elementor-col-100 elementor-inner-column elementor-element elementor-element-3e6981e elementor-container top column-style-top\" data-id=\"3e6981e\" data-element_type=\"column\">\n\t\t\t<div class=\"elementor-widget-wrap elementor-element-populated\">\n\t\t\t\t\t\t<div class=\"elementor-element elementor-element-ab26762 elementor-widget__width-initial elementor-widget elementor-widget-heading\" data-id=\"ab26762\" data-element_type=\"widget\" data-widget_type=\"heading.default\">\n\t\t\t\t<div class=\"elementor-widget-container\">\n\t\t\t\t\t<h1 class=\"elementor-heading-title elementor-size-default\">Rapoarte pe ani<\/h1>\t\t\t\t<\/div>\n\t\t\t\t<\/div>\n\t\t\t\t\t<\/div>\n\t\t<\/div>\n\t\t\t\t\t<\/div>\n\t\t<\/section>\n\t\t\t\t\t<\/div>\n\t\t<\/div>\n\t\t\t\t\t<\/div>\n\t\t<\/section>\n\t\t\t\t<section class=\"elementor-section elementor-top-section elementor-element elementor-element-78b07a2 elementor-section-boxed elementor-section-height-default elementor-section-height-default\" data-id=\"78b07a2\" data-element_type=\"section\">\n\t\t\t\t\t\t<div class=\"elementor-container elementor-column-gap-default\">\n\t\t\t\t\t<div class=\"elementor-column elementor-col-100 elementor-top-column elementor-element elementor-element-2c639ba top column-style-top\" data-id=\"2c639ba\" data-element_type=\"column\">\n\t\t\t<div class=\"elementor-widget-wrap elementor-element-populated\">\n\t\t\t\t\t\t<div class=\"elementor-element elementor-element-e842987 elementor-widget elementor-widget-gva-tabs-content\" data-id=\"e842987\" data-element_type=\"widget\" data-widget_type=\"gva-tabs-content.default\">\n\t\t\t\t<div class=\"elementor-widget-container\">\n\t\t\t\t\t\t\t<div class=\"gsc-tabs-content\" role=\"tablist\">\n\t\t\t<div class=\"tabs_wrapper\">\n\t\t\t\t\n\t\t\t\t<ul class=\"nav nav_tabs clearfix\">\n\t\t\t\t\t\t\t\t\t\t\t<li class=\"elementor-repeater-item-f337a7c\">\n\t\t\t\t\t\t\t<a class=\"active show\" data-toggle=\"tab\" href=\"#d5k0-0\">\n\t\t\t\t\t\t\t\t<span>2025<\/span>\n\t\t\t\t\t\t\t<\/a>\n\t\t\t\t\t\t<\/li>\n\t\t\t\t\t\t\t\t\t\t\t<li class=\"elementor-repeater-item-846cb60\">\n\t\t\t\t\t\t\t<a class=\"\" data-toggle=\"tab\" href=\"#d5k0-1\">\n\t\t\t\t\t\t\t\t<span>2024<\/span>\n\t\t\t\t\t\t\t<\/a>\n\t\t\t\t\t\t<\/li>\n\t\t\t\t\t\t\t\t\t\t\t<li class=\"elementor-repeater-item-7b22392\">\n\t\t\t\t\t\t\t<a class=\"\" data-toggle=\"tab\" href=\"#d5k0-2\">\n\t\t\t\t\t\t\t\t<span>2023<\/span>\n\t\t\t\t\t\t\t<\/a>\n\t\t\t\t\t\t<\/li>\n\t\t\t\t\t\t\t\t\t\t\t<li class=\"elementor-repeater-item-7d152fa\">\n\t\t\t\t\t\t\t<a class=\"\" data-toggle=\"tab\" href=\"#d5k0-3\">\n\t\t\t\t\t\t\t\t<span>2022<\/span>\n\t\t\t\t\t\t\t<\/a>\n\t\t\t\t\t\t<\/li>\n\t\t\t\t\t\t\t\t\t\t\t<li class=\"elementor-repeater-item-938004c\">\n\t\t\t\t\t\t\t<a class=\"\" data-toggle=\"tab\" href=\"#d5k0-4\">\n\t\t\t\t\t\t\t\t<span>2021<\/span>\n\t\t\t\t\t\t\t<\/a>\n\t\t\t\t\t\t<\/li>\n\t\t\t\t\t\t\t\t\t\t\t<li class=\"elementor-repeater-item-82c5cfe\">\n\t\t\t\t\t\t\t<a class=\"\" data-toggle=\"tab\" href=\"#d5k0-5\">\n\t\t\t\t\t\t\t\t<span>2020<\/span>\n\t\t\t\t\t\t\t<\/a>\n\t\t\t\t\t\t<\/li>\n\t\t\t\t\t\t\t\t\t<\/ul>\n\t\t\t\t\n\n\t\t\t\t<div class=\"tab-content clearfix\">\n\t\t\t\t\t\t\t\t\t\t\t<div class=\"tab-pane fade in active show\" role=\"tabpanel\" id=\"d5k0-0\">\n\t\t\t\t\t\t\t\t\t\t\t\t\t\t<div class=\"tab-content-item no_image\">\n\t\t\t\t\t\t\t\t\t\t\t\t\t\t\t<\/div>\n\t\t\t\t\t\t<\/div>\n\t\t\t\t\t\n\t\t\t\t\t\t\t\t\t\t\t<div class=\"tab-pane fade in \" role=\"tabpanel\" id=\"d5k0-1\">\n\t\t\t\t\t\t\t\t\t\t\t\t\t\t<div class=\"tab-content-item no_image\">\n\t\t\t\t\t\t\t\t<p><a href=\"https:\/\/nuclearelectrica.ro\/ir\/wp-content\/uploads\/sites\/3\/2025\/05\/MACHETAT-SNN-Raport-de-sustenabilitate-2024_RO_20250530_pt-pdf.pdf\">Descarc\u0103 &#8211; Raport de Sustenabilitate 2024<\/a><\/p><p><a href=\"https:\/\/nuclearelectrica.ro\/ir\/wp-content\/uploads\/sites\/3\/2025\/05\/Raport-ISAE3000_SNN_Raport-durabilitate_2024_RO-semnat.pdf\">Raportul auditorului asupra Raportului de Sustenabilitate 2024<\/a><\/p>\t\t\t\t\t\t\t<\/div>\n\t\t\t\t\t\t<\/div>\n\t\t\t\t\t\n\t\t\t\t\t\t\t\t\t\t\t<div class=\"tab-pane fade in \" role=\"tabpanel\" id=\"d5k0-2\">\n\t\t\t\t\t\t\t\t\t\t\t\t\t\t<div class=\"tab-content-item no_image\">\n\t\t\t\t\t\t\t\t<p><a href=\"https:\/\/nuclearelectrica.ro\/ir\/wp-content\/uploads\/sites\/9\/2024\/04\/SNN-Raport-sustenabilitate_RO_150mic_20240426-1.pdf\">Descarc\u0103 &#8211; raport de Sustenabilitate 2023<\/a><\/p>\t\t\t\t\t\t\t<\/div>\n\t\t\t\t\t\t<\/div>\n\t\t\t\t\t\n\t\t\t\t\t\t\t\t\t\t\t<div class=\"tab-pane fade in \" role=\"tabpanel\" id=\"d5k0-3\">\n\t\t\t\t\t\t\t\t\t\t\t\t\t\t<div class=\"tab-content-item no_image\">\n\t\t\t\t\t\t\t\t<p><a href=\"https:\/\/nuclearelectrica.ro\/ir\/wp-content\/uploads\/sites\/9\/2023\/05\/ESG-Raport_RO_mic-1.pdf\">Descarc\u0103 &#8211; raport de Sustenabilitate 2022<\/a><\/p>\t\t\t\t\t\t\t<\/div>\n\t\t\t\t\t\t<\/div>\n\t\t\t\t\t\n\t\t\t\t\t\t\t\t\t\t\t<div class=\"tab-pane fade in \" role=\"tabpanel\" id=\"d5k0-4\">\n\t\t\t\t\t\t\t\t\t\t\t\t\t\t<div class=\"tab-content-item no_image\">\n\t\t\t\t\t\t\t\t<p><a href=\"https:\/\/nuclearelectrica.ro\/ir\/wp-content\/uploads\/sites\/9\/2023\/05\/RO2021-1.pdf\">Descarc\u0103 &#8211; raport de Sustenabilitate 2021<\/a><\/p>\t\t\t\t\t\t\t<\/div>\n\t\t\t\t\t\t<\/div>\n\t\t\t\t\t\n\t\t\t\t\t\t\t\t\t\t\t<div class=\"tab-pane fade in \" role=\"tabpanel\" id=\"d5k0-5\">\n\t\t\t\t\t\t\t\t\t\t\t\t\t\t<div class=\"tab-content-item no_image\">\n\t\t\t\t\t\t\t\t<p><a href=\"https:\/\/nuclearelectrica.ro\/ir\/wp-content\/uploads\/sites\/9\/2023\/05\/TO-2020-1.pdf\">Descarc\u0103 &#8211; raport de Sustenabilitate 2020<\/a><\/p>\t\t\t\t\t\t\t<\/div>\n\t\t\t\t\t\t<\/div>\n\t\t\t\t\t\n\t\t\t\t\t\t\t\t\t<\/div>\n\t\t\t<\/div>\t\n\t\t<\/div>\n\n\t\t\t\t\t\t<\/div>\n\t\t\t\t<\/div>\n\t\t\t\t\t<\/div>\n\t\t<\/div>\n\t\t\t\t\t<\/div>\n\t\t<\/section>\n\t\t\t\t<section class=\"elementor-section elementor-top-section elementor-element elementor-element-ac4ccac elementor-section-boxed elementor-section-height-default elementor-section-height-default\" data-id=\"ac4ccac\" data-element_type=\"section\">\n\t\t\t\t\t\t<div class=\"elementor-container elementor-column-gap-default\">\n\t\t\t\t\t<div class=\"elementor-column elementor-col-100 elementor-top-column elementor-element elementor-element-fea5e21 top column-style-top\" data-id=\"fea5e21\" data-element_type=\"column\">\n\t\t\t<div class=\"elementor-widget-wrap elementor-element-populated\">\n\t\t\t\t\t\t<div class=\"elementor-element elementor-element-a60f885 elementor-widget elementor-widget-text-editor\" data-id=\"a60f885\" data-element_type=\"widget\" data-widget_type=\"text-editor.default\">\n\t\t\t\t<div class=\"elementor-widget-container\">\n\t\t\t\t\t\t\t\t\t<p><a href=\"https:\/\/nuclearelectrica.ro\/ir\/wp-content\/uploads\/sites\/3\/2026\/04\/SNN-Raport-de-Sustenabilitate-2025_RO_20260416.pdf\">Raport de Sustenabilitate 2025<\/a><\/p><p><a href=\"https:\/\/nuclearelectrica.ro\/ir\/wp-content\/uploads\/sites\/3\/2026\/04\/Raport-auditor-semnat.pdf\">Raportul auditorului asupra Raportului de Sustenabilitate 2025<\/a><\/p>\t\t\t\t\t\t\t\t<\/div>\n\t\t\t\t<\/div>\n\t\t\t\t\t<\/div>\n\t\t<\/div>\n\t\t\t\t\t<\/div>\n\t\t<\/section>\n\t\t\t\t<\/div>\n\t\t","protected":false},"excerpt":{"rendered":"<p>Rapoarte pe ani 2025 2024 2023 2022 2021 2020 Descarc\u0103 &#8211; Raport de Sustenabilitate 2024 Raportul auditorului asupra Raportului de Sustenabilitate 2024 Descarc\u0103 &#8211; raport de Sustenabilitate 2023 Descarc\u0103 &#8211; raport de Sustenabilitate 2022 Descarc\u0103 &#8211; raport de Sustenabilitate 2021 Descarc\u0103 &#8211; raport de Sustenabilitate 2020 Raport de Sustenabilitate 2025 Raportul auditorului asupra Raportului de [&hellip;]<\/p>\n","protected":false},"author":2,"featured_media":0,"parent":13651,"menu_order":0,"comment_status":"closed","ping_status":"closed","template":"","meta":{"footnotes":""},"class_list":["post-14222","page","type-page","status-publish","hentry"],"_links":{"self":[{"href":"https:\/\/nuclearelectrica.ro\/ir\/wp-json\/wp\/v2\/pages\/14222","targetHints":{"allow":["GET"]}}],"collection":[{"href":"https:\/\/nuclearelectrica.ro\/ir\/wp-json\/wp\/v2\/pages"}],"about":[{"href":"https:\/\/nuclearelectrica.ro\/ir\/wp-json\/wp\/v2\/types\/page"}],"author":[{"embeddable":true,"href":"https:\/\/nuclearelectrica.ro\/ir\/wp-json\/wp\/v2\/users\/2"}],"replies":[{"embeddable":true,"href":"https:\/\/nuclearelectrica.ro\/ir\/wp-json\/wp\/v2\/comments?post=14222"}],"version-history":[{"count":52,"href":"https:\/\/nuclearelectrica.ro\/ir\/wp-json\/wp\/v2\/pages\/14222\/revisions"}],"predecessor-version":[{"id":49767,"href":"https:\/\/nuclearelectrica.ro\/ir\/wp-json\/wp\/v2\/pages\/14222\/revisions\/49767"}],"up":[{"embeddable":true,"href":"https:\/\/nuclearelectrica.ro\/ir\/wp-json\/wp\/v2\/pages\/13651"}],"wp:attachment":[{"href":"https:\/\/nuclearelectrica.ro\/ir\/wp-json\/wp\/v2\/media?parent=14222"}],"curies":[{"name":"wp","href":"https:\/\/api.w.org\/{rel}","templated":true}]}}