{"id":14247,"date":"2024-10-28T17:16:47","date_gmt":"2024-10-28T17:16:47","guid":{"rendered":"https:\/\/nuclearelectrica.ro\/ir\/?page_id=14247"},"modified":"2026-01-15T08:50:38","modified_gmt":"2026-01-15T08:50:38","slug":"buget","status":"publish","type":"page","link":"https:\/\/nuclearelectrica.ro\/ir\/rezultate-financiare\/buget\/","title":{"rendered":"Buget"},"content":{"rendered":"\t\t<div data-elementor-type=\"wp-page\" data-elementor-id=\"14247\" class=\"elementor elementor-14247\">\n\t\t\t\t\t\t<section class=\"elementor-section elementor-top-section elementor-element elementor-element-e800921 elementor-section-full_width elementor-section-height-default elementor-section-height-default\" data-id=\"e800921\" data-element_type=\"section\">\n\t\t\t\t\t\t<div class=\"elementor-container elementor-column-gap-default\">\n\t\t\t\t\t<div class=\"elementor-column elementor-col-100 elementor-top-column elementor-element elementor-element-cf30cad top column-style-top\" data-id=\"cf30cad\" data-element_type=\"column\">\n\t\t\t<div class=\"elementor-widget-wrap elementor-element-populated\">\n\t\t\t\t\t\t<div class=\"elementor-element elementor-element-f830dfb elementor-widget elementor-widget-image\" data-id=\"f830dfb\" data-element_type=\"widget\" data-widget_type=\"image.default\">\n\t\t\t\t<div class=\"elementor-widget-container\">\n\t\t\t\t\t\t\t\t\t\t\t\t\t\t\t<img fetchpriority=\"high\" decoding=\"async\" width=\"1920\" height=\"283\" src=\"https:\/\/nuclearelectrica.ro\/ir\/wp-content\/uploads\/sites\/3\/2024\/10\/SNN_ptSITE_IR_pagini_bannere_05_Rezultate_20241018-1.jpg\" class=\"attachment-full size-full wp-image-14249\" alt=\"\" srcset=\"https:\/\/nuclearelectrica.ro\/ir\/wp-content\/uploads\/sites\/3\/2024\/10\/SNN_ptSITE_IR_pagini_bannere_05_Rezultate_20241018-1.jpg 1920w, https:\/\/nuclearelectrica.ro\/ir\/wp-content\/uploads\/sites\/3\/2024\/10\/SNN_ptSITE_IR_pagini_bannere_05_Rezultate_20241018-1-1024x151.jpg 1024w, https:\/\/nuclearelectrica.ro\/ir\/wp-content\/uploads\/sites\/3\/2024\/10\/SNN_ptSITE_IR_pagini_bannere_05_Rezultate_20241018-1-768x113.jpg 768w, https:\/\/nuclearelectrica.ro\/ir\/wp-content\/uploads\/sites\/3\/2024\/10\/SNN_ptSITE_IR_pagini_bannere_05_Rezultate_20241018-1-600x88.jpg 600w\" sizes=\"(max-width: 1920px) 100vw, 1920px\" \/>\t\t\t\t\t\t\t\t\t\t\t\t\t\t\t<\/div>\n\t\t\t\t<\/div>\n\t\t\t\t<section class=\"elementor-section elementor-inner-section elementor-element elementor-element-6c3214b relative elementor-section-boxed elementor-section-height-default elementor-section-height-default\" data-id=\"6c3214b\" data-element_type=\"section\">\n\t\t\t\t\t\t<div class=\"elementor-container elementor-column-gap-default\">\n\t\t\t\t\t<div class=\"elementor-column elementor-col-100 elementor-inner-column elementor-element elementor-element-3e6981e elementor-container top column-style-top\" data-id=\"3e6981e\" data-element_type=\"column\">\n\t\t\t<div class=\"elementor-widget-wrap elementor-element-populated\">\n\t\t\t\t\t\t<div class=\"elementor-element elementor-element-ab26762 elementor-widget__width-initial elementor-widget elementor-widget-heading\" data-id=\"ab26762\" data-element_type=\"widget\" data-widget_type=\"heading.default\">\n\t\t\t\t<div class=\"elementor-widget-container\">\n\t\t\t\t\t<h1 class=\"elementor-heading-title elementor-size-default\">Buget<\/h1>\t\t\t\t<\/div>\n\t\t\t\t<\/div>\n\t\t\t\t\t<\/div>\n\t\t<\/div>\n\t\t\t\t\t<\/div>\n\t\t<\/section>\n\t\t\t\t\t<\/div>\n\t\t<\/div>\n\t\t\t\t\t<\/div>\n\t\t<\/section>\n\t\t\t\t<section class=\"elementor-section elementor-top-section elementor-element elementor-element-78b07a2 elementor-section-boxed elementor-section-height-default elementor-section-height-default\" data-id=\"78b07a2\" data-element_type=\"section\">\n\t\t\t\t\t\t<div class=\"elementor-container elementor-column-gap-default\">\n\t\t\t\t\t<div class=\"elementor-column elementor-col-100 elementor-top-column elementor-element elementor-element-2c639ba top column-style-top\" data-id=\"2c639ba\" data-element_type=\"column\">\n\t\t\t<div class=\"elementor-widget-wrap elementor-element-populated\">\n\t\t\t\t\t\t<div class=\"elementor-element elementor-element-449a70c elementor-widget elementor-widget-heading\" data-id=\"449a70c\" data-element_type=\"widget\" data-widget_type=\"heading.default\">\n\t\t\t\t<div class=\"elementor-widget-container\">\n\t\t\t\t\t<h2 class=\"elementor-heading-title elementor-size-default\">Auditorul financiar al SNN este firma PKF FINCONTA SRL<\/h2>\t\t\t\t<\/div>\n\t\t\t\t<\/div>\n\t\t\t\t<div class=\"elementor-element elementor-element-e842987 elementor-widget elementor-widget-gva-tabs-content\" data-id=\"e842987\" data-element_type=\"widget\" data-widget_type=\"gva-tabs-content.default\">\n\t\t\t\t<div class=\"elementor-widget-container\">\n\t\t\t\t\t\t\t<div class=\"gsc-tabs-content\" role=\"tablist\">\n\t\t\t<div class=\"tabs_wrapper\">\n\t\t\t\t\n\t\t\t\t<ul class=\"nav nav_tabs clearfix\">\n\t\t\t\t\t\t\t\t\t\t\t<li class=\"elementor-repeater-item-7d152fa\">\n\t\t\t\t\t\t\t<a class=\"active show\" data-toggle=\"tab\" href=\"#qmz2-0\">\n\t\t\t\t\t\t\t\t<span>2026<\/span>\n\t\t\t\t\t\t\t<\/a>\n\t\t\t\t\t\t<\/li>\n\t\t\t\t\t\t\t\t\t\t\t<li class=\"elementor-repeater-item-d7161e0\">\n\t\t\t\t\t\t\t<a class=\"\" data-toggle=\"tab\" href=\"#qmz2-1\">\n\t\t\t\t\t\t\t\t<span>2025<\/span>\n\t\t\t\t\t\t\t<\/a>\n\t\t\t\t\t\t<\/li>\n\t\t\t\t\t\t\t\t\t\t\t<li class=\"elementor-repeater-item-94dcec1\">\n\t\t\t\t\t\t\t<a class=\"\" data-toggle=\"tab\" href=\"#qmz2-2\">\n\t\t\t\t\t\t\t\t<span>2024<\/span>\n\t\t\t\t\t\t\t<\/a>\n\t\t\t\t\t\t<\/li>\n\t\t\t\t\t\t\t\t\t\t\t<li class=\"elementor-repeater-item-df84a5d\">\n\t\t\t\t\t\t\t<a class=\"\" data-toggle=\"tab\" href=\"#qmz2-3\">\n\t\t\t\t\t\t\t\t<span>2023<\/span>\n\t\t\t\t\t\t\t<\/a>\n\t\t\t\t\t\t<\/li>\n\t\t\t\t\t\t\t\t\t\t\t<li class=\"elementor-repeater-item-938004c\">\n\t\t\t\t\t\t\t<a class=\"\" data-toggle=\"tab\" href=\"#qmz2-4\">\n\t\t\t\t\t\t\t\t<span>2022<\/span>\n\t\t\t\t\t\t\t<\/a>\n\t\t\t\t\t\t<\/li>\n\t\t\t\t\t\t\t\t\t\t\t<li class=\"elementor-repeater-item-4ccf6d6\">\n\t\t\t\t\t\t\t<a class=\"\" data-toggle=\"tab\" href=\"#qmz2-5\">\n\t\t\t\t\t\t\t\t<span>2021<\/span>\n\t\t\t\t\t\t\t<\/a>\n\t\t\t\t\t\t<\/li>\n\t\t\t\t\t\t\t\t\t\t\t<li class=\"elementor-repeater-item-82c5cfe\">\n\t\t\t\t\t\t\t<a class=\"\" data-toggle=\"tab\" href=\"#qmz2-6\">\n\t\t\t\t\t\t\t\t<span>2020<\/span>\n\t\t\t\t\t\t\t<\/a>\n\t\t\t\t\t\t<\/li>\n\t\t\t\t\t\t\t\t\t\t\t<li class=\"elementor-repeater-item-f337a7c\">\n\t\t\t\t\t\t\t<a class=\"\" data-toggle=\"tab\" href=\"#qmz2-7\">\n\t\t\t\t\t\t\t\t<span>2019<\/span>\n\t\t\t\t\t\t\t<\/a>\n\t\t\t\t\t\t<\/li>\n\t\t\t\t\t\t\t\t\t\t\t<li class=\"elementor-repeater-item-5001ae4\">\n\t\t\t\t\t\t\t<a class=\"\" data-toggle=\"tab\" href=\"#qmz2-8\">\n\t\t\t\t\t\t\t\t<span>2018<\/span>\n\t\t\t\t\t\t\t<\/a>\n\t\t\t\t\t\t<\/li>\n\t\t\t\t\t\t\t\t\t<\/ul>\n\t\t\t\t\n\n\t\t\t\t<div class=\"tab-content clearfix\">\n\t\t\t\t\t\t\t\t\t\t\t<div class=\"tab-pane fade in active show\" role=\"tabpanel\" id=\"qmz2-0\">\n\t\t\t\t\t\t\t\t\t\t\t\t\t\t<div class=\"tab-content-item no_image\">\n\t\t\t\t\t\t\t\t\t\t\t\t\t\t\t<\/div>\n\t\t\t\t\t\t<\/div>\n\t\t\t\t\t\n\t\t\t\t\t\t\t\t\t\t\t<div class=\"tab-pane fade in \" role=\"tabpanel\" id=\"qmz2-1\">\n\t\t\t\t\t\t\t\t\t\t\t\t\t\t<div class=\"tab-content-item no_image\">\n\t\t\t\t\t\t\t\t<p><strong>Aprobarea\u00a0<\/strong>Bugetului de Venituri si Cheltuieli pentru anul 2025<strong>.<\/strong><\/p><p><a href=\"https:\/\/nuclearelectrica.ro\/ir\/wp-content\/uploads\/sites\/3\/2025\/03\/RO_NF_BVC-2025_AGA.pdf\">Nota\u00a0 privind fundamentarea proiectului de Buget de Venituri si Cheltuieli al S.N.\u201dNuclearelectrica\u201dS.A. pe anul 2025<\/a><\/p><p><a href=\"https:\/\/nuclearelectrica.ro\/ir\/wp-content\/uploads\/sites\/3\/2025\/03\/RO_Anexa-nr.1.pdf\">Anexa 1 \u2013 Bugetul de Venituri si Cheltuieli pe anul 2025\u00a0<\/a><\/p><p><a href=\"https:\/\/nuclearelectrica.ro\/ir\/wp-content\/uploads\/sites\/3\/2025\/03\/RO_Anexa-nr.2.pdf\">Anexa 2 \u2013 Detalierea indicatorilor economico-financiari prev\u0103zu\u0163i \u00een bugetul de venituri \u015fi cheltuieli \u0219i repartizarea pe trimestre a acestora<\/a><\/p><p><a href=\"https:\/\/nuclearelectrica.ro\/ir\/wp-content\/uploads\/sites\/3\/2025\/03\/RO_Anexa-nr.3.pdf\">Anexa 3 \u2013 Gradul de realizare a veniturilor totale<\/a><\/p><p><a href=\"https:\/\/nuclearelectrica.ro\/ir\/wp-content\/uploads\/sites\/3\/2025\/03\/RO_Anexa-nr.4.pdf\">Anexa 4 \u2013 Programul de investi\u0163ii, dot\u0103ri \u015fi sursele de finan\u0163are pentru anul 2025<\/a><\/p><p><a href=\"https:\/\/nuclearelectrica.ro\/ir\/wp-content\/uploads\/sites\/3\/2025\/03\/RO_Anexa-nr.4.1.pdf\">Anexa 4.1 \u2013 LISTA pozitiei \u201eDOTARI\u201d pe anul 2025<\/a><\/p><p><a href=\"https:\/\/nuclearelectrica.ro\/ir\/wp-content\/uploads\/sites\/3\/2025\/03\/RO_Anexa-nr.5.pdf\">Anexa 5 \u2013 M\u0103suri de \u00eembun\u0103t\u0103\u0163ire a rezultatului brut \u015fi reducere a pl\u0103\u0163ilor restante<\/a><\/p><p><a href=\"https:\/\/nuclearelectrica.ro\/ir\/wp-content\/uploads\/sites\/3\/2025\/03\/RO-SNN_Raport-curent-erata-BVC-2025-bvb-1.pdf\">Raport curent Erata privind Bugetul de Venituri si Cheltuieli pentru anul 2025<\/a><\/p><p><a href=\"https:\/\/nuclearelectrica.ro\/ir\/wp-content\/uploads\/sites\/3\/2025\/03\/RO_Anexa-nr.1_erata.pdf\">Anexa nr 1 \u2013 BUGETUL DE VENITURI \u015eI CHELTUIELI PE ANUL 2025 \u2013 erata<\/a><\/p><p><a href=\"https:\/\/nuclearelectrica.ro\/ir\/wp-content\/uploads\/sites\/3\/2025\/03\/RO_Anexa-nr.2_erata.pdf\">Anexa nr 2 \u2013 Detalierea indicatorilor economico-financiari prev\u0103zu\u0163i \u00een bugetul de venituri \u015fi cheltuieli \u0219i repartizarea pe trimestre a acestora \u2013 erata<\/a><\/p>\t\t\t\t\t\t\t<\/div>\n\t\t\t\t\t\t<\/div>\n\t\t\t\t\t\n\t\t\t\t\t\t\t\t\t\t\t<div class=\"tab-pane fade in \" role=\"tabpanel\" id=\"qmz2-2\">\n\t\t\t\t\t\t\t\t\t\t\t\t\t\t<div class=\"tab-content-item no_image\">\n\t\t\t\t\t\t\t\t<p><strong><a href=\"https:\/\/nuclearelectrica.ro\/ir\/wp-content\/uploads\/sites\/9\/2024\/01\/SNN_RO_NF_BVC-2024_AGA.pdf\" data-slimstat=\"3\">Aprobarea Bugetului de Venituri si Cheltuieli pentru anul 2024.<\/a><\/strong><\/p><p>Anexa 1 \u2013\u00a0<a href=\"https:\/\/nuclearelectrica.ro\/ir\/wp-content\/uploads\/sites\/9\/2024\/01\/SNN_RO_Anexa-1_BVC-2024.pdf\" data-slimstat=\"3\">BUGETUL DE VENITURI \u015eI CHELTUIELI PE ANUL 2024<\/a><\/p><p>Anexa 2 \u2013\u00a0<a href=\"https:\/\/nuclearelectrica.ro\/ir\/wp-content\/uploads\/sites\/9\/2024\/01\/SNN_RO_Anexa-2_BVC-2024.pdf\" data-slimstat=\"3\">Detalierea indicatorilor economico-financiari prev\u0103zu\u0163i \u00een bugetul de venituri \u015fi cheltuieli \u0219i repartizarea pe trimestre a acestora<\/a><\/p><p>Anexa 3 \u2013\u00a0<a href=\"https:\/\/nuclearelectrica.ro\/ir\/wp-content\/uploads\/sites\/9\/2024\/01\/SNN_RO_Anexa-3_BVC-2024.pdf\" data-slimstat=\"3\">Gradul de realizare a veniturilor totale<\/a><\/p><p>Anexa 4 \u2013\u00a0<a href=\"https:\/\/nuclearelectrica.ro\/ir\/wp-content\/uploads\/sites\/9\/2024\/01\/SNN_RO_Anexa-4_BVC-2024.pdf\" data-slimstat=\"3\">Programul de investi\u0163ii, dot\u0103ri \u015fi sursele de finan\u0163are<\/a><\/p><p>Anexa 4.1 \u2013\u00a0<a href=\"https:\/\/nuclearelectrica.ro\/ir\/wp-content\/uploads\/sites\/9\/2024\/01\/SNN_RO_Anexa-4.1_BVC-2024.pdf\" data-slimstat=\"3\">LISTA pozitiei \u201eDOTARI\u201d pe anul 2024<\/a><\/p><p>Anexa 5\u00a0 \u2013\u00a0<a href=\"https:\/\/nuclearelectrica.ro\/ir\/wp-content\/uploads\/sites\/9\/2024\/01\/SNN_RO_Anexa-5_BVC-2024.pdf\" data-slimstat=\"3\">M\u0103suri de \u00eembun\u0103t\u0103\u0163ire a rezultatului brut \u015fi reducere a pl\u0103\u0163ilor restante<\/a><\/p><p>Anexa 5 \u2013\u00a0<a href=\"https:\/\/nuclearelectrica.ro\/ir\/wp-content\/uploads\/sites\/9\/2024\/01\/RO_Anexa-5_clean_erata.pdf\" data-slimstat=\"3\">M\u0103suri de \u00eembun\u0103t\u0103\u0163ire a rezultatului brut \u015fi reducere a pl\u0103\u0163ilor restante \u2013 Erata<\/a><\/p><p><a href=\"https:\/\/nuclearelectrica.ro\/ir\/wp-content\/uploads\/sites\/9\/2024\/01\/RO-SNN_Raport-curent-erata-BVC-2024-bvb.pdf\" data-slimstat=\"3\">Raport Curent cu privire la erata privind Bugetul de Venituri si Cheltuieli pentru anul 2024<\/a><\/p>\t\t\t\t\t\t\t<\/div>\n\t\t\t\t\t\t<\/div>\n\t\t\t\t\t\n\t\t\t\t\t\t\t\t\t\t\t<div class=\"tab-pane fade in \" role=\"tabpanel\" id=\"qmz2-3\">\n\t\t\t\t\t\t\t\t\t\t\t\t\t\t<div class=\"tab-content-item no_image\">\n\t\t\t\t\t\t\t\t<p><a href=\"https:\/\/nuclearelectrica.ro\/ir\/wp-content\/uploads\/sites\/9\/2023\/01\/RO_SNN_Nota-fundamentare_BVC-2023_AGA.pdf\" data-slimstat=\"3\">Aprobarea Bugetului de Venituri si Cheltuieli pentru anul 2023.<\/a><\/p><p><a href=\"https:\/\/nuclearelectrica.ro\/ir\/wp-content\/uploads\/sites\/9\/2023\/01\/RO_Anexa-1-BVC-2023.pdf\" data-slimstat=\"3\">Anexa 1: BUGETUL DE VENITURI \u015eI CHELTUIELI PE ANUL 2023<\/a><\/p><p><a href=\"https:\/\/nuclearelectrica.ro\/ir\/wp-content\/uploads\/sites\/9\/2023\/01\/RO_Anexa-2-BVC-2023.pdf\" data-slimstat=\"3\">Anexa 2: Detalierea indicatorilor economico-financiari prev\u0103zu\u0163i \u00een bugetul de venituri \u015fi cheltuieli \u0219i repartizarea pe trimestre a acestora<\/a><\/p><p><a href=\"https:\/\/nuclearelectrica.ro\/ir\/wp-content\/uploads\/sites\/9\/2023\/01\/RO_Anexa-2-BVC-2023-1.pdf\" data-slimstat=\"3\">Anexa 2: Detalierea indicatorilor economico-financiari prev\u0103zu\u0163i \u00een bugetul de venituri \u015fi cheltuieli \u0219i repartizarea pe trimestre a acestora \u2013 Corectata\u00a0<\/a><\/p><p><a href=\"https:\/\/nuclearelectrica.ro\/ir\/wp-content\/uploads\/sites\/9\/2023\/01\/RO_Anexa-3-BVC-2023.pdf\" data-slimstat=\"3\">Anexa 3: Gradul de realizare a veniturilor totale<\/a><\/p><p><a href=\"https:\/\/nuclearelectrica.ro\/ir\/wp-content\/uploads\/sites\/9\/2023\/01\/RO_Anexa-4-BVC-2023.pdf\" data-slimstat=\"3\">Anexa 4: Programul de investi\u0163ii, dot\u0103ri \u015fi sursele de finan\u0163are<\/a><\/p><p><a href=\"https:\/\/nuclearelectrica.ro\/ir\/wp-content\/uploads\/sites\/9\/2023\/01\/RO_Anexa-4.1-BVC-2023.pdf\" data-slimstat=\"3\">Anexa 4.1: LISTA pozitiei \u201eDOTARI\u201d pe anul 2023<\/a><\/p><p><a href=\"https:\/\/nuclearelectrica.ro\/ir\/wp-content\/uploads\/sites\/9\/2023\/01\/RO_Anexa-5-BVC-2023.pdf\" data-slimstat=\"3\">Anexa 5: M\u0103suri de \u00eembun\u0103t\u0103\u0163ire a rezultatului brut \u015fi reducere a pl\u0103\u0163ilor restante<\/a><\/p>\t\t\t\t\t\t\t<\/div>\n\t\t\t\t\t\t<\/div>\n\t\t\t\t\t\n\t\t\t\t\t\t\t\t\t\t\t<div class=\"tab-pane fade in \" role=\"tabpanel\" id=\"qmz2-4\">\n\t\t\t\t\t\t\t\t\t\t\t\t\t\t<div class=\"tab-content-item no_image\">\n\t\t\t\t\t\t\t\t<p><a href=\"https:\/\/nuclearelectrica.ro\/ir\/wp-content\/uploads\/sites\/9\/2022\/01\/2022-01-17-SNN_RO_Nota-fundamentare_BVC-2022_AGA-1.pdf\" data-slimstat=\"3\">NOTA privind fundamentarea proiectului de Buget de Venituri si Cheltuieli al S.N.\u201dNuclearelectrica\u201dS.A. pe anul 2022<\/a><\/p><p><a href=\"https:\/\/nuclearelectrica.ro\/ir\/wp-content\/uploads\/sites\/9\/2022\/01\/2022-01-17-SNN_BVC-2022_A1.pdf\" data-slimstat=\"3\">Anexa 1: BUGETUL DE VENITURI \u015eI CHELTUIELI PE ANUL 2022<\/a><\/p><p><a href=\"https:\/\/nuclearelectrica.ro\/ir\/wp-content\/uploads\/sites\/9\/2022\/01\/2022-01-17-SNN_BVC-2022_A2.pdf\" data-slimstat=\"3\">Anexa 2: Detalierea indicatorilor economico-financiari prev\u0103zu\u0163i \u00een bugetul de venituri \u015fi cheltuieli \u0219i repartizarea pe trimestre a acestora<\/a><\/p><p><a href=\"https:\/\/nuclearelectrica.ro\/ir\/wp-content\/uploads\/sites\/9\/2022\/01\/2022-01-17-SNN_BVC-2022_A3.pdf\" data-slimstat=\"3\">Anexa 3: Gradul de realizare a veniturilor totale<\/a><\/p><p><a href=\"https:\/\/nuclearelectrica.ro\/ir\/wp-content\/uploads\/sites\/9\/2022\/01\/2022-01-17-SNN_BVC-2022_A4.pdf\" data-slimstat=\"3\">Anexa 4: Programul de investi\u0163ii, dot\u0103ri \u015fi sursele de finan\u0163are<\/a><\/p><p><a href=\"https:\/\/nuclearelectrica.ro\/ir\/wp-content\/uploads\/sites\/9\/2022\/01\/2022-01-17-SNN_BVC-2022_A4.1.pdf\" data-slimstat=\"3\">Anexa 4.1: Lista pozitiei \u201eDOTARI\u201d pe anul 2022<\/a><\/p><p><a href=\"https:\/\/nuclearelectrica.ro\/ir\/wp-content\/uploads\/sites\/9\/2022\/01\/2022-01-17-SNN_BVC-2022_A5.pdf\" data-slimstat=\"3\">Anexa 5: M\u0103suri de \u00eembun\u0103t\u0103\u0163ire a rezultatului brut \u015fi reducere a pl\u0103\u0163ilor restante<\/a><\/p>\t\t\t\t\t\t\t<\/div>\n\t\t\t\t\t\t<\/div>\n\t\t\t\t\t\n\t\t\t\t\t\t\t\t\t\t\t<div class=\"tab-pane fade in \" role=\"tabpanel\" id=\"qmz2-5\">\n\t\t\t\t\t\t\t\t\t\t\t\t\t\t<div class=\"tab-content-item no_image\">\n\t\t\t\t\t\t\t\t<p>Punctul 2 \u2013\u00a0<a href=\"https:\/\/nuclearelectrica.ro\/ir\/wp-content\/uploads\/sites\/9\/2021\/03\/SNN_Nota-fundamentare_BVC-2021_AGA_var1.pdf\" data-slimstat=\"3\">Aprobarea Bugetului de Venituri si Cheltuieli pentru anul 2021<\/a><\/p><p>Anexa 1 \u2013\u00a0<a href=\"https:\/\/nuclearelectrica.ro\/ir\/wp-content\/uploads\/sites\/9\/2021\/03\/BVC-2021_A1.pdf\" data-slimstat=\"3\">Bugetul de Venituri si Cheltuieli pe anul 2021 si estimari pentru anii 2022 si 2023<\/a><\/p><p>Anexa 2 \u2013\u00a0<a href=\"https:\/\/nuclearelectrica.ro\/ir\/wp-content\/uploads\/sites\/9\/2021\/03\/BVC-2021_A2.pdf\" data-slimstat=\"3\">Detalierea indicatorilor economico \u2013 financiari prevazuti in Bugetul de Venituri si Cheltuieli si repartizarea pe trimestre a acestora<\/a><\/p><p>Anexa 3 \u2013\u00a0<a href=\"https:\/\/nuclearelectrica.ro\/ir\/wp-content\/uploads\/sites\/9\/2021\/03\/BVC-2021_A3.pdf\" data-slimstat=\"3\">Gradul de realizare a veniturilor totale<\/a><\/p><p>Anexa 4 \u2013\u00a0<a href=\"https:\/\/nuclearelectrica.ro\/ir\/wp-content\/uploads\/sites\/9\/2021\/03\/BVC-2021_A4.pdf\" data-slimstat=\"3\">Programul de investitii<\/a><\/p><p>Anexa 4.1. \u2013\u00a0<a href=\"https:\/\/nuclearelectrica.ro\/ir\/wp-content\/uploads\/sites\/9\/2021\/03\/BVC-2021_A4.1.pdf\" data-slimstat=\"3\">Lista pozitiei \u201eDotari\u201d pentru anul 2021<\/a><\/p><p>Anexa 5 \u2013\u00a0<a href=\"https:\/\/nuclearelectrica.ro\/ir\/wp-content\/uploads\/sites\/9\/2021\/03\/BVC-2021_A5.pdf\" data-slimstat=\"3\">Masuri de imbunatatire a rezultatului brut si reducerea platilor restante<\/a><\/p>\t\t\t\t\t\t\t<\/div>\n\t\t\t\t\t\t<\/div>\n\t\t\t\t\t\n\t\t\t\t\t\t\t\t\t\t\t<div class=\"tab-pane fade in \" role=\"tabpanel\" id=\"qmz2-6\">\n\t\t\t\t\t\t\t\t\t\t\t\t\t\t<div class=\"tab-content-item no_image\">\n\t\t\t\t\t\t\t\t<p>Anexa 1 \u2013\u00a0<a href=\"https:\/\/nuclearelectrica.ro\/ir\/wp-content\/uploads\/sites\/9\/2020\/01\/Anexa-1.pdf\" data-slimstat=\"3\">Bugetul de venituri si cheltuieli pe anul 2020, conform\u00a0 eratei la Bugetul de Venituri si Cheltuieli pe anul 2020<\/a><\/p><p>Anexa 2 \u2013\u00a0<a href=\"https:\/\/nuclearelectrica.ro\/ir\/wp-content\/uploads\/sites\/9\/2020\/01\/Anexa-2.pdf\" data-slimstat=\"3\">Detalierea indicatorilor economico-financiari prev\u0103zu\u0163i \u00een bugetul de venituri \u015fi cheltuieli \u0219i repartizarea pe trimestre a acestora, conform eratei la Bugetul de Venituri si Cheltuieli pe anul 2020<\/a><\/p><p>Anexa 3 \u2013\u00a0<a href=\"https:\/\/nuclearelectrica.ro\/ir\/wp-content\/uploads\/sites\/9\/2020\/01\/Anexa-3.pdf\" data-slimstat=\"3\">Gradul de realizare a veniturilor totale<\/a><\/p><p>Anexa 4 \u2013\u00a0<a href=\"https:\/\/nuclearelectrica.ro\/ir\/wp-content\/uploads\/sites\/9\/2020\/01\/Anexa-4.pdf\" data-slimstat=\"3\">Programul de investitii, dotari si sursele de finantare<\/a><\/p><p>Anexa 4.1. \u2013\u00a0<a href=\"https:\/\/nuclearelectrica.ro\/ir\/wp-content\/uploads\/sites\/9\/2020\/01\/Anexa-4.1.pdf\" data-slimstat=\"3\">Lista pozitiei \u201eDotari\u201d pe anul 2020<\/a><\/p><p>Anexa 5 \u2013\u00a0<a href=\"https:\/\/nuclearelectrica.ro\/ir\/wp-content\/uploads\/sites\/9\/2020\/01\/Anexa-5.pdf\" data-slimstat=\"3\">Masuri de imbunatatire a rezultatului brut si reducere a platilor restante, conform eratei la Bugetul de Venituri si Cheltuieli pe anul 2020<\/a><\/p>\t\t\t\t\t\t\t<\/div>\n\t\t\t\t\t\t<\/div>\n\t\t\t\t\t\n\t\t\t\t\t\t\t\t\t\t\t<div class=\"tab-pane fade in \" role=\"tabpanel\" id=\"qmz2-7\">\n\t\t\t\t\t\t\t\t\t\t\t\t\t\t<div class=\"tab-content-item no_image\">\n\t\t\t\t\t\t\t\t<p><a href=\"https:\/\/nuclearelectrica.ro\/wp-content\/uploads\/2019\/04\/SNN_Nota-fundamentare_BVC-2019_AGA.docx.pdf\">Aprobarea Bugetului de Venituri si Cheltuieli pentru anul 2019<\/a><\/p><p><a href=\"https:\/\/nuclearelectrica.ro\/wp-content\/uploads\/2019\/04\/Anexa-1-BVC.pdf\">Bugetul de Venituri si Cheltuieli pe anul 2019<\/a><\/p><p><a href=\"https:\/\/nuclearelectrica.ro\/wp-content\/uploads\/2019\/04\/Anexa-2-BVC.pdf\">Detalierea indicatorilor economico-financiari prev\u0103zu\u0163i \u00een bugetul de venituri \u015fi cheltuieli \u0219i repartizarea pe trimestre a acestora<\/a><\/p><p><a href=\"https:\/\/nuclearelectrica.ro\/wp-content\/uploads\/2019\/04\/Anexa-3-BVC.pdf\">Gradul de realizare a veniturilor totale<\/a><\/p><p><a href=\"https:\/\/nuclearelectrica.ro\/wp-content\/uploads\/2019\/04\/Anexa-4-BVC.pdf\">Programul de investitii, dotari si sursele de finantare<\/a><\/p><p><a href=\"https:\/\/nuclearelectrica.ro\/wp-content\/uploads\/2019\/04\/Anexa-4.1-BVC.pdf\">Lista pozitiei \u201cDotari\u201d pentru anul 2019<\/a><\/p><p><a href=\"https:\/\/nuclearelectrica.ro\/wp-content\/uploads\/2019\/04\/Anexa-5-BVC.pdf\">Masuri de imbunatatire a rezultatului brut si reducere a platilor restante<\/a><\/p>\t\t\t\t\t\t\t<\/div>\n\t\t\t\t\t\t<\/div>\n\t\t\t\t\t\n\t\t\t\t\t\t\t\t\t\t\t<div class=\"tab-pane fade in \" role=\"tabpanel\" id=\"qmz2-8\">\n\t\t\t\t\t\t\t\t\t\t\t\t\t\t<div class=\"tab-content-item no_image\">\n\t\t\t\t\t\t\t\t<p>Bugetul de venituri si cheltuieli 2018 aprobat in AGA din 02.03.2018<\/p><p>Anexa 1 \u2013\u00a0<a href=\"https:\/\/nuclearelectrica.ro\/wp-content\/uploads\/2018\/01\/Anexa-1.pdf\">Bugetul de Venituri si Cheltuieli pe anul 2018<\/a><\/p><p>Anexa 2 \u2013\u00a0<a href=\"https:\/\/nuclearelectrica.ro\/wp-content\/uploads\/2018\/01\/Anexa-2.pdf\">Detalierea indicatorilor economico-financiari prev\u0103zu\u0163i \u00een bugetul de venituri \u015fi cheltuieli \u0219i repartizarea pe trimestre a acestora<\/a><\/p><p>Anexa 4 \u2013\u00a0<a href=\"https:\/\/nuclearelectrica.ro\/wp-content\/uploads\/2018\/01\/Anexa-4.pdf\">Programul de investi\u0163ii, dot\u0103ri \u015fi sursele de finan\u0163are<\/a><\/p><p>Anexa 4.1 \u2013\u00a0<a href=\"https:\/\/nuclearelectrica.ro\/wp-content\/uploads\/2018\/01\/Anexa-4.1.pdf\">Lista pozitiei \u201cDOTARI\u201d pe anul 2018<\/a><\/p>\t\t\t\t\t\t\t<\/div>\n\t\t\t\t\t\t<\/div>\n\t\t\t\t\t\n\t\t\t\t\t\t\t\t\t<\/div>\n\t\t\t<\/div>\t\n\t\t<\/div>\n\n\t\t\t\t\t\t<\/div>\n\t\t\t\t<\/div>\n\t\t\t\t\t<\/div>\n\t\t<\/div>\n\t\t\t\t\t<\/div>\n\t\t<\/section>\n\t\t\t\t<\/div>\n\t\t","protected":false},"excerpt":{"rendered":"<p>Buget Auditorul financiar al SNN este firma PKF FINCONTA SRL 2026 2025 2024 2023 2022 2021 2020 2019 2018 Aprobarea\u00a0Bugetului de Venituri si Cheltuieli pentru anul 2025. Nota\u00a0 privind fundamentarea proiectului de Buget de Venituri si Cheltuieli al S.N.\u201dNuclearelectrica\u201dS.A. pe anul 2025 Anexa 1 \u2013 Bugetul de Venituri si Cheltuieli pe anul 2025\u00a0 Anexa 2 [&hellip;]<\/p>\n","protected":false},"author":2,"featured_media":0,"parent":13441,"menu_order":0,"comment_status":"closed","ping_status":"closed","template":"","meta":{"footnotes":""},"class_list":["post-14247","page","type-page","status-publish","hentry"],"_links":{"self":[{"href":"https:\/\/nuclearelectrica.ro\/ir\/wp-json\/wp\/v2\/pages\/14247","targetHints":{"allow":["GET"]}}],"collection":[{"href":"https:\/\/nuclearelectrica.ro\/ir\/wp-json\/wp\/v2\/pages"}],"about":[{"href":"https:\/\/nuclearelectrica.ro\/ir\/wp-json\/wp\/v2\/types\/page"}],"author":[{"embeddable":true,"href":"https:\/\/nuclearelectrica.ro\/ir\/wp-json\/wp\/v2\/users\/2"}],"replies":[{"embeddable":true,"href":"https:\/\/nuclearelectrica.ro\/ir\/wp-json\/wp\/v2\/comments?post=14247"}],"version-history":[{"count":25,"href":"https:\/\/nuclearelectrica.ro\/ir\/wp-json\/wp\/v2\/pages\/14247\/revisions"}],"predecessor-version":[{"id":48836,"href":"https:\/\/nuclearelectrica.ro\/ir\/wp-json\/wp\/v2\/pages\/14247\/revisions\/48836"}],"up":[{"embeddable":true,"href":"https:\/\/nuclearelectrica.ro\/ir\/wp-json\/wp\/v2\/pages\/13441"}],"wp:attachment":[{"href":"https:\/\/nuclearelectrica.ro\/ir\/wp-json\/wp\/v2\/media?parent=14247"}],"curies":[{"name":"wp","href":"https:\/\/api.w.org\/{rel}","templated":true}]}}