{"id":40530,"date":"2024-10-03T14:56:19","date_gmt":"2024-10-03T14:56:19","guid":{"rendered":"https:\/\/nuclearelectrica.ro\/snn\/?page_id=40530"},"modified":"2024-12-01T15:11:51","modified_gmt":"2024-12-01T15:11:51","slug":"misiune-viziune-valori","status":"publish","type":"page","link":"https:\/\/nuclearelectrica.ro\/snn\/despre-noi\/misiune-viziune-valori\/","title":{"rendered":"Misiune. Viziune. Valori"},"content":{"rendered":"\t\t<div data-elementor-type=\"wp-page\" data-elementor-id=\"40530\" class=\"elementor elementor-40530\">\n\t\t\t\t\t\t<section class=\"elementor-section elementor-top-section elementor-element elementor-element-131c4f4 elementor-section-full_width elementor-section-height-default elementor-section-height-default\" data-id=\"131c4f4\" data-element_type=\"section\">\n\t\t\t\t\t\t<div class=\"elementor-container elementor-column-gap-default\">\n\t\t\t\t\t<div class=\"elementor-column elementor-col-100 elementor-top-column elementor-element elementor-element-d6f2a99 top column-style-top\" data-id=\"d6f2a99\" data-element_type=\"column\">\n\t\t\t<div class=\"elementor-widget-wrap elementor-element-populated\">\n\t\t\t\t\t\t<div class=\"elementor-element elementor-element-5243b33 elementor-widget elementor-widget-image\" data-id=\"5243b33\" data-element_type=\"widget\" data-widget_type=\"image.default\">\n\t\t\t\t<div class=\"elementor-widget-container\">\n\t\t\t\t\t\t\t\t\t\t\t\t\t\t\t<img fetchpriority=\"high\" decoding=\"async\" width=\"1920\" height=\"284\" src=\"https:\/\/nuclearelectrica.ro\/snn\/wp-content\/uploads\/sites\/2\/2024\/10\/SNN_ptSITE_pagini-SNN_DESPRE-NOI_benzi_01-MVV_20241011.jpg\" class=\"attachment-full size-full wp-image-41027\" alt=\"\" srcset=\"https:\/\/nuclearelectrica.ro\/snn\/wp-content\/uploads\/sites\/2\/2024\/10\/SNN_ptSITE_pagini-SNN_DESPRE-NOI_benzi_01-MVV_20241011.jpg 1920w, https:\/\/nuclearelectrica.ro\/snn\/wp-content\/uploads\/sites\/2\/2024\/10\/SNN_ptSITE_pagini-SNN_DESPRE-NOI_benzi_01-MVV_20241011-1024x151.jpg 1024w, https:\/\/nuclearelectrica.ro\/snn\/wp-content\/uploads\/sites\/2\/2024\/10\/SNN_ptSITE_pagini-SNN_DESPRE-NOI_benzi_01-MVV_20241011-768x114.jpg 768w, https:\/\/nuclearelectrica.ro\/snn\/wp-content\/uploads\/sites\/2\/2024\/10\/SNN_ptSITE_pagini-SNN_DESPRE-NOI_benzi_01-MVV_20241011-600x89.jpg 600w\" sizes=\"(max-width: 1920px) 100vw, 1920px\" \/>\t\t\t\t\t\t\t\t\t\t\t\t\t\t\t<\/div>\n\t\t\t\t<\/div>\n\t\t\t\t<section class=\"elementor-section elementor-inner-section elementor-element elementor-element-88efabd relative elementor-section-boxed elementor-section-height-default elementor-section-height-default\" data-id=\"88efabd\" data-element_type=\"section\">\n\t\t\t\t\t\t<div class=\"elementor-container elementor-column-gap-default\">\n\t\t\t\t\t<div class=\"elementor-column elementor-col-100 elementor-inner-column elementor-element elementor-element-1c152cd elementor-container top column-style-top\" data-id=\"1c152cd\" data-element_type=\"column\">\n\t\t\t<div class=\"elementor-widget-wrap elementor-element-populated\">\n\t\t\t\t\t\t<div class=\"elementor-element elementor-element-4dbf8f3 elementor-widget__width-initial elementor-widget elementor-widget-heading\" data-id=\"4dbf8f3\" data-element_type=\"widget\" data-widget_type=\"heading.default\">\n\t\t\t\t<div class=\"elementor-widget-container\">\n\t\t\t\t\t<h1 class=\"elementor-heading-title elementor-size-default\">Misiune. Viziune. Valori<\/h1>\t\t\t\t<\/div>\n\t\t\t\t<\/div>\n\t\t\t\t\t<\/div>\n\t\t<\/div>\n\t\t\t\t\t<\/div>\n\t\t<\/section>\n\t\t\t\t\t<\/div>\n\t\t<\/div>\n\t\t\t\t\t<\/div>\n\t\t<\/section>\n\t\t\t\t<section class=\"elementor-section elementor-top-section elementor-element elementor-element-50b2e2a elementor-section-boxed elementor-section-height-default elementor-section-height-default\" data-id=\"50b2e2a\" data-element_type=\"section\">\n\t\t\t\t\t\t<div class=\"elementor-container elementor-column-gap-default\">\n\t\t\t\t\t<div class=\"elementor-column elementor-col-100 elementor-top-column elementor-element elementor-element-e79432c top column-style-top\" data-id=\"e79432c\" data-element_type=\"column\">\n\t\t\t<div class=\"elementor-widget-wrap elementor-element-populated\">\n\t\t\t\t\t\t<div class=\"elementor-element elementor-element-b2d7509 elementor-button-danger elementor-absolute elementor-widget elementor-widget-button\" data-id=\"b2d7509\" data-element_type=\"widget\" data-settings=\"{&quot;_position&quot;:&quot;absolute&quot;}\" data-widget_type=\"button.default\">\n\t\t\t\t<div class=\"elementor-widget-container\">\n\t\t\t\t\t\t\t\t\t<div class=\"elementor-button-wrapper\">\n\t\t\t\t\t<a class=\"elementor-button elementor-button-link elementor-size-sm\" href=\"https:\/\/nuclearelectrica.ro\/snn\/despre-noi\/istoric\/\">\n\t\t\t\t\t\t<span class=\"elementor-button-content-wrapper\">\n\t\t\t\t\t\t\t\t\t<span class=\"elementor-button-text\">Istoric SNN<\/span>\n\t\t\t\t\t<\/span>\n\t\t\t\t\t<\/a>\n\t\t\t\t<\/div>\n\t\t\t\t\t\t\t\t<\/div>\n\t\t\t\t<\/div>\n\t\t\t\t\t<\/div>\n\t\t<\/div>\n\t\t\t\t\t<\/div>\n\t\t<\/section>\n\t\t\t\t<section class=\"elementor-section elementor-top-section elementor-element elementor-element-6d982b6 elementor-section-boxed elementor-section-height-default elementor-section-height-default\" data-id=\"6d982b6\" data-element_type=\"section\">\n\t\t\t\t\t\t<div class=\"elementor-container elementor-column-gap-default\">\n\t\t\t\t\t<div class=\"elementor-column elementor-col-100 elementor-top-column elementor-element elementor-element-a0e210a top column-style-top\" data-id=\"a0e210a\" data-element_type=\"column\">\n\t\t\t<div class=\"elementor-widget-wrap elementor-element-populated\">\n\t\t\t\t\t\t<div class=\"elementor-element elementor-element-8b0d494 elementor-widget elementor-widget-text-editor\" data-id=\"8b0d494\" data-element_type=\"widget\" data-widget_type=\"text-editor.default\">\n\t\t\t\t<div class=\"elementor-widget-container\">\n\t\t\t\t\t\t\t\t\t<h1>MISIUNE<span style=\"color: #cd1e28;\">SNN<\/span><\/h1>\n<h5><span style=\"color: #000;\">Gener\u0103m energie curat\u0103 la standarde de excelen\u021b\u0103<\/span><\/h5>\n<ul>\n \t<li><strong>valoarea ridicat\u0103 a factorului de utilizare a capacit\u0103\u021bii instalate<\/strong>; la o putere instalat\u0103 egal\u0103 un grup nuclear produce o cantitate de energie dubl\u0103 fa\u021b\u0103 de cele conven\u021bionale;<\/li>\n \t<li><strong>lipsa emisiilor<\/strong> de gaze cu efect de ser\u0103;<\/li>\n \t<li><strong>dependen\u021ba mic\u0103 a costului<\/strong> energiei produse de varia\u021biile pre\u021bului uraniului, datorit\u0103 ponderii mici a acestuia comparativ cu alte tipuri de energii;<\/li>\n \t<li><strong>nivelul tehnic ridicat<\/strong> al personalului de exploatare, nivelul rezonabil al costurilor de generare;<\/li>\n \t<li>energetica nuclear\u0103 <strong>r\u0103spunde cerin\u021belor de siguran\u021b\u0103<\/strong> a furniz\u0103rii, dezvoltare durabil\u0103 \u0219i competitivitate.<\/li>\n<\/ul>\t\t\t\t\t\t\t\t<\/div>\n\t\t\t\t<\/div>\n\t\t\t\t<div class=\"elementor-element elementor-element-13a70be elementor-widget elementor-widget-image\" data-id=\"13a70be\" data-element_type=\"widget\" data-widget_type=\"image.default\">\n\t\t\t\t<div class=\"elementor-widget-container\">\n\t\t\t\t\t\t\t\t\t\t\t\t\t\t\t<img decoding=\"async\" width=\"1920\" height=\"1080\" src=\"https:\/\/nuclearelectrica.ro\/snn\/wp-content\/uploads\/sites\/2\/2024\/10\/SNN_next_MVV_lansdscape_ptINTRANET_01_MISIUNE.jpg\" class=\"attachment-full size-full wp-image-40852\" alt=\"\" srcset=\"https:\/\/nuclearelectrica.ro\/snn\/wp-content\/uploads\/sites\/2\/2024\/10\/SNN_next_MVV_lansdscape_ptINTRANET_01_MISIUNE.jpg 1920w, https:\/\/nuclearelectrica.ro\/snn\/wp-content\/uploads\/sites\/2\/2024\/10\/SNN_next_MVV_lansdscape_ptINTRANET_01_MISIUNE-1024x576.jpg 1024w, https:\/\/nuclearelectrica.ro\/snn\/wp-content\/uploads\/sites\/2\/2024\/10\/SNN_next_MVV_lansdscape_ptINTRANET_01_MISIUNE-768x432.jpg 768w, https:\/\/nuclearelectrica.ro\/snn\/wp-content\/uploads\/sites\/2\/2024\/10\/SNN_next_MVV_lansdscape_ptINTRANET_01_MISIUNE-600x338.jpg 600w\" sizes=\"(max-width: 1920px) 100vw, 1920px\" \/>\t\t\t\t\t\t\t\t\t\t\t\t\t\t\t<\/div>\n\t\t\t\t<\/div>\n\t\t\t\t\t<\/div>\n\t\t<\/div>\n\t\t\t\t\t<\/div>\n\t\t<\/section>\n\t\t\t\t<section class=\"elementor-section elementor-top-section elementor-element elementor-element-06bfcf6 elementor-section-boxed elementor-section-height-default elementor-section-height-default\" data-id=\"06bfcf6\" data-element_type=\"section\">\n\t\t\t\t\t\t<div class=\"elementor-container elementor-column-gap-default\">\n\t\t\t\t\t<div class=\"elementor-column elementor-col-100 elementor-top-column elementor-element elementor-element-f3ec35e top column-style-top\" data-id=\"f3ec35e\" data-element_type=\"column\">\n\t\t\t<div class=\"elementor-widget-wrap elementor-element-populated\">\n\t\t\t\t\t\t<div class=\"elementor-element elementor-element-15af5bc elementor-widget elementor-widget-text-editor\" data-id=\"15af5bc\" data-element_type=\"widget\" data-widget_type=\"text-editor.default\">\n\t\t\t\t<div class=\"elementor-widget-container\">\n\t\t\t\t\t\t\t\t\t<h1>VIZIUNE<span style=\"color: #cd1e28;\">SNN<\/span><\/h1>\n<div>\n<h5><span style=\"color: #00000;\">Construim un viitor durabil pentru genera\u021bia de m\u00e2ine.<\/span><\/h5>\n<\/div>\nNe dedic\u0103m <strong>producerii de energie curat\u0103, sigur\u0103 \u0219i sustenabil\u0103<\/strong>. Investim continuu \u00een inova\u021bie \u0219i tehnologie pentru a proteja resursele naturale \u0219i a asigura securitatea energetic\u0103.\nPrin <strong>responsabilitate \u0219i eficien\u021b\u0103<\/strong>, dorim s\u0103 contribuim la un mediu mai s\u0103n\u0103tos \u0219i un viitor mai sigur pentru genera\u021biile urm\u0103toare.\t\t\t\t\t\t\t\t<\/div>\n\t\t\t\t<\/div>\n\t\t\t\t<div class=\"elementor-element elementor-element-f585381 elementor-widget elementor-widget-image\" data-id=\"f585381\" data-element_type=\"widget\" data-widget_type=\"image.default\">\n\t\t\t\t<div class=\"elementor-widget-container\">\n\t\t\t\t\t\t\t\t\t\t\t\t\t\t\t<img decoding=\"async\" width=\"1920\" height=\"1080\" src=\"https:\/\/nuclearelectrica.ro\/snn\/wp-content\/uploads\/sites\/2\/2024\/10\/SNN_next_MVV_lansdscape_ptINTRANET_02_VIZUNE.jpg\" class=\"attachment-full size-full wp-image-40853\" alt=\"\" srcset=\"https:\/\/nuclearelectrica.ro\/snn\/wp-content\/uploads\/sites\/2\/2024\/10\/SNN_next_MVV_lansdscape_ptINTRANET_02_VIZUNE.jpg 1920w, https:\/\/nuclearelectrica.ro\/snn\/wp-content\/uploads\/sites\/2\/2024\/10\/SNN_next_MVV_lansdscape_ptINTRANET_02_VIZUNE-1024x576.jpg 1024w, https:\/\/nuclearelectrica.ro\/snn\/wp-content\/uploads\/sites\/2\/2024\/10\/SNN_next_MVV_lansdscape_ptINTRANET_02_VIZUNE-768x432.jpg 768w, https:\/\/nuclearelectrica.ro\/snn\/wp-content\/uploads\/sites\/2\/2024\/10\/SNN_next_MVV_lansdscape_ptINTRANET_02_VIZUNE-600x338.jpg 600w\" sizes=\"(max-width: 1920px) 100vw, 1920px\" \/>\t\t\t\t\t\t\t\t\t\t\t\t\t\t\t<\/div>\n\t\t\t\t<\/div>\n\t\t\t\t\t<\/div>\n\t\t<\/div>\n\t\t\t\t\t<\/div>\n\t\t<\/section>\n\t\t\t\t<section class=\"elementor-section elementor-top-section elementor-element elementor-element-6dd69f7 elementor-section-boxed elementor-section-height-default elementor-section-height-default\" data-id=\"6dd69f7\" data-element_type=\"section\">\n\t\t\t\t\t\t<div class=\"elementor-container elementor-column-gap-default\">\n\t\t\t\t\t<div class=\"elementor-column elementor-col-100 elementor-top-column elementor-element elementor-element-9bbd59b top column-style-top\" data-id=\"9bbd59b\" data-element_type=\"column\">\n\t\t\t<div class=\"elementor-widget-wrap elementor-element-populated\">\n\t\t\t\t\t\t<div class=\"elementor-element elementor-element-837c1ce elementor-widget elementor-widget-text-editor\" data-id=\"837c1ce\" data-element_type=\"widget\" data-widget_type=\"text-editor.default\">\n\t\t\t\t<div class=\"elementor-widget-container\">\n\t\t\t\t\t\t\t\t\t<h2>VALORI<span style=\"color: #cd1e28;\">SNN<\/span><\/h2><div>\u00a0<\/div>\t\t\t\t\t\t\t\t<\/div>\n\t\t\t\t<\/div>\n\t\t\t\t<div class=\"elementor-element elementor-element-c1205eb elementor-arrows-position-inside elementor-pagination-position-outside elementor-widget elementor-widget-image-carousel\" data-id=\"c1205eb\" data-element_type=\"widget\" data-settings=\"{&quot;slides_to_show&quot;:&quot;1&quot;,&quot;navigation&quot;:&quot;both&quot;,&quot;autoplay&quot;:&quot;yes&quot;,&quot;pause_on_hover&quot;:&quot;yes&quot;,&quot;pause_on_interaction&quot;:&quot;yes&quot;,&quot;autoplay_speed&quot;:5000,&quot;infinite&quot;:&quot;yes&quot;,&quot;effect&quot;:&quot;slide&quot;,&quot;speed&quot;:500}\" data-widget_type=\"image-carousel.default\">\n\t\t\t\t<div class=\"elementor-widget-container\">\n\t\t\t\t\t\t\t<div class=\"elementor-image-carousel-wrapper swiper\" role=\"region\" aria-roledescription=\"carousel\" aria-label=\"Carusel de imagini\" dir=\"ltr\">\n\t\t\t<div class=\"elementor-image-carousel swiper-wrapper\" aria-live=\"off\">\n\t\t\t\t\t\t\t\t<div class=\"swiper-slide\" role=\"group\" aria-roledescription=\"slide\" aria-label=\"1 din 6\"><figure class=\"swiper-slide-inner\"><img decoding=\"async\" class=\"swiper-slide-image\" src=\"https:\/\/nuclearelectrica.ro\/snn\/wp-content\/uploads\/sites\/2\/2024\/10\/SNN_next_MVV_lansdscape_ptINTRANET_03_VALORI_0-general.jpg\" alt=\"SNN_next_MVV_lansdscape_ptINTRANET_03_VALORI_0 general\" \/><\/figure><\/div><div class=\"swiper-slide\" role=\"group\" aria-roledescription=\"slide\" aria-label=\"2 din 6\"><figure class=\"swiper-slide-inner\"><img decoding=\"async\" class=\"swiper-slide-image\" src=\"https:\/\/nuclearelectrica.ro\/snn\/wp-content\/uploads\/sites\/2\/2024\/10\/SNN_next_MVV_lansdscape_ptINTRANET_03_VALORI_1-siguranta.jpg\" alt=\"SNN_next_MVV_lansdscape_ptINTRANET_03_VALORI_1 siguranta\" \/><\/figure><\/div><div class=\"swiper-slide\" role=\"group\" aria-roledescription=\"slide\" aria-label=\"3 din 6\"><figure class=\"swiper-slide-inner\"><img decoding=\"async\" class=\"swiper-slide-image\" src=\"https:\/\/nuclearelectrica.ro\/snn\/wp-content\/uploads\/sites\/2\/2024\/10\/SNN_next_MVV_lansdscape_ptINTRANET_03_VALORI_2-excelenta.jpg\" alt=\"SNN_next_MVV_lansdscape_ptINTRANET_03_VALORI_2 excelenta\" \/><\/figure><\/div><div class=\"swiper-slide\" role=\"group\" aria-roledescription=\"slide\" aria-label=\"4 din 6\"><figure class=\"swiper-slide-inner\"><img decoding=\"async\" class=\"swiper-slide-image\" src=\"https:\/\/nuclearelectrica.ro\/snn\/wp-content\/uploads\/sites\/2\/2024\/10\/SNN_next_MVV_lansdscape_ptINTRANET_03_VALORI_3-grija.jpg\" alt=\"SNN_next_MVV_lansdscape_ptINTRANET_03_VALORI_3 grija\" \/><\/figure><\/div><div class=\"swiper-slide\" role=\"group\" aria-roledescription=\"slide\" aria-label=\"5 din 6\"><figure class=\"swiper-slide-inner\"><img decoding=\"async\" class=\"swiper-slide-image\" src=\"https:\/\/nuclearelectrica.ro\/snn\/wp-content\/uploads\/sites\/2\/2024\/10\/SNN_next_MVV_lansdscape_ptINTRANET_03_VALORI_4-empatie.jpg\" alt=\"SNN_next_MVV_lansdscape_ptINTRANET_03_VALORI_4 empatie\" \/><\/figure><\/div><div class=\"swiper-slide\" role=\"group\" aria-roledescription=\"slide\" aria-label=\"6 din 6\"><figure class=\"swiper-slide-inner\"><img decoding=\"async\" class=\"swiper-slide-image\" src=\"https:\/\/nuclearelectrica.ro\/snn\/wp-content\/uploads\/sites\/2\/2024\/10\/SNN_next_MVV_lansdscape_ptINTRANET_03_VALORI_5-dezvoltare.jpg\" alt=\"SNN_next_MVV_lansdscape_ptINTRANET_03_VALORI_5 dezvoltare\" \/><\/figure><\/div>\t\t\t<\/div>\n\t\t\t\t\t\t\t\t\t\t\t\t<div class=\"elementor-swiper-button elementor-swiper-button-prev\" role=\"button\" tabindex=\"0\">\n\t\t\t\t\t\t<i aria-hidden=\"true\" class=\"eicon-chevron-left\"><\/i>\t\t\t\t\t<\/div>\n\t\t\t\t\t<div class=\"elementor-swiper-button elementor-swiper-button-next\" role=\"button\" tabindex=\"0\">\n\t\t\t\t\t\t<i aria-hidden=\"true\" class=\"eicon-chevron-right\"><\/i>\t\t\t\t\t<\/div>\n\t\t\t\t\n\t\t\t\t\t\t\t\t\t<div class=\"swiper-pagination\"><\/div>\n\t\t\t\t\t\t\t\t\t<\/div>\n\t\t\t\t\t\t<\/div>\n\t\t\t\t<\/div>\n\t\t\t\t<div class=\"elementor-element elementor-element-5d3d10a elementor-widget elementor-widget-video\" data-id=\"5d3d10a\" data-element_type=\"widget\" data-settings=\"{&quot;video_type&quot;:&quot;hosted&quot;,&quot;controls&quot;:&quot;yes&quot;}\" data-widget_type=\"video.default\">\n\t\t\t\t<div class=\"elementor-widget-container\">\n\t\t\t\t\t\t\t<div class=\"e-hosted-video elementor-wrapper elementor-open-inline\">\n\t\t\t\t\t<video class=\"elementor-video\" src=\"https:\/\/nuclearelectrica.ro\/snn\/wp-content\/uploads\/sites\/2\/2024\/10\/Logo-Nuclearelectrica-animat.mp4\" controls=\"\" preload=\"metadata\" controlsList=\"nodownload\" poster=\"https:\/\/nuclearelectrica.ro\/snn\/wp-content\/uploads\/sites\/2\/2024\/10\/vlcsnap-2024-10-11-15h55m45s787.png\"><\/video>\n\t\t\t\t<\/div>\n\t\t\t\t\t\t<\/div>\n\t\t\t\t<\/div>\n\t\t\t\t\t<\/div>\n\t\t<\/div>\n\t\t\t\t\t<\/div>\n\t\t<\/section>\n\t\t\t\t<\/div>\n\t\t","protected":false},"excerpt":{"rendered":"<p>Misiune. Viziune. Valori Istoric SNN MISIUNESNN Gener\u0103m energie curat\u0103 la standarde de excelen\u021b\u0103 valoarea ridicat\u0103 a factorului de utilizare a capacit\u0103\u021bii instalate; la o putere instalat\u0103 egal\u0103 un grup nuclear produce o cantitate de energie dubl\u0103 fa\u021b\u0103 de cele conven\u021bionale; lipsa emisiilor de gaze cu efect de ser\u0103; dependen\u021ba mic\u0103 a costului energiei produse de [&hellip;]<\/p>\n","protected":false},"author":2,"featured_media":0,"parent":4004,"menu_order":0,"comment_status":"closed","ping_status":"closed","template":"","meta":{"footnotes":""},"class_list":["post-40530","page","type-page","status-publish","hentry"],"_links":{"self":[{"href":"https:\/\/nuclearelectrica.ro\/snn\/wp-json\/wp\/v2\/pages\/40530","targetHints":{"allow":["GET"]}}],"collection":[{"href":"https:\/\/nuclearelectrica.ro\/snn\/wp-json\/wp\/v2\/pages"}],"about":[{"href":"https:\/\/nuclearelectrica.ro\/snn\/wp-json\/wp\/v2\/types\/page"}],"author":[{"embeddable":true,"href":"https:\/\/nuclearelectrica.ro\/snn\/wp-json\/wp\/v2\/users\/2"}],"replies":[{"embeddable":true,"href":"https:\/\/nuclearelectrica.ro\/snn\/wp-json\/wp\/v2\/comments?post=40530"}],"version-history":[{"count":136,"href":"https:\/\/nuclearelectrica.ro\/snn\/wp-json\/wp\/v2\/pages\/40530\/revisions"}],"predecessor-version":[{"id":44106,"href":"https:\/\/nuclearelectrica.ro\/snn\/wp-json\/wp\/v2\/pages\/40530\/revisions\/44106"}],"up":[{"embeddable":true,"href":"https:\/\/nuclearelectrica.ro\/snn\/wp-json\/wp\/v2\/pages\/4004"}],"wp:attachment":[{"href":"https:\/\/nuclearelectrica.ro\/snn\/wp-json\/wp\/v2\/media?parent=40530"}],"curies":[{"name":"wp","href":"https:\/\/api.w.org\/{rel}","templated":true}]}}