{"id":40566,"date":"2024-10-03T16:08:50","date_gmt":"2024-10-03T16:08:50","guid":{"rendered":"https:\/\/nuclearelectrica.ro\/snn\/?page_id=40566"},"modified":"2024-11-13T16:53:31","modified_gmt":"2024-11-13T16:53:31","slug":"tehnologie-candu","status":"publish","type":"page","link":"https:\/\/nuclearelectrica.ro\/snn\/despre-noi\/tehnologie-candu\/","title":{"rendered":"Tehnologie CANDU \u200b"},"content":{"rendered":"\t\t<div data-elementor-type=\"wp-page\" data-elementor-id=\"40566\" class=\"elementor elementor-40566\">\n\t\t\t\t\t\t<section class=\"elementor-section elementor-top-section elementor-element elementor-element-9c453d4 elementor-section-full_width elementor-section-height-default elementor-section-height-default\" data-id=\"9c453d4\" data-element_type=\"section\">\n\t\t\t\t\t\t<div class=\"elementor-container elementor-column-gap-default\">\n\t\t\t\t\t<div class=\"elementor-column elementor-col-100 elementor-top-column elementor-element elementor-element-1569157 top column-style-top\" data-id=\"1569157\" data-element_type=\"column\">\n\t\t\t<div class=\"elementor-widget-wrap elementor-element-populated\">\n\t\t\t\t\t\t<div class=\"elementor-element elementor-element-9b8b922 elementor-widget elementor-widget-image\" data-id=\"9b8b922\" data-element_type=\"widget\" data-widget_type=\"image.default\">\n\t\t\t\t<div class=\"elementor-widget-container\">\n\t\t\t\t\t\t\t\t\t\t\t\t\t\t\t<img fetchpriority=\"high\" decoding=\"async\" width=\"1920\" height=\"284\" src=\"https:\/\/nuclearelectrica.ro\/snn\/wp-content\/uploads\/sites\/2\/2024\/10\/SNN_ptSITE_pagini-SNN_DESPRE-NOI_benzi_04-CANDU_20241011.jpg\" class=\"attachment-full size-full wp-image-41029\" alt=\"\" srcset=\"https:\/\/nuclearelectrica.ro\/snn\/wp-content\/uploads\/sites\/2\/2024\/10\/SNN_ptSITE_pagini-SNN_DESPRE-NOI_benzi_04-CANDU_20241011.jpg 1920w, https:\/\/nuclearelectrica.ro\/snn\/wp-content\/uploads\/sites\/2\/2024\/10\/SNN_ptSITE_pagini-SNN_DESPRE-NOI_benzi_04-CANDU_20241011-1024x151.jpg 1024w, https:\/\/nuclearelectrica.ro\/snn\/wp-content\/uploads\/sites\/2\/2024\/10\/SNN_ptSITE_pagini-SNN_DESPRE-NOI_benzi_04-CANDU_20241011-768x114.jpg 768w, https:\/\/nuclearelectrica.ro\/snn\/wp-content\/uploads\/sites\/2\/2024\/10\/SNN_ptSITE_pagini-SNN_DESPRE-NOI_benzi_04-CANDU_20241011-600x89.jpg 600w\" sizes=\"(max-width: 1920px) 100vw, 1920px\" \/>\t\t\t\t\t\t\t\t\t\t\t\t\t\t\t<\/div>\n\t\t\t\t<\/div>\n\t\t\t\t<section class=\"elementor-section elementor-inner-section elementor-element elementor-element-4e41238 relative elementor-section-boxed elementor-section-height-default elementor-section-height-default\" data-id=\"4e41238\" data-element_type=\"section\">\n\t\t\t\t\t\t<div class=\"elementor-container elementor-column-gap-default\">\n\t\t\t\t\t<div class=\"elementor-column elementor-col-100 elementor-inner-column elementor-element elementor-element-98a9769 elementor-container top column-style-top\" data-id=\"98a9769\" data-element_type=\"column\">\n\t\t\t<div class=\"elementor-widget-wrap elementor-element-populated\">\n\t\t\t\t\t\t<div class=\"elementor-element elementor-element-8fa74cb elementor-widget__width-initial elementor-widget elementor-widget-heading\" data-id=\"8fa74cb\" data-element_type=\"widget\" data-widget_type=\"heading.default\">\n\t\t\t\t<div class=\"elementor-widget-container\">\n\t\t\t\t\t<h1 class=\"elementor-heading-title elementor-size-default\">Tehnologie CANDU<\/h1>\t\t\t\t<\/div>\n\t\t\t\t<\/div>\n\t\t\t\t\t<\/div>\n\t\t<\/div>\n\t\t\t\t\t<\/div>\n\t\t<\/section>\n\t\t\t\t\t<\/div>\n\t\t<\/div>\n\t\t\t\t\t<\/div>\n\t\t<\/section>\n\t\t\t\t<section class=\"elementor-section elementor-top-section elementor-element elementor-element-ffd445e elementor-section-boxed elementor-section-height-default elementor-section-height-default\" data-id=\"ffd445e\" data-element_type=\"section\" data-settings=\"{&quot;background_background&quot;:&quot;classic&quot;}\">\n\t\t\t\t\t\t\t<div class=\"elementor-background-overlay\"><\/div>\n\t\t\t\t\t\t\t<div class=\"elementor-container elementor-column-gap-default\">\n\t\t\t\t\t<div class=\"elementor-column elementor-col-50 elementor-top-column elementor-element elementor-element-1a24a21 column-style-bg-overflow-left top\" data-id=\"1a24a21\" data-element_type=\"column\" data-settings=\"{&quot;background_background&quot;:&quot;classic&quot;}\">\n\t\t\t<div class=\"elementor-widget-wrap\">\n\t\t\t\t\t\t\t<\/div>\n\t\t<\/div>\n\t\t\t\t<div class=\"elementor-column elementor-col-50 elementor-top-column elementor-element elementor-element-5af6f7d top column-style-top\" data-id=\"5af6f7d\" data-element_type=\"column\" data-settings=\"{&quot;background_background&quot;:&quot;classic&quot;}\">\n\t\t\t<div class=\"elementor-widget-wrap elementor-element-populated\">\n\t\t\t\t\t\t<div class=\"elementor-element elementor-element-b0e0960 icon-color-theme elementor-icon-list--layout-traditional elementor-list-item-link-full_width elementor-widget elementor-widget-icon-list\" data-id=\"b0e0960\" data-element_type=\"widget\" data-widget_type=\"icon-list.default\">\n\t\t\t\t<div class=\"elementor-widget-container\">\n\t\t\t\t\t\t\t<ul class=\"elementor-icon-list-items\">\n\t\t\t\t\t\t\t<li class=\"elementor-icon-list-item\">\n\t\t\t\t\t\t\t\t\t\t\t<span class=\"elementor-icon-list-icon\">\n\t\t\t\t\t\t\t<i aria-hidden=\"true\" class=\"fas fa-check-circle\"><\/i>\t\t\t\t\t\t<\/span>\n\t\t\t\t\t\t\t\t\t\t<span class=\"elementor-icon-list-text\">Puterea termic\u0103 2062 MW(t)<\/span>\n\t\t\t\t\t\t\t\t\t<\/li>\n\t\t\t\t\t\t\t\t<li class=\"elementor-icon-list-item\">\n\t\t\t\t\t\t\t\t\t\t\t<span class=\"elementor-icon-list-icon\">\n\t\t\t\t\t\t\t<i aria-hidden=\"true\" class=\"fas fa-check-circle\"><\/i>\t\t\t\t\t\t<\/span>\n\t\t\t\t\t\t\t\t\t\t<span class=\"elementor-icon-list-text\">Puterea electric\u0103 brut\u0103 706,5 MW(e)<\/span>\n\t\t\t\t\t\t\t\t\t<\/li>\n\t\t\t\t\t\t\t\t<li class=\"elementor-icon-list-item\">\n\t\t\t\t\t\t\t\t\t\t\t<span class=\"elementor-icon-list-icon\">\n\t\t\t\t\t\t\t<i aria-hidden=\"true\" class=\"fas fa-check-circle\"><\/i>\t\t\t\t\t\t<\/span>\n\t\t\t\t\t\t\t\t\t\t<span class=\"elementor-icon-list-text\">Consum servicii interne <8%<\/span>\n\t\t\t\t\t\t\t\t\t<\/li>\n\t\t\t\t\t\t\t\t<li class=\"elementor-icon-list-item\">\n\t\t\t\t\t\t\t\t\t\t\t<span class=\"elementor-icon-list-icon\">\n\t\t\t\t\t\t\t<i aria-hidden=\"true\" class=\"fas fa-check-circle\"><\/i>\t\t\t\t\t\t<\/span>\n\t\t\t\t\t\t\t\t\t\t<span class=\"elementor-icon-list-text\">Num\u0103r canale de combustibil 380<\/span>\n\t\t\t\t\t\t\t\t\t<\/li>\n\t\t\t\t\t\t\t\t<li class=\"elementor-icon-list-item\">\n\t\t\t\t\t\t\t\t\t\t\t<span class=\"elementor-icon-list-icon\">\n\t\t\t\t\t\t\t<i aria-hidden=\"true\" class=\"fas fa-check-circle\"><\/i>\t\t\t\t\t\t<\/span>\n\t\t\t\t\t\t\t\t\t\t<span class=\"elementor-icon-list-text\">Num\u0103r de bucle 2<\/span>\n\t\t\t\t\t\t\t\t\t<\/li>\n\t\t\t\t\t\t\t\t<li class=\"elementor-icon-list-item\">\n\t\t\t\t\t\t\t\t\t\t\t<span class=\"elementor-icon-list-icon\">\n\t\t\t\t\t\t\t<i aria-hidden=\"true\" class=\"fas fa-check-circle\"><\/i>\t\t\t\t\t\t<\/span>\n\t\t\t\t\t\t\t\t\t\t<span class=\"elementor-icon-list-text\">Num\u0103r de generatoare de abur 4<\/span>\n\t\t\t\t\t\t\t\t\t<\/li>\n\t\t\t\t\t\t\t\t<li class=\"elementor-icon-list-item\">\n\t\t\t\t\t\t\t\t\t\t\t<span class=\"elementor-icon-list-icon\">\n\t\t\t\t\t\t\t<i aria-hidden=\"true\" class=\"fas fa-check-circle\"><\/i>\t\t\t\t\t\t<\/span>\n\t\t\t\t\t\t\t\t\t\t<span class=\"elementor-icon-list-text\">Presiunea (D2O) \u00een circuitul primar 9,89 MPa<\/span>\n\t\t\t\t\t\t\t\t\t<\/li>\n\t\t\t\t\t\t\t\t<li class=\"elementor-icon-list-item\">\n\t\t\t\t\t\t\t\t\t\t\t<span class=\"elementor-icon-list-icon\">\n\t\t\t\t\t\t\t<i aria-hidden=\"true\" class=\"fas fa-check-circle\"><\/i>\t\t\t\t\t\t<\/span>\n\t\t\t\t\t\t\t\t\t\t<span class=\"elementor-icon-list-text\">Temperatura la ie\u0219irea din circuitul primar 310O C<\/span>\n\t\t\t\t\t\t\t\t\t<\/li>\n\t\t\t\t\t\t\t\t<li class=\"elementor-icon-list-item\">\n\t\t\t\t\t\t\t\t\t\t\t<span class=\"elementor-icon-list-icon\">\n\t\t\t\t\t\t\t<i aria-hidden=\"true\" class=\"fas fa-check-circle\"><\/i>\t\t\t\t\t\t<\/span>\n\t\t\t\t\t\t\t\t\t\t<span class=\"elementor-icon-list-text\">Presiunea aburului saturat (H2O) 4,6 MPa<\/span>\n\t\t\t\t\t\t\t\t\t<\/li>\n\t\t\t\t\t\t\t\t<li class=\"elementor-icon-list-item\">\n\t\t\t\t\t\t\t\t\t\t\t<span class=\"elementor-icon-list-icon\">\n\t\t\t\t\t\t\t<i aria-hidden=\"true\" class=\"fas fa-check-circle\"><\/i>\t\t\t\t\t\t<\/span>\n\t\t\t\t\t\t\t\t\t\t<span class=\"elementor-icon-list-text\">Temperatura apei de alimentare 187,20O C<\/span>\n\t\t\t\t\t\t\t\t\t<\/li>\n\t\t\t\t\t\t<\/ul>\n\t\t\t\t\t\t<\/div>\n\t\t\t\t<\/div>\n\t\t\t\t\t<\/div>\n\t\t<\/div>\n\t\t\t\t\t<\/div>\n\t\t<\/section>\n\t\t\t\t<section class=\"elementor-section elementor-top-section elementor-element elementor-element-dd4d533 elementor-section-boxed elementor-section-height-default elementor-section-height-default\" data-id=\"dd4d533\" data-element_type=\"section\">\n\t\t\t\t\t\t<div class=\"elementor-container elementor-column-gap-default\">\n\t\t\t\t\t<div class=\"elementor-column elementor-col-100 elementor-top-column elementor-element elementor-element-1ec0ee7 top column-style-top\" data-id=\"1ec0ee7\" data-element_type=\"column\">\n\t\t\t<div class=\"elementor-widget-wrap elementor-element-populated\">\n\t\t\t\t\t\t<div class=\"elementor-element elementor-element-10737d2 elementor-widget elementor-widget-text-editor\" data-id=\"10737d2\" data-element_type=\"widget\" data-widget_type=\"text-editor.default\">\n\t\t\t\t<div class=\"elementor-widget-container\">\n\t\t\t\t\t\t\t\t\t<p>Reactorul CANDU\u00a0<span class=\"word\" data-words=\"consum\u0103,consuma\">consum\u0103<\/span>\u00a0uraniu natural,\u00a0<span class=\"word\" data-words=\"utiliz\u00e2nd,utilizand\">utiliz\u00e2nd<\/span>\u00a0<span class=\"word\" data-words=\"apa,ap\u0103\">apa<\/span>\u00a0<span class=\"word\" data-words=\"grea,gre\u0103\">grea<\/span>\u00a0de puritate\u00a0<span class=\"word\" data-words=\"nuclear\u0103,nucleara\">nuclear\u0103<\/span>\u00a0(<span class=\"word\" data-words=\"con\u021binut,continut\">con\u021binut<\/span>\u00a0izotopic\u00a0<span class=\"word\" data-words=\"peste,pe\u0219te\">peste<\/span>\u00a099,75% D2O)\u00a0<span class=\"word\" data-words=\"c\u0103,ca\">ca<\/span>\u00a0moderator\u00a0<span class=\"word\" data-words=\"\u0219i,si\">\u0219i<\/span>\u00a0agent de\u00a0<span class=\"word\" data-words=\"r\u0103cire,racire\">r\u0103cire<\/span>,\u00a0<span class=\"word\" data-words=\"\u00een,in\">\u00een<\/span>\u00a0<span class=\"word\" data-words=\"doua,dou\u0103\">dou\u0103<\/span>\u00a0sisteme\u00a0<span class=\"word\" data-words=\"independente,independen\u021be\">independente<\/span>, separate,\u00a0<span class=\"word\" data-words=\"\u00een,in\">\u00een<\/span>\u00a0circuit\u00a0<span class=\"word\" data-words=\"\u00eenchis,inchis\">\u00eenchis<\/span>.<\/p><p><span class=\"word\" data-words=\"\u00cen,In\">\u00cen<\/span> cele 4 generatoare de abur, <span class=\"word\" data-words=\"c\u0103ldur\u0103,c\u0103ldura,caldura\">c\u0103ldur\u0103<\/span> din circuitul primar este <span class=\"word\" data-words=\"preluat\u0103,preluata\">preluata<\/span> de <span class=\"word\" data-words=\"apa,ap\u0103\">apa<\/span> <span class=\"word\" data-words=\"u\u0219oar\u0103,u\u0219oara,usoara\">u\u0219oar\u0103<\/span> din circuitul secundar, prin transformarea <span class=\"word\" data-words=\"\u00een,in\">\u00een<\/span> abur <span class=\"word\" data-words=\"saturat,s\u0103turat\">saturat<\/span>. Acesta se <span class=\"word\" data-words=\"destinde,de\u0219tinde\">destinde<\/span> <span class=\"word\" data-words=\"\u00een,in\">\u00een<\/span> <span class=\"word\" data-words=\"turbin\u0103,turbina\">turbina<\/span> <span class=\"word\" data-words=\"format\u0103,formata\">formata<\/span> dintr-un corp de medie presiune <span class=\"word\" data-words=\"\u0219i,si\">\u0219i<\/span> 3 corpuri de <span class=\"word\" data-words=\"joas\u0103,joasa\">joasa<\/span> presiune, <span class=\"word\" data-words=\"produc\u00e2nd,producand\">produc\u00e2nd<\/span> energia <span class=\"word\" data-words=\"mecanic\u0103,mecanica\">mecanica<\/span> <span class=\"word\" data-words=\"necesar\u0103,necesara\">necesara<\/span> <span class=\"word\" data-words=\"ac\u021bionarii,ac\u021bion\u0103rii,actionarii\">ac\u021bionarii<\/span> generatorului electric.<\/p><p><span class=\"word\" data-words=\"La,L\u0103\">La<\/span> <span class=\"word\" data-words=\"ie\u0219irea,iesirea\">ie\u0219irea<\/span> din <span class=\"word modified\" data-words=\"turbin\u0103,turbina\">turbin\u0103<\/span>, prin extragerea <span class=\"word\" data-words=\"c\u0103ldurii,caldurii\">c\u0103ldurii<\/span> reziduale cu ajutorul apei de <span class=\"word\" data-words=\"r\u0103cire,racire\">r\u0103cire<\/span> preluate din <span class=\"word\" data-words=\"Dun\u0103re,Dunare\">Dun\u0103re<\/span>, aburul este condensat. Circuitul este reluat prin repomparea condensului pentru alimentarea generatoarelor de abur.<\/p>\t\t\t\t\t\t\t\t<\/div>\n\t\t\t\t<\/div>\n\t\t\t\t\t<\/div>\n\t\t<\/div>\n\t\t\t\t\t<\/div>\n\t\t<\/section>\n\t\t\t\t<\/div>\n\t\t","protected":false},"excerpt":{"rendered":"<p>Tehnologie CANDU Puterea termic\u0103 2062 MW(t) Puterea electric\u0103 brut\u0103 706,5 MW(e) Consum servicii interne<\/p>\n","protected":false},"author":2,"featured_media":0,"parent":4004,"menu_order":0,"comment_status":"closed","ping_status":"closed","template":"elementor_theme","meta":{"footnotes":""},"class_list":["post-40566","page","type-page","status-publish","hentry"],"_links":{"self":[{"href":"https:\/\/nuclearelectrica.ro\/snn\/wp-json\/wp\/v2\/pages\/40566","targetHints":{"allow":["GET"]}}],"collection":[{"href":"https:\/\/nuclearelectrica.ro\/snn\/wp-json\/wp\/v2\/pages"}],"about":[{"href":"https:\/\/nuclearelectrica.ro\/snn\/wp-json\/wp\/v2\/types\/page"}],"author":[{"embeddable":true,"href":"https:\/\/nuclearelectrica.ro\/snn\/wp-json\/wp\/v2\/users\/2"}],"replies":[{"embeddable":true,"href":"https:\/\/nuclearelectrica.ro\/snn\/wp-json\/wp\/v2\/comments?post=40566"}],"version-history":[{"count":37,"href":"https:\/\/nuclearelectrica.ro\/snn\/wp-json\/wp\/v2\/pages\/40566\/revisions"}],"predecessor-version":[{"id":41086,"href":"https:\/\/nuclearelectrica.ro\/snn\/wp-json\/wp\/v2\/pages\/40566\/revisions\/41086"}],"up":[{"embeddable":true,"href":"https:\/\/nuclearelectrica.ro\/snn\/wp-json\/wp\/v2\/pages\/4004"}],"wp:attachment":[{"href":"https:\/\/nuclearelectrica.ro\/snn\/wp-json\/wp\/v2\/media?parent=40566"}],"curies":[{"name":"wp","href":"https:\/\/api.w.org\/{rel}","templated":true}]}}