{"id":40602,"date":"2024-10-03T16:30:19","date_gmt":"2024-10-03T16:30:19","guid":{"rendered":"https:\/\/nuclearelectrica.ro\/snn\/?page_id=40602"},"modified":"2024-11-13T16:53:07","modified_gmt":"2024-11-13T16:53:07","slug":"securitate-nucleara","status":"publish","type":"page","link":"https:\/\/nuclearelectrica.ro\/snn\/despre-noi\/securitate-nucleara\/","title":{"rendered":"Securitate nuclear\u0103"},"content":{"rendered":"\t\t<div data-elementor-type=\"wp-page\" data-elementor-id=\"40602\" class=\"elementor elementor-40602\">\n\t\t\t\t\t\t<section class=\"elementor-section elementor-top-section elementor-element elementor-element-b54536d elementor-section-boxed elementor-section-height-default elementor-section-height-default\" data-id=\"b54536d\" data-element_type=\"section\">\n\t\t\t\t\t\t<div class=\"elementor-container elementor-column-gap-default\">\n\t\t\t\t\t<div class=\"elementor-column elementor-col-100 elementor-top-column elementor-element elementor-element-90027fa top column-style-top\" data-id=\"90027fa\" data-element_type=\"column\">\n\t\t\t<div class=\"elementor-widget-wrap\">\n\t\t\t\t\t\t\t<\/div>\n\t\t<\/div>\n\t\t\t\t\t<\/div>\n\t\t<\/section>\n\t\t\t\t<section class=\"elementor-section elementor-top-section elementor-element elementor-element-c7876ad elementor-section-full_width elementor-section-height-default elementor-section-height-default\" data-id=\"c7876ad\" data-element_type=\"section\">\n\t\t\t\t\t\t<div class=\"elementor-container elementor-column-gap-default\">\n\t\t\t\t\t<div class=\"elementor-column elementor-col-100 elementor-top-column elementor-element elementor-element-0b4e60a top column-style-top\" data-id=\"0b4e60a\" data-element_type=\"column\">\n\t\t\t<div class=\"elementor-widget-wrap elementor-element-populated\">\n\t\t\t\t\t\t<div class=\"elementor-element elementor-element-b1c3caf elementor-widget elementor-widget-image\" data-id=\"b1c3caf\" data-element_type=\"widget\" data-widget_type=\"image.default\">\n\t\t\t\t<div class=\"elementor-widget-container\">\n\t\t\t\t\t\t\t\t\t\t\t\t\t\t\t<img fetchpriority=\"high\" decoding=\"async\" width=\"1920\" height=\"284\" src=\"https:\/\/nuclearelectrica.ro\/snn\/wp-content\/uploads\/sites\/2\/2024\/10\/SNN_ptSITE_pagini-SNN_DESPRE-NOI_benzi_05-Sec-nucl_20241011.jpg\" class=\"attachment-full size-full wp-image-41030\" alt=\"\" srcset=\"https:\/\/nuclearelectrica.ro\/snn\/wp-content\/uploads\/sites\/2\/2024\/10\/SNN_ptSITE_pagini-SNN_DESPRE-NOI_benzi_05-Sec-nucl_20241011.jpg 1920w, https:\/\/nuclearelectrica.ro\/snn\/wp-content\/uploads\/sites\/2\/2024\/10\/SNN_ptSITE_pagini-SNN_DESPRE-NOI_benzi_05-Sec-nucl_20241011-1024x151.jpg 1024w, https:\/\/nuclearelectrica.ro\/snn\/wp-content\/uploads\/sites\/2\/2024\/10\/SNN_ptSITE_pagini-SNN_DESPRE-NOI_benzi_05-Sec-nucl_20241011-768x114.jpg 768w, https:\/\/nuclearelectrica.ro\/snn\/wp-content\/uploads\/sites\/2\/2024\/10\/SNN_ptSITE_pagini-SNN_DESPRE-NOI_benzi_05-Sec-nucl_20241011-600x89.jpg 600w\" sizes=\"(max-width: 1920px) 100vw, 1920px\" \/>\t\t\t\t\t\t\t\t\t\t\t\t\t\t\t<\/div>\n\t\t\t\t<\/div>\n\t\t\t\t<section class=\"elementor-section elementor-inner-section elementor-element elementor-element-ecf4c2a relative elementor-section-boxed elementor-section-height-default elementor-section-height-default\" data-id=\"ecf4c2a\" data-element_type=\"section\">\n\t\t\t\t\t\t<div class=\"elementor-container elementor-column-gap-default\">\n\t\t\t\t\t<div class=\"elementor-column elementor-col-100 elementor-inner-column elementor-element elementor-element-7878904 elementor-container top column-style-top\" data-id=\"7878904\" data-element_type=\"column\">\n\t\t\t<div class=\"elementor-widget-wrap elementor-element-populated\">\n\t\t\t\t\t\t<div class=\"elementor-element elementor-element-95e4260 elementor-widget__width-initial elementor-widget elementor-widget-heading\" data-id=\"95e4260\" data-element_type=\"widget\" data-widget_type=\"heading.default\">\n\t\t\t\t<div class=\"elementor-widget-container\">\n\t\t\t\t\t<h1 class=\"elementor-heading-title elementor-size-default\">Securitate nuclear\u0103<\/h1>\t\t\t\t<\/div>\n\t\t\t\t<\/div>\n\t\t\t\t\t<\/div>\n\t\t<\/div>\n\t\t\t\t\t<\/div>\n\t\t<\/section>\n\t\t\t\t\t<\/div>\n\t\t<\/div>\n\t\t\t\t\t<\/div>\n\t\t<\/section>\n\t\t\t\t<section class=\"elementor-section elementor-top-section elementor-element elementor-element-5a75789 elementor-section-boxed elementor-section-height-default elementor-section-height-default\" data-id=\"5a75789\" data-element_type=\"section\">\n\t\t\t\t\t\t<div class=\"elementor-container elementor-column-gap-default\">\n\t\t\t\t\t<div class=\"elementor-column elementor-col-100 elementor-top-column elementor-element elementor-element-e6ef282 top column-style-top\" data-id=\"e6ef282\" data-element_type=\"column\">\n\t\t\t<div class=\"elementor-widget-wrap elementor-element-populated\">\n\t\t\t\t\t\t<div class=\"elementor-element elementor-element-ba9b484 elementor-widget elementor-widget-text-editor\" data-id=\"ba9b484\" data-element_type=\"widget\" data-widget_type=\"text-editor.default\">\n\t\t\t\t<div class=\"elementor-widget-container\">\n\t\t\t\t\t\t\t\t\t<p style=\"text-align: justify;\"><a href=\"https:\/\/nuclearelectrica.ro\/snn\/wp-content\/uploads\/sites\/2\/2024\/10\/Media2.jpg\"><img decoding=\"async\" class=\"alignright wp-image-567 \" src=\"https:\/\/nuclearelectrica.ro\/snn\/wp-content\/uploads\/sites\/2\/2024\/10\/Media2.jpg\" alt=\"Media2\" width=\"450\" height=\"450\" \/><\/a><\/p>\n<p style=\"text-align: justify;\">Mentinerea permanenata a unui inalt nivel de securitate nucleara in toate fazele de realizare si exploatare a obiectivelor si instalatiilor nucleare este de o importanta vitala si constituie prima prioritate pentru Societatea Nationala \u201cNuclearelectrica\u201d SA.<\/p>\n<p style=\"text-align: justify;\">Gradul inalt de securitate nucleara este asigurat de modul in care obiectivele si instalatiile nucleare sunt proiectate, construite, puse in functiune si exploatate.<\/p>\n<p style=\"text-align: justify;\">Documentul cuprinzand Politica de securitate nucleara elaborat in cadrul Societatii Nationale \u201cNuclearelectrica\u201d SA si aprobat de Autoritatea de reglementare in domeniul nuclear din Romania, garanteaza performante deosebite in toate activitatile importante pentru asigurarea securitatii nucleare, in toate fazele de realizare si exploatare a obiectivelor si instalatiilor nucleare.<\/p>\n<p style=\"text-align: justify;\">Acest document confirma si intareste faptul ca securitatea nucleara are prioritate maxima, fata de cerintele legate de productie sau de termenele planificate in realizarea activitatilor de investitii.<\/p>\n<p style=\"text-align: justify;\"><strong>Securitatea nucleara ca domeniu este un ansamblu de masuri tehnice si organizatorice destinate sa:<\/strong><\/p>\n<p style=\"text-align: justify;\">&#8211; Asigure functionarea instalatiilor nucleare in conditii de siguranta;<\/p>\n<p style=\"text-align: justify;\">&#8211; Sa previna si sa limiteze deteriorarea acestora;<\/p>\n<p style=\"text-align: justify;\">&#8211; Sa asigure protectia personalului, populatiei si a mediului inconjurator impotriva iradierii sau contaminarii radioactive<\/p>\n<p style=\"text-align: justify;\"><strong>Pe aceste deziderate se bazeaza si filozofia de securitate nuclear\u0103 a centralelor de tip CANDU6 . Aceasta filozofie are la baza trei principii fundamentale si anume:<\/strong><\/p>\n<p style=\"text-align: justify;\">Principiul Protec\u0163iei-\u00een-Ad\u00e2ncime, care consta in atingerea unui nivel ridicat al performan\u0163elor tehnice \u015fi de securitate nuclear\u0103, prin prevederea unor bariere fizice multiple \u00een calea eliber\u0103rilor de radioactivitate spre mediu (matricea combustibilului nuclear; teaca elementului combustibil; incinta sub presiune a circuitului primar; sistemul anvelopei; zona de excludere).<\/p>\n<p style=\"text-align: justify;\">Principiul ALARA, ale c\u0103rui obiective trebuie s\u0103 asigure protec\u0163ia personalului de exploatare, a popula\u0163iei \u015fi mediului \u00eenconjur\u0103tor, prin stabilirea \u015fi men\u0163inerea unei protec\u0163ii adecvate \u00eempotriva riscurilor radiologice.<\/p>\n<p style=\"text-align: justify;\">Principiul Grup\u0103rii \u015fi Separ\u0103rii, Gruparea sistemelor cu func\u0163ii de securitate \u00een dou\u0103 grupuri a fost adoptat\u0103 \u00een proiectul centralei cu scopul de a prevede protec\u0163ia CNE \u00eempotriva unor evenimente de cauz\u0103 comun\u0103 care ar produce distrugeri pe zone \u00eentinse din central\u0103, \u00een acela\u015fi moment de timp.<\/p>\nAplicarea cu consecventa a principiilor cuprinse in acest document au asigurat si asigura furnizarea de energie electrica in conditii foarte bune si un grad ridicat, la nivelul standardelor international, al securitatii nucleare la CNE Cernavoda.\t\t\t\t\t\t\t\t<\/div>\n\t\t\t\t<\/div>\n\t\t\t\t\t<\/div>\n\t\t<\/div>\n\t\t\t\t\t<\/div>\n\t\t<\/section>\n\t\t\t\t<section class=\"elementor-section elementor-top-section elementor-element elementor-element-06e6f24 elementor-section-full_width elementor-section-height-default elementor-section-height-default\" data-id=\"06e6f24\" data-element_type=\"section\" data-settings=\"{&quot;background_background&quot;:&quot;classic&quot;}\">\n\t\t\t\t\t\t<div class=\"elementor-container elementor-column-gap-default\">\n\t\t\t\t\t<div class=\"elementor-column elementor-col-100 elementor-top-column elementor-element elementor-element-e0cc440 top column-style-top\" data-id=\"e0cc440\" data-element_type=\"column\">\n\t\t\t<div class=\"elementor-widget-wrap elementor-element-populated\">\n\t\t\t\t\t\t<div class=\"elementor-element elementor-element-2f585d9 elementor-widget elementor-widget-gva-heading-block\" data-id=\"2f585d9\" data-element_type=\"widget\" data-widget_type=\"gva-heading-block.default\">\n\t\t\t\t<div class=\"elementor-widget-container\">\n\t\t\t\t\t<div class=\"gva-element-gva-heading-block gva-element\">   <div class=\"align-center style-1 widget gsc-heading box-align-center\">\r\n      <div class=\"content-inner\">\r\n         \r\n                  \r\n           \r\n         \r\n                     <h3 class=\"title\">\r\n               <span>Declara\u021bie privind angajamentul referitor la asigurarea Securit\u0103\u021bii Nucleare \u00een cadrul Societ\u0103\u021bii Na\u021bionale Nuclearelectrica SA\u200b<\/span>\r\n            <\/h3>\r\n                  \r\n                     <div class=\"heading-action\">\r\n                       <a href=\"https:\/\/nuclearelectrica.ro\/snn\/wp-content\/uploads\/sites\/2\/2024\/10\/Declaratie-SN-2018.pdf\" class=\"btn-cta btn-theme \">\r\n          <span>Descarc\u0103<\/span>\r\n        <\/a>\r\n\r\n                    <\/div>\r\n         \r\n      <\/div>\r\n   <\/div>\r\n   <div class=\"clearfix\"><\/div>\r\n<\/div>\t\t\t\t<\/div>\n\t\t\t\t<\/div>\n\t\t\t\t\t<\/div>\n\t\t<\/div>\n\t\t\t\t\t<\/div>\n\t\t<\/section>\n\t\t\t\t<\/div>\n\t\t","protected":false},"excerpt":{"rendered":"<p>Securitate nuclear\u0103 Mentinerea permanenata a unui inalt nivel de securitate nucleara in toate fazele de realizare si exploatare a obiectivelor si instalatiilor nucleare este de o importanta vitala si constituie prima prioritate pentru Societatea Nationala \u201cNuclearelectrica\u201d SA. Gradul inalt de securitate nucleara este asigurat de modul in care obiectivele si instalatiile nucleare sunt proiectate, construite, [&hellip;]<\/p>\n","protected":false},"author":2,"featured_media":0,"parent":4004,"menu_order":0,"comment_status":"closed","ping_status":"closed","template":"elementor_theme","meta":{"footnotes":""},"class_list":["post-40602","page","type-page","status-publish","hentry"],"_links":{"self":[{"href":"https:\/\/nuclearelectrica.ro\/snn\/wp-json\/wp\/v2\/pages\/40602","targetHints":{"allow":["GET"]}}],"collection":[{"href":"https:\/\/nuclearelectrica.ro\/snn\/wp-json\/wp\/v2\/pages"}],"about":[{"href":"https:\/\/nuclearelectrica.ro\/snn\/wp-json\/wp\/v2\/types\/page"}],"author":[{"embeddable":true,"href":"https:\/\/nuclearelectrica.ro\/snn\/wp-json\/wp\/v2\/users\/2"}],"replies":[{"embeddable":true,"href":"https:\/\/nuclearelectrica.ro\/snn\/wp-json\/wp\/v2\/comments?post=40602"}],"version-history":[{"count":42,"href":"https:\/\/nuclearelectrica.ro\/snn\/wp-json\/wp\/v2\/pages\/40602\/revisions"}],"predecessor-version":[{"id":41220,"href":"https:\/\/nuclearelectrica.ro\/snn\/wp-json\/wp\/v2\/pages\/40602\/revisions\/41220"}],"up":[{"embeddable":true,"href":"https:\/\/nuclearelectrica.ro\/snn\/wp-json\/wp\/v2\/pages\/4004"}],"wp:attachment":[{"href":"https:\/\/nuclearelectrica.ro\/snn\/wp-json\/wp\/v2\/media?parent=40602"}],"curies":[{"name":"wp","href":"https:\/\/api.w.org\/{rel}","templated":true}]}}