{"id":40718,"date":"2024-10-08T11:53:53","date_gmt":"2024-10-08T11:53:53","guid":{"rendered":"https:\/\/nuclearelectrica.ro\/snn\/?page_id=40718"},"modified":"2026-04-01T11:16:22","modified_gmt":"2026-04-01T11:16:22","slug":"retehnologizarea-unitatii-1","status":"publish","type":"page","link":"https:\/\/nuclearelectrica.ro\/snn\/proiecte-de-investitii\/retehnologizarea-unitatii-1\/","title":{"rendered":"Retehnologizarea Unit\u0103\u021bii 1"},"content":{"rendered":"\t\t<div data-elementor-type=\"wp-page\" data-elementor-id=\"40718\" class=\"elementor elementor-40718\">\n\t\t\t\t\t\t<section class=\"elementor-section elementor-top-section elementor-element elementor-element-7c85c9b elementor-section-full_width elementor-section-height-default elementor-section-height-default\" data-id=\"7c85c9b\" data-element_type=\"section\">\n\t\t\t\t\t\t<div class=\"elementor-container elementor-column-gap-default\">\n\t\t\t\t\t<div class=\"elementor-column elementor-col-100 elementor-top-column elementor-element elementor-element-ee80fe0 top column-style-top\" data-id=\"ee80fe0\" data-element_type=\"column\">\n\t\t\t<div class=\"elementor-widget-wrap elementor-element-populated\">\n\t\t\t\t\t\t<div class=\"elementor-element elementor-element-a15de06 elementor-widget elementor-widget-image\" data-id=\"a15de06\" data-element_type=\"widget\" data-widget_type=\"image.default\">\n\t\t\t\t<div class=\"elementor-widget-container\">\n\t\t\t\t\t\t\t\t\t\t\t\t\t\t\t<img fetchpriority=\"high\" decoding=\"async\" width=\"1920\" height=\"283\" src=\"https:\/\/nuclearelectrica.ro\/snn\/wp-content\/uploads\/sites\/2\/2026\/03\/RTH_ptSITE_benzi_RO_20260330.jpg\" class=\"attachment-full size-full wp-image-47591\" alt=\"\" srcset=\"https:\/\/nuclearelectrica.ro\/snn\/wp-content\/uploads\/sites\/2\/2026\/03\/RTH_ptSITE_benzi_RO_20260330.jpg 1920w, https:\/\/nuclearelectrica.ro\/snn\/wp-content\/uploads\/sites\/2\/2026\/03\/RTH_ptSITE_benzi_RO_20260330-1024x151.jpg 1024w, https:\/\/nuclearelectrica.ro\/snn\/wp-content\/uploads\/sites\/2\/2026\/03\/RTH_ptSITE_benzi_RO_20260330-768x113.jpg 768w\" sizes=\"(max-width: 1920px) 100vw, 1920px\" \/>\t\t\t\t\t\t\t\t\t\t\t\t\t\t\t<\/div>\n\t\t\t\t<\/div>\n\t\t\t\t\t<\/div>\n\t\t<\/div>\n\t\t\t\t\t<\/div>\n\t\t<\/section>\n\t\t\t\t<section class=\"elementor-section elementor-top-section elementor-element elementor-element-3fcf03f elementor-section-boxed elementor-section-height-default elementor-section-height-default\" data-id=\"3fcf03f\" data-element_type=\"section\">\n\t\t\t\t\t\t<div class=\"elementor-container elementor-column-gap-default\">\n\t\t\t\t\t<div class=\"elementor-column elementor-col-100 elementor-top-column elementor-element elementor-element-5c777f0 top column-style-top\" data-id=\"5c777f0\" data-element_type=\"column\">\n\t\t\t<div class=\"elementor-widget-wrap elementor-element-populated\">\n\t\t\t\t\t\t<div class=\"elementor-element elementor-element-9931162 elementor-widget__width-initial elementor-widget elementor-widget-video\" data-id=\"9931162\" data-element_type=\"widget\" data-settings=\"{&quot;video_type&quot;:&quot;hosted&quot;,&quot;controls&quot;:&quot;yes&quot;}\" data-widget_type=\"video.default\">\n\t\t\t\t<div class=\"elementor-widget-container\">\n\t\t\t\t\t\t\t<div class=\"e-hosted-video elementor-wrapper elementor-open-inline\">\n\t\t\t\t\t<video class=\"elementor-video\" src=\"https:\/\/nuclearelectrica.ro\/snn\/wp-content\/uploads\/sites\/2\/2026\/03\/Film-Inspirational-RTH-v6-lowres-1.mp4\" controls=\"\" preload=\"metadata\" controlsList=\"nodownload\"><\/video>\n\t\t\t\t<\/div>\n\t\t\t\t\t\t<\/div>\n\t\t\t\t<\/div>\n\t\t\t\t<div class=\"elementor-element elementor-element-73f6256 elementor-widget__width-initial elementor-widget elementor-widget-text-editor\" data-id=\"73f6256\" data-element_type=\"widget\" data-widget_type=\"text-editor.default\">\n\t\t\t\t<div class=\"elementor-widget-container\">\n\t\t\t\t\t\t\t\t\t<h2>\u00a0<\/h2><h2>Retehnologizarea Unit\u0103\u021bii 1 \u2013 Energiz\u0103m 1 milion de locuin\u021be din Rom\u00e2nia<\/h2><p>Nuclearelectrica joac\u0103 un rol major \u00een asigurarea securit\u0103\u021bii energetice a Rom\u00e2niei, printr-o produc\u021bie stabil\u0103 \u0219i fiabil\u0103 de energie cu emisii reduse de dioxid de carbon.<\/p><p>Programul nuclear rom\u00e2nesc pentru construirea unui viitor curat are \u00een vedere investi\u021bii strategice menite s\u0103 modernizeze \u0219i s\u0103 extind\u0103 capacit\u0103\u021bile de produc\u021bie, contribuind astfel la tranzi\u021bia energetic\u0103 \u0219i la atingerea obiectivelor de decarbonizare ale Rom\u00e2niei.<\/p><p>Prin Retehnologizarea Unit\u0103\u021bii 1 a Centralei Nuclearoelectrice de la Cernavod\u0103, Rom\u00e2nia \u00ee\u0219i consolideaz\u0103 securitatea energetic\u0103, iar Nuclearelectrica va continua sa asigure <strong>20% din necesarul na\u021bional de energie electric\u0103<\/strong>\u00a0din surse nucleare.\u00a0<\/p><p>Unitatea 1 CNE Cernavod\u0103 a fost pus\u0103 \u00een func\u021biune \u00een 1996 \u0219i a marcat \u00eenceputul \u0219i dezvoltarea programului nuclear rom\u00e2nesc \u00een exploatare. Genera\u021bii de speciali\u0219ti ai industriei nucleare rom\u00e2ne\u0219ti, mentorii de ast\u0103zi, s-au format \u0219i au performat construind \u0219i oper\u00e2nd Unitatea 1.<\/p><p>Din 1996 p\u00e2n\u0103 \u00een prezent, exploatarea Unit\u0103\u021bii 1 a dus la evitarea a 145 de milioane de tone de CO2 \u00een atmosfer\u0103, a livrat \u00een siguran\u021b\u0103 peste 149 de milioane de MWh, la un factor de capacitate de peste 90%. Rom\u00e2nia ocup\u0103 primul loc la nivel interna\u021bional \u00een ceea ce prive\u0219te factorul de capacitate de la \u00eenfiin\u021barea centralei.<\/p><p>Unitatea 1 a reprezentat, de asemenea, modelul de referin\u021b\u0103 pentru Unitatea 2 \u0219i, \u00eempreun\u0103, au plasat Rom\u00e2nia pe primul loc \u00een func\u021bie de factorul de capacitate, un loc pe care Rom\u00e2nia \u00eel ocup\u0103 \u0219i ast\u0103zi, de\u0219i Unitatea 1 se apropie de sf\u00e2r\u0219itul primului s\u0103u ciclu de via\u021b\u0103.<\/p><p><strong>Precizie \u00een ac\u021biune. Eficien\u021b\u0103 \u00een gestionarea resurselor financiare \u0219i umane. Securitate nuclear\u0103 ca prioritate absolut\u0103.<\/strong><\/p><p>Retehnologizarea Unit\u0103\u021bii\u00a0 1 este un pilon al securit\u0103\u021bii energetice na\u021bionale. \u00a0Retehnologizarea \u00eenseamn\u0103 investi\u021bii, infrastructur\u0103 modernizat\u0103 \u0219i o contribu\u021bie real\u0103 la bun\u0103starea Rom\u00e2niei.<\/p><p>Proiectul este un mecanism cu elemente interconectate. Func\u021bionarea sa eficace necesit\u0103 cea mai buna expertiz\u0103, focus sporit \u0219i decizii agile.<\/p><p>Retehnologizarea este o promisiune a profesioni\u0219tilor din industria nuclear\u0103 pentru livrarea unei unit\u0103\u021bii unu moderne, eficiente \u0219i sigure, care va furniza, timp de \u00eenc\u0103 30 de ani, 10% din energia necesar\u0103 Rom\u00e2niei.<\/p><p>Este o promisiune pentru stabilitate energetic\u0103, pentru un viitor curat \u0219i sustenabil.<\/p><p><strong>Fact sheet<\/strong><\/p><p><strong>Istoric &amp; performan\u021b\u0103 a Unit\u0103\u021bii 1 a CNE Cernavod\u0103<\/strong> (1996 \u2013 2025)<\/p><ul><li>Pus\u0103 \u00een func\u021biune \u00een 1996<\/li><li>149 milioane MWh produ\u0219i (decembrie 2025)<\/li><li>Contribu\u021bie: ~9% din consumul na\u021bional anual<\/li><li>145 milioane tone CO\u2082 evitate (2025)<\/li><li>Foarte mul\u021bi ani la r\u00e2nd s-a aflat \u00een top 3 reactoare din lume din punct de vedere al factorului de capacitate (FC la zi: peste 90%)<\/li><\/ul><p><strong>Obiective<\/strong><\/p><ul><li>Prelungirea vie\u021bii reactorului de la unitatea 1 cu \u00eenc\u0103 30 ani, \u00eencep\u00e2nd cu 2030;<\/li><li>Operarea \u00een siguran\u021b\u0103 \u0219i \u00een condi\u021bii de eficien\u021b\u0103 economic\u0103 a U1, pe o perioad\u0103 de \u00eenc\u0103 30 de ani de zile;<\/li><li>Conservarea lan\u021bului furnizorilor de produse \u0219i servicii \u00een conformitate cu standardele de calitate specifice industriei nucleare.<\/li><\/ul><p><strong>Beneficii<\/strong><\/p><ul><li>5 milioane MWh\/an energie curat\u0103, sigur\u0103, stabil\u0103 \u0219i accesibil\u0103;<\/li><li>5 milioane tone CO\u2082 evitate\/an;<\/li><li>Crearea \u0219i men\u021binerea locurilor de munc\u0103 pentru urm\u0103torii 30 ani;<\/li><li>Dezvoltarea expertizei \u0219i cre\u0219terea num\u0103rului de speciali\u0219ti dedica\u021bi proiectului;<\/li><\/ul><p><strong>Fazele proiectului<\/strong><\/p><p><strong>Faza\u00a01<\/strong> \u2013 Definirea scopului proiectului\u00a0(Decembrie 2017 \u2013 Februarie 2022): finalizat\u0103, odat\u0103 cu Decizia Final\u0103 de Investi\u021bie aprobat\u0103 la data de 23 februarie 2022, pe baza Studiului de Fezabilitate;<\/p><p><strong>Faza 2<\/strong> \u2013 Preg\u0103tirea implement\u0103rii\u00a0(2024\u20132027)\u00a0\u2013 \u00een curs de implementare<\/p><p>Activit\u0103\u021bi principale: inginerie, procurare, contract EPC, avize &amp; autoriza\u021bii, licen\u021biere, opinie CE, finan\u021bare, planificare,\u00a0construc\u021bie infrastructur\u0103;<\/p><p><strong>Repere \u2013 etapa 2<\/strong><\/p><ul><li>11 iunie 2024:\u00a0semnarea acordului-cadru\u00a0cu Canadian Nuclear Partners S.A. pentru servicii de PMO;<\/li><li>19 decembrie 2024:\u00a0semnarea contractului\u00a0EPC (Inginerie, Procurare \u0219i Construc\u021bie)\u00a0\u00eentre SNN \u0219i consor\u021biul interna\u021bional (Candu Energy Inc.\/AtkinsR\u00e9alis, Ansaldo Nucleare, Canadian Commercial Corporation, KHNP);<\/li><li>20 august 2025:\u00a0semnarea contractului\u00a0de retehnologizare a turbogeneratorului\u00a0cu ArabelleS;<\/li><li>08 august 2025:\u00a0\u00eenceperea lucr\u0103rilor la infrastructura\u00a0necesar\u0103 proiectului;<\/li><li>3 septembrie 2025:\u00a0ceremonia de inaugurare\u00a0a lucr\u0103rilor de construc\u021bie;<\/li><li>Finalizare: 2027.<\/li><\/ul><p><strong>Faza 3<\/strong> \u2013 Implementare efectiv\u0103 a lucr\u0103rilor de modernizare a Unit\u0103\u021bii 1\u00a0(2027\u20132030)<\/p><h3><strong>\u0218tiri despre proiect<\/strong><\/h3><p class=\"entry-title\"><a href=\"https:\/\/nuclearelectrica.ro\/snn\/2025\/10\/08\/sn-nuclearelectrica-sa-semneaza-acorduri-strategice-cu-grupul-francez-edf-pentru-retehnologizarea-unitatii-1-de-la-cernavoda-si-proiectul-de-radioizotopi-medicali\/\" target=\"_blank\" rel=\"noopener\"><strong>SN Nuclearelectrica SA semneaz\u0103 acorduri strategice cu grupul francez EDF pentru Retehnologizarea Unit\u0103\u021bii 1 de la Cernavod\u0103 \u0219i Proiectul de Radioizotopi Medicali<\/strong><\/a><\/p><p class=\"entry-title\"><a href=\"https:\/\/nuclearelectrica.ro\/snn\/2025\/09\/03\/sn-nuclearelectrica-sa-a-inceput-astazi-lucrarile-civile-de-constructie-pentru-proiectul-retehnologizarii-unitatii-1-cne-cernavoda-2\/\" target=\"_blank\" rel=\"noopener\"><strong>SN Nuclearelectrica SA a \u00eenceput ast\u0103zi lucr\u0103rile civile de construc\u021bie pentru Proiectul Retehnologiz\u0103rii Unit\u0103\u021bii 1 CNE Cernavod\u0103<\/strong><\/a><\/p>\t\t\t\t\t\t\t\t<\/div>\n\t\t\t\t<\/div>\n\t\t\t\t<div class=\"elementor-element elementor-element-7349c1b elementor-widget elementor-widget-video\" data-id=\"7349c1b\" data-element_type=\"widget\" data-settings=\"{&quot;video_type&quot;:&quot;hosted&quot;,&quot;controls&quot;:&quot;yes&quot;}\" data-widget_type=\"video.default\">\n\t\t\t\t<div class=\"elementor-widget-container\">\n\t\t\t\t\t\t\t<div class=\"e-hosted-video elementor-wrapper elementor-open-inline\">\n\t\t\t\t\t<video class=\"elementor-video\" src=\"https:\/\/nuclearelectrica.ro\/snn\/wp-content\/uploads\/sites\/2\/2026\/03\/RTH-Flux-23mar26-lowres.mp4\" controls=\"\" preload=\"metadata\" controlsList=\"nodownload\"><\/video>\n\t\t\t\t<\/div>\n\t\t\t\t\t\t<\/div>\n\t\t\t\t<\/div>\n\t\t\t\t\t<\/div>\n\t\t<\/div>\n\t\t\t\t\t<\/div>\n\t\t<\/section>\n\t\t\t\t<\/div>\n\t\t","protected":false},"excerpt":{"rendered":"<p>https:\/\/nuclearelectrica.ro\/snn\/wp-content\/uploads\/sites\/2\/2026\/03\/Film-Inspirational-RTH-v6-lowres-1.mp4 \u00a0 Retehnologizarea Unit\u0103\u021bii 1 \u2013 Energiz\u0103m 1 milion de locuin\u021be din Rom\u00e2nia Nuclearelectrica joac\u0103 un rol major \u00een asigurarea securit\u0103\u021bii energetice a Rom\u00e2niei, printr-o produc\u021bie stabil\u0103 \u0219i fiabil\u0103 de energie cu emisii reduse de dioxid de carbon. Programul nuclear rom\u00e2nesc pentru construirea unui viitor curat are \u00een vedere investi\u021bii strategice menite s\u0103 modernizeze \u0219i [&hellip;]<\/p>\n","protected":false},"author":2,"featured_media":0,"parent":40806,"menu_order":0,"comment_status":"closed","ping_status":"closed","template":"","meta":{"footnotes":""},"class_list":["post-40718","page","type-page","status-publish","hentry"],"_links":{"self":[{"href":"https:\/\/nuclearelectrica.ro\/snn\/wp-json\/wp\/v2\/pages\/40718","targetHints":{"allow":["GET"]}}],"collection":[{"href":"https:\/\/nuclearelectrica.ro\/snn\/wp-json\/wp\/v2\/pages"}],"about":[{"href":"https:\/\/nuclearelectrica.ro\/snn\/wp-json\/wp\/v2\/types\/page"}],"author":[{"embeddable":true,"href":"https:\/\/nuclearelectrica.ro\/snn\/wp-json\/wp\/v2\/users\/2"}],"replies":[{"embeddable":true,"href":"https:\/\/nuclearelectrica.ro\/snn\/wp-json\/wp\/v2\/comments?post=40718"}],"version-history":[{"count":71,"href":"https:\/\/nuclearelectrica.ro\/snn\/wp-json\/wp\/v2\/pages\/40718\/revisions"}],"predecessor-version":[{"id":47621,"href":"https:\/\/nuclearelectrica.ro\/snn\/wp-json\/wp\/v2\/pages\/40718\/revisions\/47621"}],"up":[{"embeddable":true,"href":"https:\/\/nuclearelectrica.ro\/snn\/wp-json\/wp\/v2\/pages\/40806"}],"wp:attachment":[{"href":"https:\/\/nuclearelectrica.ro\/snn\/wp-json\/wp\/v2\/media?parent=40718"}],"curies":[{"name":"wp","href":"https:\/\/api.w.org\/{rel}","templated":true}]}}