{"id":40724,"date":"2024-10-08T12:01:41","date_gmt":"2024-10-08T12:01:41","guid":{"rendered":"https:\/\/nuclearelectrica.ro\/snn\/?page_id=40724"},"modified":"2024-11-26T13:58:27","modified_gmt":"2024-11-26T13:58:27","slug":"proiectele-3-si-4","status":"publish","type":"page","link":"https:\/\/nuclearelectrica.ro\/snn\/proiecte-de-investitii\/proiectele-3-si-4\/","title":{"rendered":"Proiectele 3 \u0219i 4"},"content":{"rendered":"\t\t<div data-elementor-type=\"wp-page\" data-elementor-id=\"40724\" class=\"elementor elementor-40724\">\n\t\t\t\t\t\t<section class=\"elementor-section elementor-top-section elementor-element elementor-element-15ddccb elementor-section-full_width elementor-section-height-default elementor-section-height-default\" data-id=\"15ddccb\" data-element_type=\"section\">\n\t\t\t\t\t\t<div class=\"elementor-container elementor-column-gap-default\">\n\t\t\t\t\t<div class=\"elementor-column elementor-col-100 elementor-top-column elementor-element elementor-element-e43a4c7 top column-style-top\" data-id=\"e43a4c7\" data-element_type=\"column\">\n\t\t\t<div class=\"elementor-widget-wrap elementor-element-populated\">\n\t\t\t\t\t\t<div class=\"elementor-element elementor-element-d3a6264 elementor-widget elementor-widget-image\" data-id=\"d3a6264\" data-element_type=\"widget\" data-widget_type=\"image.default\">\n\t\t\t\t<div class=\"elementor-widget-container\">\n\t\t\t\t\t\t\t\t\t\t\t\t\t\t\t<img fetchpriority=\"high\" decoding=\"async\" width=\"1920\" height=\"283\" src=\"https:\/\/nuclearelectrica.ro\/snn\/wp-content\/uploads\/sites\/2\/2024\/11\/SNN_ptSITE_pagini-SNN_PROIECTE_benzi_U34_20241031.jpg\" class=\"attachment-full size-full wp-image-41384\" alt=\"\" srcset=\"https:\/\/nuclearelectrica.ro\/snn\/wp-content\/uploads\/sites\/2\/2024\/11\/SNN_ptSITE_pagini-SNN_PROIECTE_benzi_U34_20241031.jpg 1920w, https:\/\/nuclearelectrica.ro\/snn\/wp-content\/uploads\/sites\/2\/2024\/11\/SNN_ptSITE_pagini-SNN_PROIECTE_benzi_U34_20241031-1024x151.jpg 1024w, https:\/\/nuclearelectrica.ro\/snn\/wp-content\/uploads\/sites\/2\/2024\/11\/SNN_ptSITE_pagini-SNN_PROIECTE_benzi_U34_20241031-768x113.jpg 768w, https:\/\/nuclearelectrica.ro\/snn\/wp-content\/uploads\/sites\/2\/2024\/11\/SNN_ptSITE_pagini-SNN_PROIECTE_benzi_U34_20241031-600x88.jpg 600w\" sizes=\"(max-width: 1920px) 100vw, 1920px\" \/>\t\t\t\t\t\t\t\t\t\t\t\t\t\t\t<\/div>\n\t\t\t\t<\/div>\n\t\t\t\t<section class=\"elementor-section elementor-inner-section elementor-element elementor-element-ea4863b relative elementor-section-boxed elementor-section-height-default elementor-section-height-default\" data-id=\"ea4863b\" data-element_type=\"section\">\n\t\t\t\t\t\t<div class=\"elementor-container elementor-column-gap-default\">\n\t\t\t\t\t<div class=\"elementor-column elementor-col-100 elementor-inner-column elementor-element elementor-element-d23455d elementor-container top column-style-top\" data-id=\"d23455d\" data-element_type=\"column\">\n\t\t\t<div class=\"elementor-widget-wrap elementor-element-populated\">\n\t\t\t\t\t\t<div class=\"elementor-element elementor-element-cb9227e elementor-widget__width-initial elementor-widget elementor-widget-heading\" data-id=\"cb9227e\" data-element_type=\"widget\" data-widget_type=\"heading.default\">\n\t\t\t\t<div class=\"elementor-widget-container\">\n\t\t\t\t\t<h1 class=\"elementor-heading-title elementor-size-default\">Proiectele 3 \u0219i 4<\/h1>\t\t\t\t<\/div>\n\t\t\t\t<\/div>\n\t\t\t\t\t<\/div>\n\t\t<\/div>\n\t\t\t\t\t<\/div>\n\t\t<\/section>\n\t\t\t\t\t<\/div>\n\t\t<\/div>\n\t\t\t\t\t<\/div>\n\t\t<\/section>\n\t\t\t\t<section class=\"elementor-section elementor-top-section elementor-element elementor-element-7274514 elementor-section-boxed elementor-section-height-default elementor-section-height-default\" data-id=\"7274514\" data-element_type=\"section\">\n\t\t\t\t\t\t<div class=\"elementor-container elementor-column-gap-default\">\n\t\t\t\t\t<div class=\"elementor-column elementor-col-100 elementor-top-column elementor-element elementor-element-beea248 top column-style-top\" data-id=\"beea248\" data-element_type=\"column\">\n\t\t\t<div class=\"elementor-widget-wrap elementor-element-populated\">\n\t\t\t\t\t\t<div class=\"elementor-element elementor-element-ebd5b11 elementor-widget elementor-widget-text-editor\" data-id=\"ebd5b11\" data-element_type=\"widget\" data-widget_type=\"text-editor.default\">\n\t\t\t\t<div class=\"elementor-widget-container\">\n\t\t\t\t\t\t\t\t\t<p><a href=\"https:\/\/nuclearelectrica.ro\/wp-content\/uploads\/2014\/06\/Proiecte-de-investitii.jpg\"><img decoding=\"async\" class=\"alignright\" src=\"https:\/\/nuclearelectrica.ro\/wp-content\/uploads\/2014\/06\/Proiecte-de-investitii-300x146.jpg\" sizes=\"(max-width: 300px) 100vw, 300px\" srcset=\"https:\/\/nuclearelectrica.ro\/wp-content\/uploads\/2014\/06\/Proiecte-de-investitii-300x146.jpg 300w, https:\/\/nuclearelectrica.ro\/wp-content\/uploads\/2014\/06\/Proiecte-de-investitii.jpg 1000w\" alt=\"Proiecte de investitii\" width=\"300\" height=\"146\" \/><\/a><\/p><h2><span style=\"vertical-align: inherit;\">Context<\/span><\/h2><p>Proiectul Unit\u0103\u021bilor CANDU 3 si 4 CNE Cernavoda este prev\u0103zut \u00een Proiectul de Strategie Energetic\u0103 a Rom\u00e2niei 2019-2030 cu perspectiva anului 2050 precum \u0219i \u00een Planul Na\u021bional Integrat \u00een domeniul Energiei \u0219i Schimb\u0103rilor Climatice, ca pilon al independen\u021bei energetice a Rom\u00e2niei \u0219i al \u00eendeplinirii \u021bintelor de decarbonizare asumate de Rom\u00e2nia \u00een calitate de Stat Membru UE.<\/p><p>Inten\u021bia statului roman \u0219i a SNN, \u00een conformitate cu noua strategie, este de a realiza acest proiect de ~2\u00d7700 MWe intr-un consor\u021biu euro-atlantic \u00een baza Acordului \u00eentre Guvernul Rom\u00e2niei \u015fi Guvernul Statelor Unite ale Americii privind cooperarea \u00een leg\u0103tur\u0103 cu proiectele nuclearo-energetice de la Cernavod\u0103 \u015fi \u00een sectorul energiei nucleare civile din Rom\u00e2nia, parafat \u00een octombrie 2020 la Washington DC de guvernele SUA \u0219i al Rom\u00e2niei, aprobat de CE ulterior \u0219i ratificat de Parlamentul Rom\u00e2niei \u00een iulie 2021. De asemenea, exist\u0103 interesul SUA, prin US Exim, de a finan\u021ba proiectele nucleare rom\u00e2ne\u0219ti cu 7 miliarde dolari.<\/p><p>Rom\u00e2nia are nevoie de noi capacit\u0103\u021bi de productie a energiei electrice ca solu\u021bie pentru tranzitia catre o economie cu emisii de carbon reduse, si care s\u0103 ofere simultan stabilitate, siguran\u021b\u0103, disponibilitate in SEN, cat \u0219i beneficii socioeconomice. Proiectul Unitatilor 3 si 4 de la CNE Cernavoda are toate premizele sa furnizeze toate aceste beneficii.<\/p><p>Prin implementarea proiectului, contribu\u0163ia energiei nucleare \u00een totalul produc\u0163iei de energie, la nivel na\u0163ional, va fi de 36%, iar contribu\u0163ia energiei nucleare \u00een totalul produc\u0163iei de energie f\u0103r\u0103 emisii de CO2, de 66%, simultan cu dezvoltarea lan\u021bului intern de aprovizionare si a altor industrii colaterale.<\/p><p>Industria nuclear\u0103 rom\u00e2neasc\u0103 are experien\u021ba \u0219i capabilitatea s\u0103 participe cu lucr\u0103ri \u0219i servicii importante la noul proiect de la Cernavod\u0103, experien\u021b\u0103 dob\u00e2ndit\u0103 \u00eenc\u0103 de la punerea \u00een func\u021biune \u0219i asigurarea mentenan\u021bei primelor dou\u0103 unita\u0103\u021bi nucleare.<\/p><h2><span style=\"vertical-align: inherit;\">Descriere<\/span><\/h2><p>Constructia a inca 2 unitati CANDU 6 pe amplasamentul CNE Cernavoda<\/p><h2><span style=\"vertical-align: inherit;\">Capacitate<\/span><\/h2><p>700 MW\/Unitate; 1400 MW\/2 unitati<\/p><h2><span style=\"vertical-align: inherit;\">Etape de realizare<\/span><\/h2><p>Etapa 1, cea actual\u0103, reprezint\u0103 etapa preg\u0103titoare, care a demarat prin capitalizarea \u0219i opera\u021bionalizarea companiei de proiect, Energonuclear S.A. Aceast\u0103 etap\u0103 va avea o durat\u0103 de 24 de luni \u00een care se vor contracta servicii de asisten\u021b\u0103 tehnic\u0103, juridic\u0103 \u0219i financiar\u0103, servicii de inginerie pentru actualizarea Specifica\u021biei tehnice de procurare, lansarea \u0219i atribuirea contractului de IPC (Inginer, Procurare \u0219i Construc\u021bii) precum \u0219i realizarea de studii \u0219i evalu\u0103ri necesare fundamentarii unei decizii preliminare privind realizarea investitiei.<\/p><p>\u00cen data de 25 noiembrie 2021, Energonuclear S.A., compania de proiect, a semnat primul contract cu Candu Energy, Membr\u0103 a grupului SNC-Lavalin \u0219i Autoritatea de Proiectare a Unit\u0103\u021bilor 3&amp;4 \u0219i OEM Candu (Producatorul Original al Tehnologiei Candu). \u00cen cadrul contractului, CANDU Energy va oferi servicii de inginerie pentru elaborarea \u0219i actualizarea unor documenta\u021bii necesare demar\u0103rii Proiectului Unit\u0103\u021bilor CANDU 3&amp;4 (printre care actualizarea documentelor de baz\u0103 de licen\u021biere, actualizarea ghidurilor de securitate nuclear\u0103, actualizarea listei modific\u0103rilor de proiect cu func\u021bii de securitate nuclear\u0103 etc.).<\/p><p>Etapa a doua a proiectului (Lucr\u0103ri Preliminare) const\u0103 \u00een realizarea de lucr\u0103ri preliminare din Faza 1 a contractului de IPC (Inginer, Procurare \u0219i Construc\u021bii) \u0219i va avea o durat\u0103 de 18-24 luni. \u00cen aceast\u0103 etap\u0103 se vor derula lucr\u0103ri de inginerie \u0219i analiz\u0103 a pie\u021belor privind furnizorii de echipamente \u0219i servicii necesare implement\u0103rii proiectului, astfel \u00eencat la finalul acestei etape s\u0103\u00a0 se rafineze\u00a0 fezabilitatea Proiectului. Tot \u00een aceast\u0103 etap\u0103 se vor depune documenta\u021biile pentru ob\u021binerea de avize \u0219i aprob\u0103ri inclusiv din partea Comisiei Europene \u00een baza articolului 41 din Tratatul Euroatom. La finalul acestei etape, se va reanaliza fezabilitatea Proiectului pe baza noilor indicatori tehnico-economici \u015fi se va lua Decizia Final\u0103 de Investire, care va permite trecerea Proiectului \u00een Etapa 3.<\/p><p>Etapa a treia a proiectului const\u0103 efectiv \u00een realizarea lucr\u0103rilor \u00een \u0219antier de construc\u021bie, montaj \u0219i punere \u00een func\u021biune, etap\u0103 estimat\u0103 la 69-78 de luni. Se estimeaz\u0103 c\u0103 Unitatea 3 va fi pus\u0103 \u00een func\u021biune \u00een 2030, urmand punerea in functiune a Unitatii 4 in 2031<\/p><p><strong>Legea privind aprobarea semnarii Acordului de sprijin intre Statul roman si Nuclearelectrica, in vederea dezvoltarii Proiectului strategic national Unitatile 3 si 4 CNE Cernavoda, a fost aprobata in data de 14 martie 2023.<\/strong><\/p><p>Aprobarea acestui proiect de lege este necesara pentru demararea activit\u0103\u0163ilor aferente Etapei a II-a Proiectului, care s\u0103 permit\u0103:\u00a0 \u00eencheierea contractelor pentru elaborarea ingineriei critice necesare actualiz\u0103rii proiectului;\u00a0 actualizarea bugetului Proiectului; structurarea \u0219i contractarea finan\u021b\u0103rii \u0219i agrearea unei arhitecturi contractuale adecvate pentru implementarea Proiectului; ob\u021binerea Opiniei favorabile a Comisiei Europene \u00een urma notific\u0103rii Proiectului conform art. 41 din Tratatul EURATOM \u0219i respectiv a unei decizii pozitive \u00een conformitate cu dispozi\u021biile europene relevante \u00een materia ajutorului de stat;\u00a0 ob\u021binerea Autoriza\u021biei de Securitate Nuclear\u0103 pentru etapa de Construc\u021bie \u0219i luarea Deciziei Finale de Investi\u021bie, pentru trecerea \u00een Etapa III (Construc\u021bie).<\/p><p>Acordul de sprijin presupune angajamentul statului rom\u00e2n \u00een realizarea demersurilor necesare pentru finan\u021barea Proiectului inclusiv prin:\u00a0<strong>acordarea de garan\u021bii de stat<\/strong>\u00a0finan\u021batorilor proiectului, \u00een cadrul oric\u0103ror acorduri sau memorandumuri interguvernamentale de sprijin sau \u00een afara unor astfel de acorduri;\u00a0<strong>implementarea schemei de tip<\/strong>\u00a0\u201e<strong>Contracte pentru diferen\u021b\u0103\u201d<\/strong>\u00a0\u0219i adopt\u0103rii m\u0103surilor administrative \u0219i\/sau legislative \u00een vederea asigur\u0103rii \u00eendeplinierii criteriilor tehnice prev\u0103zute \u00een Actul Delegat Complementar al Comisiei Europene;\u00a0<strong>aportul \u00een natur\u0103 prin cantitatea de ap\u0103 grea \u0219i de octoxidul de uraniu\u00a0<\/strong>aferent primei \u00eenc\u0103rc\u0103turi de combustibil nuclear, apa de r\u0103cire pentru func\u021bionarea celor 2 unit\u0103\u021bi nucleare \u0219i finalizarea liniilor de transport a energiei electrice necesare \u00een scopul racord\u0103rii la Sistemul Energetic Na\u021bional \u0219i evacuarea energiei electrice produse \u00een cele dou\u0103 unit\u0103\u021bi nucleare.<\/p><h2>Punerea \u00een func\u021biune<\/h2><p>Unitatea 3-2030<\/p><p>Unitatea 4-2031<\/p><h2>Cost estimat<\/h2><p>7 miliarde EURO<\/p><p>US Exim Bank a anun\u021bat emiterea a dou\u0103 scrisori de interes pentru finan\u021barea serviciilor tehnice de pre-proiect furnizate de SUA \u00een leg\u0103tur\u0103 cu proiectul Unit\u0103\u021bile 3 \u0219i 4 de la Cernavoda, dezvoltat de filiala Societ\u0103\u021bii Na\u021bionale Nuclearelectrica S.A.<\/p><p>Pe baza informa\u021biilor preliminare prezentate, EXIM va putea lua \u00een considerare finan\u021barea p\u00e2n\u0103 la 50 000 000,00 USD din contractul de export al SUA pentru servicii tehnice de pre-proiect ca parte a programului Engineering Multiplier Program (EMP) \u0219i p\u00e2n\u0103 la 3 miliarde USD din contractul de export al SUA pentru servicii de inginerie \u0219i de management de proiect pentru contractul de finalizare a Unit\u0103\u021bilor 3 \u0219i 4 ale centralei nucleare de la Cernavoda.<\/p><h2>Structura de finantare<\/h2><p>TBD in etapa 2<\/p><h2>Efecte socio-economice<\/h2><p>66% contribu\u021bie de energie curat\u0103 la nivel national<\/p><p>Peste 19.000 de locuri de munc\u0103 in industrie<\/p><h2>Tone de CO2 evitate<\/h2><p>5 milioane tone CO2 evitate\/unitate\/anual<\/p><p>20 milioane tone CO2 evitate\/4 unitati\/anual<\/p>\t\t\t\t\t\t\t\t<\/div>\n\t\t\t\t<\/div>\n\t\t\t\t\t<\/div>\n\t\t<\/div>\n\t\t\t\t\t<\/div>\n\t\t<\/section>\n\t\t\t\t<\/div>\n\t\t","protected":false},"excerpt":{"rendered":"<p>Proiectele 3 \u0219i 4 Context Proiectul Unit\u0103\u021bilor CANDU 3 si 4 CNE Cernavoda este prev\u0103zut \u00een Proiectul de Strategie Energetic\u0103 a Rom\u00e2niei 2019-2030 cu perspectiva anului 2050 precum \u0219i \u00een Planul Na\u021bional Integrat \u00een domeniul Energiei \u0219i Schimb\u0103rilor Climatice, ca pilon al independen\u021bei energetice a Rom\u00e2niei \u0219i al \u00eendeplinirii \u021bintelor de decarbonizare asumate de Rom\u00e2nia [&hellip;]<\/p>\n","protected":false},"author":2,"featured_media":0,"parent":40806,"menu_order":0,"comment_status":"closed","ping_status":"closed","template":"","meta":{"footnotes":""},"class_list":["post-40724","page","type-page","status-publish","hentry"],"_links":{"self":[{"href":"https:\/\/nuclearelectrica.ro\/snn\/wp-json\/wp\/v2\/pages\/40724","targetHints":{"allow":["GET"]}}],"collection":[{"href":"https:\/\/nuclearelectrica.ro\/snn\/wp-json\/wp\/v2\/pages"}],"about":[{"href":"https:\/\/nuclearelectrica.ro\/snn\/wp-json\/wp\/v2\/types\/page"}],"author":[{"embeddable":true,"href":"https:\/\/nuclearelectrica.ro\/snn\/wp-json\/wp\/v2\/users\/2"}],"replies":[{"embeddable":true,"href":"https:\/\/nuclearelectrica.ro\/snn\/wp-json\/wp\/v2\/comments?post=40724"}],"version-history":[{"count":18,"href":"https:\/\/nuclearelectrica.ro\/snn\/wp-json\/wp\/v2\/pages\/40724\/revisions"}],"predecessor-version":[{"id":44293,"href":"https:\/\/nuclearelectrica.ro\/snn\/wp-json\/wp\/v2\/pages\/40724\/revisions\/44293"}],"up":[{"embeddable":true,"href":"https:\/\/nuclearelectrica.ro\/snn\/wp-json\/wp\/v2\/pages\/40806"}],"wp:attachment":[{"href":"https:\/\/nuclearelectrica.ro\/snn\/wp-json\/wp\/v2\/media?parent=40724"}],"curies":[{"name":"wp","href":"https:\/\/api.w.org\/{rel}","templated":true}]}}