{"id":40744,"date":"2024-10-08T13:59:59","date_gmt":"2024-10-08T13:59:59","guid":{"rendered":"https:\/\/nuclearelectrica.ro\/snn\/?page_id=40744"},"modified":"2024-11-13T16:52:20","modified_gmt":"2024-11-13T16:52:20","slug":"proiect-smr","status":"publish","type":"page","link":"https:\/\/nuclearelectrica.ro\/snn\/proiecte-de-investitii\/proiect-smr\/","title":{"rendered":"Proiect SMR"},"content":{"rendered":"\t\t<div data-elementor-type=\"wp-page\" data-elementor-id=\"40744\" class=\"elementor elementor-40744\">\n\t\t\t\t\t\t<section class=\"elementor-section elementor-top-section elementor-element elementor-element-356a57f elementor-section-full_width elementor-section-height-default elementor-section-height-default\" data-id=\"356a57f\" data-element_type=\"section\">\n\t\t\t\t\t\t<div class=\"elementor-container elementor-column-gap-default\">\n\t\t\t\t\t<div class=\"elementor-column elementor-col-100 elementor-top-column elementor-element elementor-element-d6e1893 top column-style-top\" data-id=\"d6e1893\" data-element_type=\"column\">\n\t\t\t<div class=\"elementor-widget-wrap elementor-element-populated\">\n\t\t\t\t\t\t<div class=\"elementor-element elementor-element-3578d5a elementor-widget elementor-widget-image\" data-id=\"3578d5a\" data-element_type=\"widget\" data-widget_type=\"image.default\">\n\t\t\t\t<div class=\"elementor-widget-container\">\n\t\t\t\t\t\t\t\t\t\t\t\t\t\t\t<img fetchpriority=\"high\" decoding=\"async\" width=\"1920\" height=\"283\" src=\"https:\/\/nuclearelectrica.ro\/snn\/wp-content\/uploads\/sites\/2\/2024\/11\/SNN_ptSITE_pagini-SNN_PROIECTE_benzi_SMR_20241031.jpg\" class=\"attachment-full size-full wp-image-41392\" alt=\"\" srcset=\"https:\/\/nuclearelectrica.ro\/snn\/wp-content\/uploads\/sites\/2\/2024\/11\/SNN_ptSITE_pagini-SNN_PROIECTE_benzi_SMR_20241031.jpg 1920w, https:\/\/nuclearelectrica.ro\/snn\/wp-content\/uploads\/sites\/2\/2024\/11\/SNN_ptSITE_pagini-SNN_PROIECTE_benzi_SMR_20241031-1024x151.jpg 1024w, https:\/\/nuclearelectrica.ro\/snn\/wp-content\/uploads\/sites\/2\/2024\/11\/SNN_ptSITE_pagini-SNN_PROIECTE_benzi_SMR_20241031-768x113.jpg 768w, https:\/\/nuclearelectrica.ro\/snn\/wp-content\/uploads\/sites\/2\/2024\/11\/SNN_ptSITE_pagini-SNN_PROIECTE_benzi_SMR_20241031-600x88.jpg 600w\" sizes=\"(max-width: 1920px) 100vw, 1920px\" \/>\t\t\t\t\t\t\t\t\t\t\t\t\t\t\t<\/div>\n\t\t\t\t<\/div>\n\t\t\t\t<section class=\"elementor-section elementor-inner-section elementor-element elementor-element-d77adc6 relative elementor-section-boxed elementor-section-height-default elementor-section-height-default\" data-id=\"d77adc6\" data-element_type=\"section\">\n\t\t\t\t\t\t<div class=\"elementor-container elementor-column-gap-default\">\n\t\t\t\t\t<div class=\"elementor-column elementor-col-100 elementor-inner-column elementor-element elementor-element-90d994e elementor-container top column-style-top\" data-id=\"90d994e\" data-element_type=\"column\">\n\t\t\t<div class=\"elementor-widget-wrap elementor-element-populated\">\n\t\t\t\t\t\t<div class=\"elementor-element elementor-element-1cc3dab elementor-widget__width-initial elementor-widget elementor-widget-heading\" data-id=\"1cc3dab\" data-element_type=\"widget\" data-widget_type=\"heading.default\">\n\t\t\t\t<div class=\"elementor-widget-container\">\n\t\t\t\t\t<h1 class=\"elementor-heading-title elementor-size-default\">Proiectul SMR<\/h1>\t\t\t\t<\/div>\n\t\t\t\t<\/div>\n\t\t\t\t\t<\/div>\n\t\t<\/div>\n\t\t\t\t\t<\/div>\n\t\t<\/section>\n\t\t\t\t\t<\/div>\n\t\t<\/div>\n\t\t\t\t\t<\/div>\n\t\t<\/section>\n\t\t\t\t<section class=\"elementor-section elementor-top-section elementor-element elementor-element-65fe1e5 elementor-section-boxed elementor-section-height-default elementor-section-height-default\" data-id=\"65fe1e5\" data-element_type=\"section\">\n\t\t\t\t\t\t<div class=\"elementor-container elementor-column-gap-default\">\n\t\t\t\t\t<div class=\"elementor-column elementor-col-100 elementor-top-column elementor-element elementor-element-6837c3d top column-style-top\" data-id=\"6837c3d\" data-element_type=\"column\">\n\t\t\t<div class=\"elementor-widget-wrap elementor-element-populated\">\n\t\t\t\t\t\t<div class=\"elementor-element elementor-element-beccb09 elementor-widget elementor-widget-text-editor\" data-id=\"beccb09\" data-element_type=\"widget\" data-widget_type=\"text-editor.default\">\n\t\t\t\t<div class=\"elementor-widget-container\">\n\t\t\t\t\t\t\t\t\t<div class=\"flex max-w-full flex-col flex-grow\"><div class=\"min-h-8 text-message flex w-full flex-col items-end gap-2 whitespace-normal break-words [.text-message+&amp;]:mt-5\" dir=\"auto\" data-message-author-role=\"assistant\" data-message-id=\"83a04f63-5c24-40f4-a5af-cbdb1a4dd3c4\"><div class=\"flex w-full flex-col gap-1 empty:hidden first:pt-[3px]\"><div class=\"markdown prose w-full break-words dark:prose-invert dark\"><h3><strong>Proiectul SMR (Small Modular Reactor &#8211; Reactoare Modulare Mici)<\/strong><\/h3><p>Rom\u00e2nia face pa\u0219i importan\u021bi \u00een implementarea <strong>reactoarelor modulare mici (SMR)<\/strong>, o tehnologie inovatoare de produc\u021bie a energiei nucleare. SMR-urile NuScale sunt destinate s\u0103 contribuie semnificativ la securitatea energetic\u0103 \u0219i reducerea emisiilor de CO2, printr-o energie curat\u0103 \u0219i stabil\u0103. Aceste reactoare vor fi amplasate la <strong>Doice\u0219ti<\/strong>, jude\u021bul D\u00e2mbovi\u021ba, pe locul unei foste termocentrale.<\/p><hr \/><h2><strong>Context<\/strong><\/h2><p>Rom\u00e2nia are poten\u021bialul de a deveni prima \u021bar\u0103 din Europa care implementeaz\u0103 reactoare modulare mici (SMR) \u0219i un catalizator pentru extinderea acestei tehnologii \u00een regiune. Amplasamentul de la Doice\u0219ti este selectat pentru primul SMR, cu planuri de a dezvolta \u0219i un simulator pentru camera de comand\u0103, ce va preg\u0103ti noua genera\u021bie de ingineri \u00een domeniul nuclear.<\/p><p>Cu renun\u021barea la centralele pe c\u0103rbune \u00een \u00eentreaga UE, tehnologia SMR NuScale este o solu\u021bie ideal\u0103 de \u00eenlocuire, folosind acelea\u0219i amplasamente \u0219i infrastructuri. Rom\u00e2nia are o experien\u021b\u0103 vast\u0103 \u00een operarea sigur\u0103 a centralelor nucleare \u0219i dispune de un lan\u021b de aprovizionare robust, ce sprijin\u0103 implementarea acestei noi tehnologii.<\/p><hr \/><h3><strong>Descriere<\/strong><\/h3><p>Reactoarele modulare mici (SMR) sunt reactoare nucleare avansate, av\u00e2nd o capacitate instalat\u0103 de p\u00e2n\u0103 la <strong>300 MWe\/reactor<\/strong>. SMR-urile NuScale au o capacitate de <strong>77 MWe\/modul<\/strong>, iar centrala de la Doice\u0219ti va include <strong>6 module<\/strong>, av\u00e2nd o capacitate total\u0103 de <strong>462 MWe<\/strong>.<\/p><h3><strong>Capacitate<\/strong><\/h3><ul><li><strong>6 module cu o capacitate total\u0103 de 462 MWe<\/strong>.<\/li><li>Reactoarele SMR pot \u00eenlocui centralele pe c\u0103rbune, folosind infrastructura existent\u0103.<\/li><\/ul><hr \/><h2><strong>Etapele de realizare<\/strong><\/h2><ol><li><strong>Martie 2019<\/strong>: Nuclearelectrica \u0219i NuScale au semnat un Memorandum de \u00cen\u021belegere pentru evaluarea \u0219i dezvoltarea SMR \u00een Rom\u00e2nia.<\/li><li><strong>Octombrie 2020<\/strong>: Rom\u00e2nia a semnat un Acord Interguvernamental cu SUA privind proiectele nucleare, ratificat \u00een 2021.<\/li><li><strong>Noiembrie 2021<\/strong>: La COP26, Nuclearelectrica \u0219i NuScale au anun\u021bat planul de implementare a primului SMR \u00een Europa.<\/li><li><strong>Mai 2022<\/strong>: Amplasamentul fostei centrale termice de la Doice\u0219ti a fost selectat pentru dezvoltarea SMR-urilor.<\/li><li><strong>Iunie 2022<\/strong>: Pre\u0219edintele SUA, Joe Biden, a anun\u021bat un grant de 14 milioane de dolari pentru studiul preliminar de inginerie (FEED) pentru proiectul SMR din Rom\u00e2nia.<\/li><li><strong>Septembrie 2022<\/strong>: Lansarea companiei RoPower Nuclear, responsabil\u0103 de dezvoltarea proiectului.<\/li><li><strong>2023 \u0219i mai departe<\/strong>: Continuarea studiilor de inginerie \u0219i proiectare \u0219i ob\u021binerea licen\u021belor necesare.<\/li><\/ol><hr \/><h3><strong>Impact socio-economic<\/strong><\/h3><ul><li><strong>Locuri de munc\u0103<\/strong>: Proiectul va genera <strong>193 de locuri de munc\u0103 permanente<\/strong> \u0219i <strong>1.500 de locuri de munc\u0103 \u00een faza de construc\u021bie<\/strong>.<\/li><li><strong>Evitarea emisiilor de CO2<\/strong>: Proiectul SMR va contribui la evitarea a <strong>4 milioane de tone de CO2<\/strong> anual.<\/li><\/ul><hr \/><p>Rom\u00e2nia, cu peste 26 de ani de experien\u021b\u0103 \u00een industria nuclear\u0103, se preg\u0103te\u0219te s\u0103 devin\u0103 un lider \u00een implementarea acestei tehnologii inovatoare, sprijinind tranzi\u021bia c\u0103tre o energie curat\u0103, stabil\u0103 \u0219i sigur\u0103 pentru viitorul s\u0103u energetic.<\/p><\/div><\/div><\/div><\/div>\t\t\t\t\t\t\t\t<\/div>\n\t\t\t\t<\/div>\n\t\t\t\t<div class=\"elementor-element elementor-element-cf9337d elementor-widget elementor-widget-gva-video-box\" data-id=\"cf9337d\" data-element_type=\"widget\" data-widget_type=\"gva-video-box.default\">\n\t\t\t\t<div class=\"elementor-widget-container\">\n\t\t\t\t\t<div class=\"gva-element-gva-video-box gva-element\">\r\n   <div class=\"widget gsc-video-box clearfix style-1\">\r\n      <div class=\"video-inner\">\r\n         <div class=\"video-image\">\r\n                           <img decoding=\"async\" src=\"https:\/\/nuclearelectrica.ro\/snn\/wp-content\/uploads\/sites\/2\/2019\/05\/nuclear_logo-e1728394795543.png\" alt=\"\"\/>\r\n               \r\n            <div class=\"video-action\">\r\n                                 <a href=\"https:\/\/www.youtube.com\/watch?v=wN_SfokWJ-M\" class=\"popup-video\"><span><i class=\"fa fa-play\"><\/i><\/span><\/a>\r\n                 \r\n            <\/div>    \r\n         <\/div>\r\n            \r\n      <\/div>\r\n   <\/div> \r\n\r\n \r\n<\/div>\t\t\t\t<\/div>\n\t\t\t\t<\/div>\n\t\t\t\t\t<\/div>\n\t\t<\/div>\n\t\t\t\t\t<\/div>\n\t\t<\/section>\n\t\t\t\t<\/div>\n\t\t","protected":false},"excerpt":{"rendered":"<p>Proiectul SMR Proiectul SMR (Small Modular Reactor &#8211; Reactoare Modulare Mici) Rom\u00e2nia face pa\u0219i importan\u021bi \u00een implementarea reactoarelor modulare mici (SMR), o tehnologie inovatoare de produc\u021bie a energiei nucleare. SMR-urile NuScale sunt destinate s\u0103 contribuie semnificativ la securitatea energetic\u0103 \u0219i reducerea emisiilor de CO2, printr-o energie curat\u0103 \u0219i stabil\u0103. Aceste reactoare vor fi amplasate la [&hellip;]<\/p>\n","protected":false},"author":2,"featured_media":0,"parent":40806,"menu_order":0,"comment_status":"closed","ping_status":"closed","template":"","meta":{"footnotes":""},"class_list":["post-40744","page","type-page","status-publish","hentry"],"_links":{"self":[{"href":"https:\/\/nuclearelectrica.ro\/snn\/wp-json\/wp\/v2\/pages\/40744","targetHints":{"allow":["GET"]}}],"collection":[{"href":"https:\/\/nuclearelectrica.ro\/snn\/wp-json\/wp\/v2\/pages"}],"about":[{"href":"https:\/\/nuclearelectrica.ro\/snn\/wp-json\/wp\/v2\/types\/page"}],"author":[{"embeddable":true,"href":"https:\/\/nuclearelectrica.ro\/snn\/wp-json\/wp\/v2\/users\/2"}],"replies":[{"embeddable":true,"href":"https:\/\/nuclearelectrica.ro\/snn\/wp-json\/wp\/v2\/comments?post=40744"}],"version-history":[{"count":23,"href":"https:\/\/nuclearelectrica.ro\/snn\/wp-json\/wp\/v2\/pages\/40744\/revisions"}],"predecessor-version":[{"id":44284,"href":"https:\/\/nuclearelectrica.ro\/snn\/wp-json\/wp\/v2\/pages\/40744\/revisions\/44284"}],"up":[{"embeddable":true,"href":"https:\/\/nuclearelectrica.ro\/snn\/wp-json\/wp\/v2\/pages\/40806"}],"wp:attachment":[{"href":"https:\/\/nuclearelectrica.ro\/snn\/wp-json\/wp\/v2\/media?parent=40744"}],"curies":[{"name":"wp","href":"https:\/\/api.w.org\/{rel}","templated":true}]}}