{"id":40771,"date":"2024-10-08T14:24:56","date_gmt":"2024-10-08T14:24:56","guid":{"rendered":"https:\/\/nuclearelectrica.ro\/snn\/?page_id=40771"},"modified":"2025-11-20T13:08:51","modified_gmt":"2025-11-20T13:08:51","slug":"dica","status":"publish","type":"page","link":"https:\/\/nuclearelectrica.ro\/snn\/proiecte-de-investitii\/dica\/","title":{"rendered":"DICA"},"content":{"rendered":"\t\t<div data-elementor-type=\"wp-page\" data-elementor-id=\"40771\" class=\"elementor elementor-40771\">\n\t\t\t\t\t\t<section class=\"elementor-section elementor-top-section elementor-element elementor-element-e6fc2b5 elementor-section-full_width elementor-section-height-default elementor-section-height-default\" data-id=\"e6fc2b5\" data-element_type=\"section\">\n\t\t\t\t\t\t<div class=\"elementor-container elementor-column-gap-default\">\n\t\t\t\t\t<div class=\"elementor-column elementor-col-100 elementor-top-column elementor-element elementor-element-4b3b2ca top column-style-top\" data-id=\"4b3b2ca\" data-element_type=\"column\">\n\t\t\t<div class=\"elementor-widget-wrap elementor-element-populated\">\n\t\t\t\t\t\t<div class=\"elementor-element elementor-element-3f6d112 elementor-widget elementor-widget-image\" data-id=\"3f6d112\" data-element_type=\"widget\" data-widget_type=\"image.default\">\n\t\t\t\t<div class=\"elementor-widget-container\">\n\t\t\t\t\t\t\t\t\t\t\t\t\t\t\t<img fetchpriority=\"high\" decoding=\"async\" width=\"1920\" height=\"283\" src=\"https:\/\/nuclearelectrica.ro\/snn\/wp-content\/uploads\/sites\/2\/2024\/10\/SNN_ptSITE_pagini-SNN_PROIECTE_benzi_06_20241011.jpg\" class=\"attachment-full size-full wp-image-41098\" alt=\"\" srcset=\"https:\/\/nuclearelectrica.ro\/snn\/wp-content\/uploads\/sites\/2\/2024\/10\/SNN_ptSITE_pagini-SNN_PROIECTE_benzi_06_20241011.jpg 1920w, https:\/\/nuclearelectrica.ro\/snn\/wp-content\/uploads\/sites\/2\/2024\/10\/SNN_ptSITE_pagini-SNN_PROIECTE_benzi_06_20241011-1024x151.jpg 1024w, https:\/\/nuclearelectrica.ro\/snn\/wp-content\/uploads\/sites\/2\/2024\/10\/SNN_ptSITE_pagini-SNN_PROIECTE_benzi_06_20241011-768x113.jpg 768w, https:\/\/nuclearelectrica.ro\/snn\/wp-content\/uploads\/sites\/2\/2024\/10\/SNN_ptSITE_pagini-SNN_PROIECTE_benzi_06_20241011-600x88.jpg 600w\" sizes=\"(max-width: 1920px) 100vw, 1920px\" \/>\t\t\t\t\t\t\t\t\t\t\t\t\t\t\t<\/div>\n\t\t\t\t<\/div>\n\t\t\t\t<section class=\"elementor-section elementor-inner-section elementor-element elementor-element-2e2b10b relative elementor-section-boxed elementor-section-height-default elementor-section-height-default\" data-id=\"2e2b10b\" data-element_type=\"section\">\n\t\t\t\t\t\t<div class=\"elementor-container elementor-column-gap-default\">\n\t\t\t\t\t<div class=\"elementor-column elementor-col-100 elementor-inner-column elementor-element elementor-element-3e52325 elementor-container top column-style-top\" data-id=\"3e52325\" data-element_type=\"column\">\n\t\t\t<div class=\"elementor-widget-wrap elementor-element-populated\">\n\t\t\t\t\t\t<div class=\"elementor-element elementor-element-5a2af69 elementor-widget__width-initial elementor-widget elementor-widget-heading\" data-id=\"5a2af69\" data-element_type=\"widget\" data-widget_type=\"heading.default\">\n\t\t\t\t<div class=\"elementor-widget-container\">\n\t\t\t\t\t<h1 class=\"elementor-heading-title elementor-size-default\">DICA<\/h1>\t\t\t\t<\/div>\n\t\t\t\t<\/div>\n\t\t\t\t\t<\/div>\n\t\t<\/div>\n\t\t\t\t\t<\/div>\n\t\t<\/section>\n\t\t\t\t\t<\/div>\n\t\t<\/div>\n\t\t\t\t\t<\/div>\n\t\t<\/section>\n\t\t\t\t<section class=\"elementor-section elementor-top-section elementor-element elementor-element-9966c90 elementor-section-boxed elementor-section-height-default elementor-section-height-default\" data-id=\"9966c90\" data-element_type=\"section\">\n\t\t\t\t\t\t<div class=\"elementor-container elementor-column-gap-default\">\n\t\t\t\t\t<div class=\"elementor-column elementor-col-100 elementor-top-column elementor-element elementor-element-d246744 top column-style-top\" data-id=\"d246744\" data-element_type=\"column\">\n\t\t\t<div class=\"elementor-widget-wrap elementor-element-populated\">\n\t\t\t\t\t\t<div class=\"elementor-element elementor-element-6f36e6b elementor-widget elementor-widget-text-editor\" data-id=\"6f36e6b\" data-element_type=\"widget\" data-widget_type=\"text-editor.default\">\n\t\t\t\t<div class=\"elementor-widget-container\">\n\t\t\t\t\t\t\t\t\t<h3><strong>Depozitul Intermediar pentru Combustibilul Ars (DICA) &#8211; Nuclearelectrica<\/strong><\/h3><p>Proiectul <strong>DICA<\/strong> reprezint\u0103 un obiectiv strategic al Nuclearelectrica, destinat gestion\u0103rii pe termen lung a combustibilului nuclear uzat rezultat din operarea Unit\u0103\u021bilor 1 \u0219i 2 ale CNE Cernavod\u0103. Depozitul este situat la aproximativ 700 de metri de Unit\u0103\u021bile 1 \u0219i 2, \u0219i asigur\u0103 o solu\u021bie sigur\u0103 \u0219i eficient\u0103 pentru depozitarea combustibilului uzat, contribuind astfel la \u00eendeplinirea standardelor interna\u021bionale de securitate nuclear\u0103.<\/p><h3><strong>Politica de gestionare a combustibilului uzat<\/strong><\/h3><p>Politica Nuclearelectrica de gestionare a combustibilului uzat presupune:<\/p><ul><li><strong>Depozitare umed\u0103<\/strong> \u00een bazinul reactorului pentru o perioad\u0103 de cel pu\u021bin 6 ani.<\/li><li><strong>Depozitare uscat\u0103<\/strong> timp de 50 de ani, \u00een cadrul <strong>Depozitului Intermediar Uscat pentru Combustibil Ars (DICA)<\/strong>, realizat \u00een mod etapizat.<\/li><\/ul><h3><strong>Capacitatea de stocare \u0219i tehnologie<\/strong><\/h3><p>DICA este dezvoltat \u00een etape, fiind prev\u0103zute 27 de module <strong>MACSTOR<\/strong> cu o capacitate de 12.000 de fascicule de combustibil nuclear uzat per modul. \u00cen prezent, sunt finalizate 17 module <strong>MACSTOR 200<\/strong>, fiecare av\u00e2nd capacitatea de a stoca 12.000 de fascicule. \u00cencep\u00e2nd cu modulul 18, proiectul prevede implementarea tehnologiei <strong>MACSTOR 400<\/strong>, care va permite cre\u0219terea capacit\u0103\u021bii de stocare pe termen lung pentru combustibilul uzat.<\/p><h3><strong>Planuri viitoare \u0219i extindere<\/strong><\/h3><p>Proiectul DICA a fost conceput pentru a acoperi \u00eentreaga durat\u0103 de via\u021b\u0103 a Unit\u0103\u021bilor 1 \u0219i 2, iar \u00een cazul dezvolt\u0103rii Unit\u0103\u021bilor 3 \u0219i 4, va fi extins pentru a acoperi \u0219i cerin\u021bele suplimentare de stocare a combustibilului ars. De asemenea, exist\u0103 planuri in derulare pentru autorizarea \u0219i implementarea modulelor MACSTOR 400, ca parte din strategia pe termen lung aprobat\u0103 de Nuclearelectrica.<\/p><p>Acest proiect este esen\u021bial pentru men\u021binerea siguran\u021bei opera\u021bionale a centralei nucleare de la Cernavod\u0103 \u0219i contribuie la protejarea mediului \u00eenconjur\u0103tor prin asigurarea unui sistem sigur de stocare a combustibilului nuclear uzat pe termen lung.<\/p>\t\t\t\t\t\t\t\t<\/div>\n\t\t\t\t<\/div>\n\t\t\t\t\t<\/div>\n\t\t<\/div>\n\t\t\t\t\t<\/div>\n\t\t<\/section>\n\t\t\t\t<\/div>\n\t\t","protected":false},"excerpt":{"rendered":"<p>DICA Depozitul Intermediar pentru Combustibilul Ars (DICA) &#8211; Nuclearelectrica Proiectul DICA reprezint\u0103 un obiectiv strategic al Nuclearelectrica, destinat gestion\u0103rii pe termen lung a combustibilului nuclear uzat rezultat din operarea Unit\u0103\u021bilor 1 \u0219i 2 ale CNE Cernavod\u0103. Depozitul este situat la aproximativ 700 de metri de Unit\u0103\u021bile 1 \u0219i 2, \u0219i asigur\u0103 o solu\u021bie sigur\u0103 \u0219i [&hellip;]<\/p>\n","protected":false},"author":2,"featured_media":0,"parent":40806,"menu_order":0,"comment_status":"closed","ping_status":"closed","template":"","meta":{"footnotes":""},"class_list":["post-40771","page","type-page","status-publish","hentry"],"_links":{"self":[{"href":"https:\/\/nuclearelectrica.ro\/snn\/wp-json\/wp\/v2\/pages\/40771","targetHints":{"allow":["GET"]}}],"collection":[{"href":"https:\/\/nuclearelectrica.ro\/snn\/wp-json\/wp\/v2\/pages"}],"about":[{"href":"https:\/\/nuclearelectrica.ro\/snn\/wp-json\/wp\/v2\/types\/page"}],"author":[{"embeddable":true,"href":"https:\/\/nuclearelectrica.ro\/snn\/wp-json\/wp\/v2\/users\/2"}],"replies":[{"embeddable":true,"href":"https:\/\/nuclearelectrica.ro\/snn\/wp-json\/wp\/v2\/comments?post=40771"}],"version-history":[{"count":11,"href":"https:\/\/nuclearelectrica.ro\/snn\/wp-json\/wp\/v2\/pages\/40771\/revisions"}],"predecessor-version":[{"id":47150,"href":"https:\/\/nuclearelectrica.ro\/snn\/wp-json\/wp\/v2\/pages\/40771\/revisions\/47150"}],"up":[{"embeddable":true,"href":"https:\/\/nuclearelectrica.ro\/snn\/wp-json\/wp\/v2\/pages\/40806"}],"wp:attachment":[{"href":"https:\/\/nuclearelectrica.ro\/snn\/wp-json\/wp\/v2\/media?parent=40771"}],"curies":[{"name":"wp","href":"https:\/\/api.w.org\/{rel}","templated":true}]}}