{"id":40778,"date":"2024-10-08T14:28:19","date_gmt":"2024-10-08T14:28:19","guid":{"rendered":"https:\/\/nuclearelectrica.ro\/snn\/?page_id=40778"},"modified":"2024-11-13T16:49:43","modified_gmt":"2024-11-13T16:49:43","slug":"ciclu-integrat-de-combustibil-nuclear","status":"publish","type":"page","link":"https:\/\/nuclearelectrica.ro\/snn\/proiecte-de-investitii\/ciclu-integrat-de-combustibil-nuclear\/","title":{"rendered":"Ciclu integrat de combustibil nuclear"},"content":{"rendered":"\t\t<div data-elementor-type=\"wp-page\" data-elementor-id=\"40778\" class=\"elementor elementor-40778\">\n\t\t\t\t\t\t<section class=\"elementor-section elementor-top-section elementor-element elementor-element-5499810 elementor-section-full_width elementor-section-height-default elementor-section-height-default\" data-id=\"5499810\" data-element_type=\"section\">\n\t\t\t\t\t\t<div class=\"elementor-container elementor-column-gap-default\">\n\t\t\t\t\t<div class=\"elementor-column elementor-col-100 elementor-top-column elementor-element elementor-element-a5ad611 top column-style-top\" data-id=\"a5ad611\" data-element_type=\"column\">\n\t\t\t<div class=\"elementor-widget-wrap elementor-element-populated\">\n\t\t\t\t\t\t<div class=\"elementor-element elementor-element-3067798 elementor-widget elementor-widget-image\" data-id=\"3067798\" data-element_type=\"widget\" data-widget_type=\"image.default\">\n\t\t\t\t<div class=\"elementor-widget-container\">\n\t\t\t\t\t\t\t\t\t\t\t\t\t\t\t<img fetchpriority=\"high\" decoding=\"async\" width=\"1920\" height=\"283\" src=\"https:\/\/nuclearelectrica.ro\/snn\/wp-content\/uploads\/sites\/2\/2024\/10\/SNN_ptSITE_pagini-SNN_PROIECTE_benzi_06_20241011.jpg\" class=\"attachment-full size-full wp-image-41098\" alt=\"\" srcset=\"https:\/\/nuclearelectrica.ro\/snn\/wp-content\/uploads\/sites\/2\/2024\/10\/SNN_ptSITE_pagini-SNN_PROIECTE_benzi_06_20241011.jpg 1920w, https:\/\/nuclearelectrica.ro\/snn\/wp-content\/uploads\/sites\/2\/2024\/10\/SNN_ptSITE_pagini-SNN_PROIECTE_benzi_06_20241011-1024x151.jpg 1024w, https:\/\/nuclearelectrica.ro\/snn\/wp-content\/uploads\/sites\/2\/2024\/10\/SNN_ptSITE_pagini-SNN_PROIECTE_benzi_06_20241011-768x113.jpg 768w, https:\/\/nuclearelectrica.ro\/snn\/wp-content\/uploads\/sites\/2\/2024\/10\/SNN_ptSITE_pagini-SNN_PROIECTE_benzi_06_20241011-600x88.jpg 600w\" sizes=\"(max-width: 1920px) 100vw, 1920px\" \/>\t\t\t\t\t\t\t\t\t\t\t\t\t\t\t<\/div>\n\t\t\t\t<\/div>\n\t\t\t\t<section class=\"elementor-section elementor-inner-section elementor-element elementor-element-e46da8e relative elementor-section-boxed elementor-section-height-default elementor-section-height-default\" data-id=\"e46da8e\" data-element_type=\"section\">\n\t\t\t\t\t\t<div class=\"elementor-container elementor-column-gap-default\">\n\t\t\t\t\t<div class=\"elementor-column elementor-col-100 elementor-inner-column elementor-element elementor-element-9b40829 elementor-container top column-style-top\" data-id=\"9b40829\" data-element_type=\"column\">\n\t\t\t<div class=\"elementor-widget-wrap elementor-element-populated\">\n\t\t\t\t\t\t<div class=\"elementor-element elementor-element-adaeb5a elementor-widget__width-initial elementor-widget elementor-widget-heading\" data-id=\"adaeb5a\" data-element_type=\"widget\" data-widget_type=\"heading.default\">\n\t\t\t\t<div class=\"elementor-widget-container\">\n\t\t\t\t\t<h1 class=\"elementor-heading-title elementor-size-default\">Ciclu integrat de combustibil nuclear\n<\/h1>\t\t\t\t<\/div>\n\t\t\t\t<\/div>\n\t\t\t\t\t<\/div>\n\t\t<\/div>\n\t\t\t\t\t<\/div>\n\t\t<\/section>\n\t\t\t\t\t<\/div>\n\t\t<\/div>\n\t\t\t\t\t<\/div>\n\t\t<\/section>\n\t\t\t\t<section class=\"elementor-section elementor-top-section elementor-element elementor-element-fcefc6a elementor-section-boxed elementor-section-height-default elementor-section-height-default\" data-id=\"fcefc6a\" data-element_type=\"section\">\n\t\t\t\t\t\t<div class=\"elementor-container elementor-column-gap-default\">\n\t\t\t\t\t<div class=\"elementor-column elementor-col-100 elementor-top-column elementor-element elementor-element-83195ca top column-style-top\" data-id=\"83195ca\" data-element_type=\"column\">\n\t\t\t<div class=\"elementor-widget-wrap elementor-element-populated\">\n\t\t\t\t\t\t<div class=\"elementor-element elementor-element-6aeefd0 elementor-widget elementor-widget-text-editor\" data-id=\"6aeefd0\" data-element_type=\"widget\" data-widget_type=\"text-editor.default\">\n\t\t\t\t<div class=\"elementor-widget-container\">\n\t\t\t\t\t\t\t\t\t<div class=\"flex max-w-full flex-col flex-grow\"><div class=\"min-h-8 text-message flex w-full flex-col items-end gap-2 whitespace-normal break-words [.text-message+&amp;]:mt-5\" dir=\"auto\" data-message-author-role=\"assistant\" data-message-id=\"6bf02bd3-fbdc-4961-aafd-4f107f22845b\"><div class=\"flex w-full flex-col gap-1 empty:hidden first:pt-[3px]\"><div class=\"markdown prose w-full break-words dark:prose-invert dark\"><h3>Ciclu integrat de combustibil nuclear<\/h3><p>Nuclearelectrica a realizat un <strong>ciclu integrat de combustibil nuclear<\/strong>, un proiect esen\u021bial pentru asigurarea autonomiei energetice \u0219i a securit\u0103\u021bii \u00een aprovizionarea cu materii prime necesare func\u021bion\u0103rii reactoarelor nucleare. Acest ciclu integrat reprezint\u0103 un element strategic pentru sustenabilitatea pe termen lung a produc\u021biei de energie nuclear\u0103 \u00een Rom\u00e2nia.<\/p><h3><strong>Componentele Ciclului Integrat de Combustibil Nuclear<\/strong><\/h3><ol><li><p><strong>Fabrica de Combustibil Nuclear de la Pite\u0219ti (FCN Pite\u0219ti)<\/strong>: Aceasta produce fascicule de combustibil nuclear utilizate \u00een reactoarele CANDU de la Cernavod\u0103. Fabrica are capacitatea de a produce combustibil nuclear pe baz\u0103 de dioxid de uraniu (UO2), ceea ce asigur\u0103 func\u021bionarea continu\u0103 a centralelor nucleare.<\/p><\/li><li><p><strong>Prelucrarea concentratului de uraniu la Feldioara<\/strong>: Un pas semnificativ a fost achizi\u021bia unei linii de procesare a concentratului de uraniu la Filiala Feldioara. Prin aceast\u0103 investi\u021bie, Nuclearelectrica a finalizat \u00eentregul lan\u021b de produc\u021bie, de la extrac\u021bia materiei prime (concentratul de uraniu) p\u00e2n\u0103 la produc\u021bia de combustibil nuclear utilizat \u00een reactoare.<\/p><\/li><li><p><strong>Extrac\u021bia \u0219i procesarea uraniului<\/strong>: Prin achizi\u021bionarea facilit\u0103\u021bii de la Feldioara, compania a asigurat accesul direct la procesarea uraniului, reduc\u00e2nd astfel dependen\u021ba de furnizori externi \u0219i asigur\u00e2nd un control mai mare asupra costurilor \u0219i calit\u0103\u021bii combustibilului.<\/p><\/li><\/ol><h3><strong>Etape de dezvoltare \u0219i obiective<\/strong><\/h3><p>Proiectul de dezvoltare a ciclului integrat a fost ini\u021biat pentru a sus\u021bine obiectivele de extindere \u0219i retehnologizare a Unit\u0103\u021bii 1 de la Cernavod\u0103, precum \u0219i pentru dezvoltarea Unit\u0103\u021bilor 3 \u0219i 4. Acesta permite companiei s\u0103 opereze \u00een mod eficient \u0219i autonom, contribuind la \u00eembun\u0103t\u0103\u021birea competitivit\u0103\u021bii industriei nucleare din Rom\u00e2nia.<\/p><h3><strong>Beneficii ale Ciclului Integrat<\/strong><\/h3><ul><li><strong>Securitate energetic\u0103<\/strong>: Prin integrarea complet\u0103 a procesului de produc\u021bie a combustibilului nuclear, Nuclearelectrica asigur\u0103 continuitatea func\u021bion\u0103rii centralelor, reduc\u00e2nd dependen\u021ba de furnizori interna\u021bionali.<\/li><li><strong>Controlul costurilor<\/strong>: Posibilitatea de a gestiona \u00eentregul lan\u021b de produc\u021bie duce la optimizarea costurilor pe termen lung, mai ales \u00een contextul planurilor de extindere \u0219i modernizare a infrastructurii nucleare.<\/li><li><strong>Sustenabilitate \u0219i inovare<\/strong>: Nuclearelectrica joac\u0103 un rol central \u00een tranzi\u021bia c\u0103tre o energie curat\u0103 \u0219i durabil\u0103, contribuind semnificativ la obiectivele Rom\u00e2niei privind reducerea emisiilor de CO2 \u0219i securitatea energetic\u0103 na\u021bional\u0103.<\/li><\/ul><p>Acest proiect consolideaz\u0103 pozi\u021bia Rom\u00e2niei ca lider regional \u00een domeniul energiei nucleare \u0219i subliniaz\u0103 angajamentul Nuclearelectrica fa\u021b\u0103 de dezvoltarea pe termen lung a industriei nucleare.<\/p><\/div><\/div><\/div><\/div><div class=\"mb-2 flex gap-3 empty:hidden -ml-2\"><div class=\"items-center justify-start rounded-xl p-1 flex\"><div class=\"flex items-center\">\u00a0<\/div><\/div><\/div>\t\t\t\t\t\t\t\t<\/div>\n\t\t\t\t<\/div>\n\t\t\t\t\t<\/div>\n\t\t<\/div>\n\t\t\t\t\t<\/div>\n\t\t<\/section>\n\t\t\t\t<\/div>\n\t\t","protected":false},"excerpt":{"rendered":"<p>Ciclu integrat de combustibil nuclear Ciclu integrat de combustibil nuclear Nuclearelectrica a realizat un ciclu integrat de combustibil nuclear, un proiect esen\u021bial pentru asigurarea autonomiei energetice \u0219i a securit\u0103\u021bii \u00een aprovizionarea cu materii prime necesare func\u021bion\u0103rii reactoarelor nucleare. Acest ciclu integrat reprezint\u0103 un element strategic pentru sustenabilitatea pe termen lung a produc\u021biei de energie nuclear\u0103 [&hellip;]<\/p>\n","protected":false},"author":2,"featured_media":0,"parent":40806,"menu_order":0,"comment_status":"closed","ping_status":"closed","template":"","meta":{"footnotes":""},"class_list":["post-40778","page","type-page","status-publish","hentry"],"_links":{"self":[{"href":"https:\/\/nuclearelectrica.ro\/snn\/wp-json\/wp\/v2\/pages\/40778","targetHints":{"allow":["GET"]}}],"collection":[{"href":"https:\/\/nuclearelectrica.ro\/snn\/wp-json\/wp\/v2\/pages"}],"about":[{"href":"https:\/\/nuclearelectrica.ro\/snn\/wp-json\/wp\/v2\/types\/page"}],"author":[{"embeddable":true,"href":"https:\/\/nuclearelectrica.ro\/snn\/wp-json\/wp\/v2\/users\/2"}],"replies":[{"embeddable":true,"href":"https:\/\/nuclearelectrica.ro\/snn\/wp-json\/wp\/v2\/comments?post=40778"}],"version-history":[{"count":16,"href":"https:\/\/nuclearelectrica.ro\/snn\/wp-json\/wp\/v2\/pages\/40778\/revisions"}],"predecessor-version":[{"id":41206,"href":"https:\/\/nuclearelectrica.ro\/snn\/wp-json\/wp\/v2\/pages\/40778\/revisions\/41206"}],"up":[{"embeddable":true,"href":"https:\/\/nuclearelectrica.ro\/snn\/wp-json\/wp\/v2\/pages\/40806"}],"wp:attachment":[{"href":"https:\/\/nuclearelectrica.ro\/snn\/wp-json\/wp\/v2\/media?parent=40778"}],"curies":[{"name":"wp","href":"https:\/\/api.w.org\/{rel}","templated":true}]}}