{"id":40895,"date":"2024-10-11T09:47:15","date_gmt":"2024-10-11T09:47:15","guid":{"rendered":"https:\/\/nuclearelectrica.ro\/snn\/?page_id=40895"},"modified":"2025-04-12T08:49:42","modified_gmt":"2025-04-12T08:49:42","slug":"media","status":"publish","type":"page","link":"https:\/\/nuclearelectrica.ro\/snn\/media\/","title":{"rendered":"Media"},"content":{"rendered":"\t\t<div data-elementor-type=\"wp-page\" data-elementor-id=\"40895\" class=\"elementor elementor-40895\">\n\t\t\t\t\t\t<section class=\"elementor-section elementor-top-section elementor-element elementor-element-5dd8dad elementor-section-full_width elementor-section-height-default elementor-section-height-default\" data-id=\"5dd8dad\" data-element_type=\"section\">\n\t\t\t\t\t\t<div class=\"elementor-container elementor-column-gap-default\">\n\t\t\t\t\t<div class=\"elementor-column elementor-col-100 elementor-top-column elementor-element elementor-element-63dbcd8 top column-style-top\" data-id=\"63dbcd8\" data-element_type=\"column\">\n\t\t\t<div class=\"elementor-widget-wrap elementor-element-populated\">\n\t\t\t\t\t\t<div class=\"elementor-element elementor-element-e3da562 elementor-widget elementor-widget-gva-rev-slider\" data-id=\"e3da562\" data-element_type=\"widget\" data-widget_type=\"gva-rev-slider.default\">\n\t\t\t\t<div class=\"elementor-widget-container\">\n\t\t\t\t\t<div class=\"gva-element-gva-rev-slider gva-element\">\n\t\t\t\t<p class=\"rs-p-wp-fix\"><\/p>\n\t\t\t\t<sr7-module data-alias=\"Slider-Media-RO\" data-id=\"9\" id=\"SR7_9_1\" class=\"rs-ov-hidden\" data-version=\"6.7.15\">\n\t\t\t\t\t<sr7-adjuster><\/sr7-adjuster>\n\t\t\t\t\t<sr7-content>\n\t\t\t\t\t\t<sr7-slide id=\"SR7_9_1-48\" data-key=\"48\">\n\t\t\t\t\t\t\t<a id=\"SR7_9_1-48-0\" class=\"sr7-layer\" href=\"https:\/\/nuclearelectrica.ro\/snn\/category\/media\/anunturi-ro\/\" target=\"_blank\" rel=\"nofollow noopener\">Anun\u021buri<\/a>\n\t\t\t\t\t\t\t<a id=\"SR7_9_1-48-1\" class=\"sr7-layer\" href=\"https:\/\/nuclearelectrica.ro\/snn\/category\/media\/comunicate-de-presa\/\" target=\"_blank\" rel=\"nofollow noopener\">Comunicate de pres\u0103<\/a>\n\t\t\t\t\t\t\t<a id=\"SR7_9_1-48-5\" class=\"sr7-layer\" href=\"https:\/\/nuclearelectrica.ro\/snn\/category\/media\/evenimente\/\" target=\"_blank\" rel=\"nofollow noopener\">Evenimente<\/a>\n\t\t\t\t\t\t\t<a id=\"SR7_9_1-48-6\" class=\"sr7-layer\" href=\"#\" target=\"_blank\" rel=\"nofollow noopener\">Transmisie in direct<\/a>\n\t\t\t\t\t\t\t<sr7-txt id=\"SR7_9_1-48-35\" class=\"sr7-layer\">Media<\/sr7-txt>\n\t\t\t\t\t\t<\/sr7-slide>\n\t\t\t\t\t\t<sr7-slide id=\"SR7_9_1-49\" data-key=\"49\">\n\t\t\t\t\t\t<\/sr7-slide>\n\t\t\t\t\t<\/sr7-content>\n\t\t\t\t<\/sr7-module>\n\t\t\t\t<script>\n\t\t\t\t\tSR7.PMH ??={}; SR7.PMH[\"SR7_9_1\"] = {cn:0,state:false,fn: function() { if (_tpt!==undefined && _tpt.prepareModuleHeight !== undefined) {  _tpt.prepareModuleHeight({id:\"SR7_9_1\",el:[676,676,676,580,440],type:'hero',shdw:'0',gh:[676,676,676,580,440],gw:[1170,1170,1170,778,480],vpt:['100px&#039;,&#039;100px&#039;,&#039;100px&#039;,&#039;100px&#039;,&#039;100px'],size:{fullWidth:true, fullHeight:true},fho:',277px',mh:'0',onh:0,onw:0,bg:{color:'{\"orig\":\"transparent\",\"type\":\"solid\",\"string\":\"transparent\"}'},plType:'0',plColor:'#FFFFFF'});   SR7.PMH[\"SR7_9_1\"].state=true;} else if((SR7.PMH[\"SR7_9_1\"].cn++)<100)\tsetTimeout( SR7.PMH[\"SR7_9_1\"].fn,19);}};SR7.PMH[\"SR7_9_1\" ].fn();\n\t\t\t\t<\/script>\n<\/div>\t\t\t\t<\/div>\n\t\t\t\t<\/div>\n\t\t\t\t\t<\/div>\n\t\t<\/div>\n\t\t\t\t\t<\/div>\n\t\t<\/section>\n\t\t\t\t<section class=\"elementor-section elementor-top-section elementor-element elementor-element-5eb6cc0 elementor-section-boxed elementor-section-height-default elementor-section-height-default\" data-id=\"5eb6cc0\" data-element_type=\"section\">\n\t\t\t\t\t\t<div class=\"elementor-container elementor-column-gap-default\">\n\t\t\t\t\t<div class=\"elementor-column elementor-col-100 elementor-top-column elementor-element elementor-element-3bf2642 top column-style-top\" data-id=\"3bf2642\" data-element_type=\"column\">\n\t\t\t<div class=\"elementor-widget-wrap elementor-element-populated\">\n\t\t\t\t\t\t<div class=\"elementor-element elementor-element-ccc189b elementor-widget elementor-widget-text-editor\" data-id=\"ccc189b\" data-element_type=\"widget\" data-widget_type=\"text-editor.default\">\n\t\t\t\t<div class=\"elementor-widget-container\">\n\t\t\t\t\t\t\t\t\t<p><strong>Declara\u021bie de pres\u0103 \u2013 Nuclearelectrica S.A.<\/strong><br \/><br \/>Societatea Na\u021bional\u0103 Nuclearelectrica S.A. respinge ferm informa\u021biile publicate de <a href=\"http:\/\/Realitatea.net\">Realitatea.net<\/a> \u00een articolul<em> &#8220;Reac\u021bia Nuclearelectrica, dup\u0103 ce Sebastian Burduja a operat schimb\u0103ri \u00een Consiliul de Administra\u021bie al companiei \u00een contextul invoc\u0103rii PNRR&#8221;<\/em> din data de 11 aprilie 2025.<br \/><br \/>Articolul con\u021bine afirma\u021bii false \u0219i face referire la un a\u0219a-zis comunicat de pres\u0103 care nu a fost emis de companie. Nuclearelectrica nu a publicat niciun comunicat oficial privind schimb\u0103ri \u00een Consiliul de Administra\u021bie, a\u0219a cum se sus\u021bine \u00een articol.<br \/><br \/>Toate comunic\u0103rile oficiale sunt disponibile exclusiv pe site-ul companiei, \u00een sec\u021biunea dedicat\u0103 raport\u0103rilor curente.<br \/><br \/><br \/><\/p><p>\u00a0<\/p>\t\t\t\t\t\t\t\t<\/div>\n\t\t\t\t<\/div>\n\t\t\t\t\t<\/div>\n\t\t<\/div>\n\t\t\t\t\t<\/div>\n\t\t<\/section>\n\t\t\t\t<\/div>\n\t\t","protected":false},"excerpt":{"rendered":"<p>Declara\u021bie de pres\u0103 \u2013 Nuclearelectrica S.A. Societatea Na\u021bional\u0103 Nuclearelectrica S.A. respinge ferm informa\u021biile publicate de Realitatea.net \u00een articolul &#8220;Reac\u021bia Nuclearelectrica, dup\u0103 ce Sebastian Burduja a operat schimb\u0103ri \u00een Consiliul de Administra\u021bie al companiei \u00een contextul invoc\u0103rii PNRR&#8221; din data de 11 aprilie 2025. Articolul con\u021bine afirma\u021bii false \u0219i face referire la un a\u0219a-zis comunicat de [&hellip;]<\/p>\n","protected":false},"author":2,"featured_media":0,"parent":0,"menu_order":0,"comment_status":"closed","ping_status":"closed","template":"","meta":{"footnotes":""},"class_list":["post-40895","page","type-page","status-publish","hentry"],"_links":{"self":[{"href":"https:\/\/nuclearelectrica.ro\/snn\/wp-json\/wp\/v2\/pages\/40895","targetHints":{"allow":["GET"]}}],"collection":[{"href":"https:\/\/nuclearelectrica.ro\/snn\/wp-json\/wp\/v2\/pages"}],"about":[{"href":"https:\/\/nuclearelectrica.ro\/snn\/wp-json\/wp\/v2\/types\/page"}],"author":[{"embeddable":true,"href":"https:\/\/nuclearelectrica.ro\/snn\/wp-json\/wp\/v2\/users\/2"}],"replies":[{"embeddable":true,"href":"https:\/\/nuclearelectrica.ro\/snn\/wp-json\/wp\/v2\/comments?post=40895"}],"version-history":[{"count":13,"href":"https:\/\/nuclearelectrica.ro\/snn\/wp-json\/wp\/v2\/pages\/40895\/revisions"}],"predecessor-version":[{"id":45592,"href":"https:\/\/nuclearelectrica.ro\/snn\/wp-json\/wp\/v2\/pages\/40895\/revisions\/45592"}],"wp:attachment":[{"href":"https:\/\/nuclearelectrica.ro\/snn\/wp-json\/wp\/v2\/media?parent=40895"}],"curies":[{"name":"wp","href":"https:\/\/api.w.org\/{rel}","templated":true}]}}