{"id":41354,"date":"2024-11-07T15:32:33","date_gmt":"2024-11-07T15:32:33","guid":{"rendered":"https:\/\/nuclearelectrica.ro\/snn\/?page_id=41354"},"modified":"2024-11-13T16:53:47","modified_gmt":"2024-11-13T16:53:47","slug":"sustenabilitate-2","status":"publish","type":"page","link":"https:\/\/nuclearelectrica.ro\/snn\/sustenabilitate\/sustenabilitate-2\/","title":{"rendered":"Sustenabilitate"},"content":{"rendered":"\t\t<div data-elementor-type=\"wp-page\" data-elementor-id=\"41354\" class=\"elementor elementor-41354\">\n\t\t\t\t\t\t<section class=\"elementor-section elementor-top-section elementor-element elementor-element-15ddccb elementor-section-full_width elementor-section-height-default elementor-section-height-default\" data-id=\"15ddccb\" data-element_type=\"section\">\n\t\t\t\t\t\t<div class=\"elementor-container elementor-column-gap-default\">\n\t\t\t\t\t<div class=\"elementor-column elementor-col-100 elementor-top-column elementor-element elementor-element-e43a4c7 top column-style-top\" data-id=\"e43a4c7\" data-element_type=\"column\">\n\t\t\t<div class=\"elementor-widget-wrap elementor-element-populated\">\n\t\t\t\t\t\t<div class=\"elementor-element elementor-element-d3a6264 elementor-widget elementor-widget-image\" data-id=\"d3a6264\" data-element_type=\"widget\" data-widget_type=\"image.default\">\n\t\t\t\t<div class=\"elementor-widget-container\">\n\t\t\t\t\t\t\t\t\t\t\t\t\t\t\t<img fetchpriority=\"high\" decoding=\"async\" width=\"1920\" height=\"283\" src=\"https:\/\/nuclearelectrica.ro\/snn\/wp-content\/uploads\/sites\/2\/2024\/11\/SNN_ptSITE_IR_banda_Fact-sheet_20241022-1.jpg\" class=\"attachment-full size-full wp-image-41429\" alt=\"\" srcset=\"https:\/\/nuclearelectrica.ro\/snn\/wp-content\/uploads\/sites\/2\/2024\/11\/SNN_ptSITE_IR_banda_Fact-sheet_20241022-1.jpg 1920w, https:\/\/nuclearelectrica.ro\/snn\/wp-content\/uploads\/sites\/2\/2024\/11\/SNN_ptSITE_IR_banda_Fact-sheet_20241022-1-1024x151.jpg 1024w, https:\/\/nuclearelectrica.ro\/snn\/wp-content\/uploads\/sites\/2\/2024\/11\/SNN_ptSITE_IR_banda_Fact-sheet_20241022-1-768x113.jpg 768w, https:\/\/nuclearelectrica.ro\/snn\/wp-content\/uploads\/sites\/2\/2024\/11\/SNN_ptSITE_IR_banda_Fact-sheet_20241022-1-600x88.jpg 600w\" sizes=\"(max-width: 1920px) 100vw, 1920px\" \/>\t\t\t\t\t\t\t\t\t\t\t\t\t\t\t<\/div>\n\t\t\t\t<\/div>\n\t\t\t\t<section class=\"elementor-section elementor-inner-section elementor-element elementor-element-ea4863b relative elementor-section-boxed elementor-section-height-default elementor-section-height-default\" data-id=\"ea4863b\" data-element_type=\"section\">\n\t\t\t\t\t\t<div class=\"elementor-container elementor-column-gap-default\">\n\t\t\t\t\t<div class=\"elementor-column elementor-col-100 elementor-inner-column elementor-element elementor-element-d23455d elementor-container top column-style-top\" data-id=\"d23455d\" data-element_type=\"column\">\n\t\t\t<div class=\"elementor-widget-wrap elementor-element-populated\">\n\t\t\t\t\t\t<div class=\"elementor-element elementor-element-cb9227e elementor-widget__width-initial elementor-widget elementor-widget-heading\" data-id=\"cb9227e\" data-element_type=\"widget\" data-widget_type=\"heading.default\">\n\t\t\t\t<div class=\"elementor-widget-container\">\n\t\t\t\t\t<h1 class=\"elementor-heading-title elementor-size-default\">Siguran\u021b\u0103 \u0219i sustenabilitate<\/h1>\t\t\t\t<\/div>\n\t\t\t\t<\/div>\n\t\t\t\t\t<\/div>\n\t\t<\/div>\n\t\t\t\t\t<\/div>\n\t\t<\/section>\n\t\t\t\t\t<\/div>\n\t\t<\/div>\n\t\t\t\t\t<\/div>\n\t\t<\/section>\n\t\t\t\t<section class=\"elementor-section elementor-top-section elementor-element elementor-element-7274514 elementor-section-boxed elementor-section-height-default elementor-section-height-default\" data-id=\"7274514\" data-element_type=\"section\">\n\t\t\t\t\t\t<div class=\"elementor-container elementor-column-gap-default\">\n\t\t\t\t\t<div class=\"elementor-column elementor-col-100 elementor-top-column elementor-element elementor-element-beea248 top column-style-top\" data-id=\"beea248\" data-element_type=\"column\">\n\t\t\t<div class=\"elementor-widget-wrap elementor-element-populated\">\n\t\t\t\t\t\t<div class=\"elementor-element elementor-element-ebd5b11 elementor-widget elementor-widget-text-editor\" data-id=\"ebd5b11\" data-element_type=\"widget\" data-widget_type=\"text-editor.default\">\n\t\t\t\t<div class=\"elementor-widget-container\">\n\t\t\t\t\t\t\t\t\t<h3><strong>Siguran\u021b\u0103 \u0219i Sustenabilitate la Nuclearelectrica<\/strong><\/h3><p><strong>La Nuclearelectrica<\/strong>, prioritatea noastr\u0103 principal\u0103 este asigurarea unui mediu de operare sigur \u0219i responsabil din punct de vedere ecologic, pentru a furniza energie nuclear\u0103 curat\u0103 \u0219i sigur\u0103, contribuind astfel la un viitor durabil pentru comunit\u0103\u021bile noastre.<\/p><hr \/><h4><strong>Siguran\u021ba Opera\u021bional\u0103<\/strong><\/h4><p>Siguran\u021ba este \u00een centrul activit\u0103\u021bilor noastre. La Nuclearelectrica, implement\u0103m cele mai \u00eenalte standarde de securitate \u0219i respect\u0103m reglement\u0103rile interna\u021bionale \u0219i na\u021bionale \u00een domeniul nuclear, pentru a proteja at\u00e2t personalul, c\u00e2t \u0219i comunit\u0103\u021bile \u00eenconjur\u0103toare \u0219i mediul \u00eenconjur\u0103tor.<\/p><p>Principalele noastre angajamente \u00een domeniul siguran\u021bei includ:<\/p><ul><li><strong>Tehnologie de v\u00e2rf<\/strong>: Utiliz\u0103m tehnologii de ultim\u0103 genera\u021bie \u0219i sisteme moderne de monitorizare pentru a asigura func\u021bionarea sigur\u0103 a reactoarelor noastre.<\/li><li><strong>Instruire \u0219i dezvoltare continu\u0103<\/strong>: Personalul nostru beneficiaz\u0103 de instruire riguroas\u0103 \u0219i continu\u0103 pentru a respecta cele mai \u00eenalte standarde de siguran\u021b\u0103.<\/li><li><strong>Monitorizare \u0219i \u00eentre\u021binere proactiv\u0103<\/strong>: Realiz\u0103m inspec\u021bii regulate \u0219i monitoriz\u0103ri continue ale echipamentelor pentru a preveni orice poten\u021biale probleme \u0219i a asigura func\u021bionarea \u00een condi\u021bii de siguran\u021b\u0103 maxim\u0103.<\/li><li><strong>Colaborare cu autorit\u0103\u021bile<\/strong>: Lucr\u0103m \u00eendeaproape cu autorit\u0103\u021bile de reglementare \u0219i respect\u0103m standardele interna\u021bionale stabilite de Agen\u021bia Interna\u021bional\u0103 pentru Energie Atomic\u0103 (AIEA).<\/li><\/ul><h4><strong>Sustenabilitatea Mediului<\/strong><\/h4><p>Energia nuclear\u0103 are un rol esen\u021bial \u00een asigurarea unui viitor sustenabil, datorit\u0103 faptului c\u0103 este o surs\u0103 de energie cu emisii reduse de carbon. Ne angaj\u0103m s\u0103 minimiz\u0103m impactul asupra mediului \u0219i s\u0103 promov\u0103m practici sustenabile \u00een toate aspectele activit\u0103\u021bii noastre.<\/p><p>Abordarea noastr\u0103 privind sustenabilitatea cuprinde:<\/p><ul><li><strong>Reducerea emisiilor de carbon<\/strong>: Energia nuclear\u0103 este o surs\u0103 esen\u021bial\u0103 de energie cu emisii reduse de carbon, contribuind la atingerea obiectivelor de reducere a emisiilor \u0219i la combaterea schimb\u0103rilor climatice.<\/li><li><strong>Gestionarea de\u0219eurilor<\/strong>: Implement\u0103m practici de gestionare a de\u0219eurilor radioactive care respect\u0103 cele mai stricte standarde de siguran\u021b\u0103 \u0219i protec\u021bie a mediului.<\/li><li><strong>Utilizarea eficient\u0103 a resurselor<\/strong>: Optimiz\u0103m utilizarea resurselor naturale, prin m\u0103suri de eficien\u021b\u0103 energetic\u0103 \u0219i reducerea consumului de ap\u0103.<\/li><li><strong>Dezvoltarea comunit\u0103\u021bilor locale<\/strong>: Suntem implica\u021bi activ \u00een proiecte de dezvoltare comunitar\u0103, oferind sprijin pentru ini\u021biative locale \u0219i programe educa\u021bionale, pentru a construi un viitor mai bun pentru genera\u021biile viitoare.<\/li><\/ul><h4><strong>Inova\u021bie \u0219i Cercetare pentru un Viitor Verde<\/strong><\/h4><p>La Nuclearelectrica, credem \u00een importan\u021ba inov\u0103rii continue. Prin investi\u021bii \u00een cercetare \u0219i dezvoltare, explor\u0103m solu\u021bii inovative pentru a face energia nuclear\u0103 \u0219i mai sigur\u0103 \u0219i mai eficient\u0103, sprijinind tranzi\u021bia global\u0103 c\u0103tre o economie verde. Colabor\u0103m cu institu\u021bii de cercetare na\u021bionale \u0219i interna\u021bionale pentru a promova tehnologii avansate \u0219i a contribui la evolu\u021bia industriei nucleare.<\/p><h4><strong>Transparen\u021b\u0103 \u0219i Responsabilitate<\/strong><\/h4><p>Suntem dedica\u021bi transparen\u021bei \u0219i responsabilit\u0103\u021bii \u00een toate opera\u021biunile noastre. Ne str\u0103duim s\u0103 oferim informa\u021bii clare \u0219i accesibile comunit\u0103\u021bilor \u0219i p\u0103r\u021bilor interesate, pentru a construi \u00eencredere \u0219i a men\u021bine un dialog deschis. Organiz\u0103m periodic sesiuni de informare public\u0103 \u0219i comunic\u0103m \u00een mod activ cu to\u021bi cei interesa\u021bi de activitatea noastr\u0103.<\/p><hr \/><p><strong>La Nuclearelectrica, ne asum\u0103m responsabilitatea de a oferi energie sigur\u0103 \u0219i sustenabil\u0103 pentru Rom\u00e2nia.<\/strong> Credem \u00een rolul nostru esen\u021bial \u00een construirea unui viitor mai curat \u0219i mai sigur, \u00een armonie cu mediul \u00eenconjur\u0103tor \u0219i \u00een beneficiul comunit\u0103\u021bilor noastre.<\/p><hr \/><p><strong>Contacta\u021bi-ne<\/strong> pentru mai multe detalii despre m\u0103surile de siguran\u021b\u0103 \u0219i sustenabilitate pe care le adopt\u0103m, \u0219i afla\u021bi cum pute\u021bi contribui la un viitor verde \u00eempreun\u0103 cu noi.<\/p>\t\t\t\t\t\t\t\t<\/div>\n\t\t\t\t<\/div>\n\t\t\t\t\t<\/div>\n\t\t<\/div>\n\t\t\t\t\t<\/div>\n\t\t<\/section>\n\t\t\t\t<\/div>\n\t\t","protected":false},"excerpt":{"rendered":"<p>Siguran\u021b\u0103 \u0219i sustenabilitate Siguran\u021b\u0103 \u0219i Sustenabilitate la Nuclearelectrica La Nuclearelectrica, prioritatea noastr\u0103 principal\u0103 este asigurarea unui mediu de operare sigur \u0219i responsabil din punct de vedere ecologic, pentru a furniza energie nuclear\u0103 curat\u0103 \u0219i sigur\u0103, contribuind astfel la un viitor durabil pentru comunit\u0103\u021bile noastre. Siguran\u021ba Opera\u021bional\u0103 Siguran\u021ba este \u00een centrul activit\u0103\u021bilor noastre. La Nuclearelectrica, implement\u0103m [&hellip;]<\/p>\n","protected":false},"author":2,"featured_media":0,"parent":40823,"menu_order":0,"comment_status":"closed","ping_status":"closed","template":"","meta":{"footnotes":""},"class_list":["post-41354","page","type-page","status-publish","hentry"],"_links":{"self":[{"href":"https:\/\/nuclearelectrica.ro\/snn\/wp-json\/wp\/v2\/pages\/41354","targetHints":{"allow":["GET"]}}],"collection":[{"href":"https:\/\/nuclearelectrica.ro\/snn\/wp-json\/wp\/v2\/pages"}],"about":[{"href":"https:\/\/nuclearelectrica.ro\/snn\/wp-json\/wp\/v2\/types\/page"}],"author":[{"embeddable":true,"href":"https:\/\/nuclearelectrica.ro\/snn\/wp-json\/wp\/v2\/users\/2"}],"replies":[{"embeddable":true,"href":"https:\/\/nuclearelectrica.ro\/snn\/wp-json\/wp\/v2\/comments?post=41354"}],"version-history":[{"count":10,"href":"https:\/\/nuclearelectrica.ro\/snn\/wp-json\/wp\/v2\/pages\/41354\/revisions"}],"predecessor-version":[{"id":41432,"href":"https:\/\/nuclearelectrica.ro\/snn\/wp-json\/wp\/v2\/pages\/41354\/revisions\/41432"}],"up":[{"embeddable":true,"href":"https:\/\/nuclearelectrica.ro\/snn\/wp-json\/wp\/v2\/pages\/40823"}],"wp:attachment":[{"href":"https:\/\/nuclearelectrica.ro\/snn\/wp-json\/wp\/v2\/media?parent=41354"}],"curies":[{"name":"wp","href":"https:\/\/api.w.org\/{rel}","templated":true}]}}