{"id":44406,"date":"2024-12-01T14:38:39","date_gmt":"2024-12-01T14:38:39","guid":{"rendered":"https:\/\/nuclearelectrica.ro\/snn\/?page_id=44406"},"modified":"2026-04-01T09:09:47","modified_gmt":"2026-04-01T09:09:47","slug":"anunturi-achizitii-snn","status":"publish","type":"page","link":"https:\/\/nuclearelectrica.ro\/snn\/despre-noi\/procurare\/anunturi-achizitii-snn\/","title":{"rendered":"Anunturi achizitii snn"},"content":{"rendered":"\t\t<div data-elementor-type=\"wp-page\" data-elementor-id=\"44406\" class=\"elementor elementor-44406\">\n\t\t\t\t\t\t<section class=\"elementor-section elementor-top-section elementor-element elementor-element-959ebfc elementor-section-full_width elementor-section-height-default elementor-section-height-default\" data-id=\"959ebfc\" data-element_type=\"section\">\n\t\t\t\t\t\t<div class=\"elementor-container elementor-column-gap-default\">\n\t\t\t\t\t<div class=\"elementor-column elementor-col-100 elementor-top-column elementor-element elementor-element-504d138 top column-style-top\" data-id=\"504d138\" data-element_type=\"column\">\n\t\t\t<div class=\"elementor-widget-wrap elementor-element-populated\">\n\t\t\t\t\t\t<div class=\"elementor-element elementor-element-c208e00 elementor-widget elementor-widget-image\" data-id=\"c208e00\" data-element_type=\"widget\" data-widget_type=\"image.default\">\n\t\t\t\t<div class=\"elementor-widget-container\">\n\t\t\t\t\t\t\t\t\t\t\t\t\t\t\t<img fetchpriority=\"high\" decoding=\"async\" width=\"1920\" height=\"283\" src=\"https:\/\/nuclearelectrica.ro\/snn\/wp-content\/uploads\/sites\/2\/2024\/12\/SNN_DESPRE-NOI_PROCURARE_banner_01_20241128.jpg\" class=\"attachment-full size-full wp-image-44408\" alt=\"\" srcset=\"https:\/\/nuclearelectrica.ro\/snn\/wp-content\/uploads\/sites\/2\/2024\/12\/SNN_DESPRE-NOI_PROCURARE_banner_01_20241128.jpg 1920w, https:\/\/nuclearelectrica.ro\/snn\/wp-content\/uploads\/sites\/2\/2024\/12\/SNN_DESPRE-NOI_PROCURARE_banner_01_20241128-1024x151.jpg 1024w, https:\/\/nuclearelectrica.ro\/snn\/wp-content\/uploads\/sites\/2\/2024\/12\/SNN_DESPRE-NOI_PROCURARE_banner_01_20241128-768x113.jpg 768w\" sizes=\"(max-width: 1920px) 100vw, 1920px\" \/>\t\t\t\t\t\t\t\t\t\t\t\t\t\t\t<\/div>\n\t\t\t\t<\/div>\n\t\t\t\t<section class=\"elementor-section elementor-inner-section elementor-element elementor-element-414f9fa relative elementor-section-boxed elementor-section-height-default elementor-section-height-default\" data-id=\"414f9fa\" data-element_type=\"section\">\n\t\t\t\t\t\t<div class=\"elementor-container elementor-column-gap-default\">\n\t\t\t\t\t<div class=\"elementor-column elementor-col-100 elementor-inner-column elementor-element elementor-element-faae80f elementor-container top column-style-top\" data-id=\"faae80f\" data-element_type=\"column\">\n\t\t\t<div class=\"elementor-widget-wrap elementor-element-populated\">\n\t\t\t\t\t\t<div class=\"elementor-element elementor-element-6839efa elementor-widget__width-initial elementor-widget elementor-widget-heading\" data-id=\"6839efa\" data-element_type=\"widget\" data-widget_type=\"heading.default\">\n\t\t\t\t<div class=\"elementor-widget-container\">\n\t\t\t\t\t<h1 class=\"elementor-heading-title elementor-size-default\">Anun\u021buri achizi\u021bii SNN<\/h1>\t\t\t\t<\/div>\n\t\t\t\t<\/div>\n\t\t\t\t\t<\/div>\n\t\t<\/div>\n\t\t\t\t\t<\/div>\n\t\t<\/section>\n\t\t\t\t\t<\/div>\n\t\t<\/div>\n\t\t\t\t\t<\/div>\n\t\t<\/section>\n\t\t\t\t<section class=\"elementor-section elementor-top-section elementor-element elementor-element-95122b8 elementor-section-boxed elementor-section-height-default elementor-section-height-default\" data-id=\"95122b8\" data-element_type=\"section\">\n\t\t\t\t\t\t<div class=\"elementor-container elementor-column-gap-default\">\n\t\t\t\t\t<div class=\"elementor-column elementor-col-50 elementor-top-column elementor-element elementor-element-1162d0d top column-style-top\" data-id=\"1162d0d\" data-element_type=\"column\">\n\t\t\t<div class=\"elementor-widget-wrap elementor-element-populated\">\n\t\t\t\t\t\t<div class=\"elementor-element elementor-element-e8347d3 elementor-widget elementor-widget-text-editor\" data-id=\"e8347d3\" data-element_type=\"widget\" data-widget_type=\"text-editor.default\">\n\t\t\t\t<div class=\"elementor-widget-container\">\n\t\t\t\t\t\t\t\t\t<h4>Servicii de consultanta pentru definirea \u201cStrategiei privind \u00eembun\u0103t\u0103\u021birea performantei opera\u021bionale a protec\u021biei fizice la CNE Cernavoda\u201d<\/h4><p><strong>Valoare estimta:<\/strong> 50.000 Euro<\/p><p><strong>Data depunere:<\/strong> 20.04.2026, ora 23.59<\/p><p><strong>Persoana de contact:<\/strong> Anda Pistol, e-mail <a href=\"mailto:anda.pistol@nuclearelectrica.ro\">anda.pistol@nuclearelectrica.ro<\/a><\/p><p><a href=\"https:\/\/nuclearelectrica.ro\/snn\/wp-content\/uploads\/sites\/2\/2026\/04\/1.Caiet-de-sarcini-Tender-Book.pdf\">Caiet de sarcini &#8211; Tender Book<\/a><\/p><p><a href=\"https:\/\/nuclearelectrica.ro\/snn\/wp-content\/uploads\/sites\/2\/2026\/04\/2.Order-Comanda-CR-46364.docx\">\u00a0Comanda &#8211; Order\u00a0<\/a><\/p><p><a href=\"https:\/\/nuclearelectrica.ro\/snn\/wp-content\/uploads\/sites\/2\/2026\/04\/3.Forms-Formulare.docx\">Formulare &#8211; Forms\u00a0<\/a><\/p><p><a href=\"https:\/\/nuclearelectrica.ro\/snn\/wp-content\/uploads\/sites\/2\/2026\/04\/Anunt-romana-engleza.docx\">Anunt &#8211; Announcement<\/a><\/p><p>\u00a0<\/p>\t\t\t\t\t\t\t\t<\/div>\n\t\t\t\t<\/div>\n\t\t\t\t<div class=\"elementor-element elementor-element-c7c168b elementor-widget elementor-widget-text-editor\" data-id=\"c7c168b\" data-element_type=\"widget\" data-widget_type=\"text-editor.default\">\n\t\t\t\t<div class=\"elementor-widget-container\">\n\t\t\t\t\t\t\t\t\t<h4>Servicii de mentenan\u021b\u0103 legislativ\u0103, asisten\u021b\u0103 tehnic\u0103 \u0219i consultan\u021b\u0103 de specialitate, modificare \u0219i reconfigurare software la cerere pentru aplica\u021bia SAL \u2013 \u201cExpertul t\u0103u \u00een Salarizare\u201d, aflat\u0103 \u00een exploatare la SNN Sediul central, CNE Cernavod\u0103 \u0219i FCN Pite\u0219ti<\/h4><p>Valoare estimata: 190.909,08 RON fara TVA<\/p><p>Data limita depuneri oferta : 14.01.2026, ora 10:00<\/p><p><a href=\"https:\/\/nuclearelectrica.ro\/snn\/wp-content\/uploads\/sites\/2\/2026\/01\/anunt-1-2.doc\">Anunt<\/a><\/p><p><a href=\"https:\/\/nuclearelectrica.ro\/snn\/wp-content\/uploads\/sites\/2\/2026\/01\/FORMULAR-DE-PROPUNERE-FINANCIARA-ANEXA-1.docx\">Formular de propunere financiara\u00a0<\/a><\/p><p><a href=\"https:\/\/nuclearelectrica.ro\/snn\/wp-content\/uploads\/sites\/2\/2026\/01\/CAIET-DE-SARCINI-CR-45359-S.A.L-1.pdf\">Caiet de sarcini<\/a><\/p><p><a href=\"https:\/\/nuclearelectrica.ro\/snn\/wp-content\/uploads\/sites\/2\/2026\/01\/PROIECT-CONTRACT-CR-45359-S.A.L-1.pdf\">Proiect de contract<\/a><\/p><p>Persoane de contact:\u00a0 <a href=\"mailto:Marius.Marcuta@nuclearelectrica.ro\">Marius.Marcuta@nuclearelectrica.ro<\/a><\/p>\t\t\t\t\t\t\t\t<\/div>\n\t\t\t\t<\/div>\n\t\t\t\t<div class=\"elementor-element elementor-element-4a34340 elementor-widget elementor-widget-text-editor\" data-id=\"4a34340\" data-element_type=\"widget\" data-widget_type=\"text-editor.default\">\n\t\t\t\t<div class=\"elementor-widget-container\">\n\t\t\t\t\t\t\t\t\t<h4><strong>Anunt &#8211; Servicii de publicitate \u015fi promovare \u00een cadrul studiului ,,South East Europe Energy Outlook 2025\u201d<\/strong><\/h4><p>Valoare estimata: 6.000 euro fara TVA<\/p><p>Data limita depuneri oferta : <strong>27.10.2025, ora 10:00<\/strong><\/p><p><a href=\"https:\/\/nuclearelectrica.ro\/snn\/wp-content\/uploads\/sites\/2\/2025\/10\/Anunt-publicitar-Servicii-publicitatepromovare-in-studiul-South-East-Europe-Energy-Outlook-2025.doc\">Anunt<\/a><\/p><p><a href=\"https:\/\/nuclearelectrica.ro\/snn\/wp-content\/uploads\/sites\/2\/2025\/10\/Anunt-publicitar-Servicii-publicitatepromovare-in-studiul-South-East-Europe-Energy-Outlook-2025-En.docx\">Public notice<\/a><\/p><p><a href=\"https:\/\/nuclearelectrica.ro\/snn\/wp-content\/uploads\/sites\/2\/2025\/10\/Modele-de-Formulare-Servicii-publicitatepromovare-in-studiul-South-East-Europe-Energy-Outlook-2025-2.doc\">Formulare \/ Purchasing forms<\/a><\/p><p>Persoane de contact: Craciun Cosmin <a href=\"mailto:cosmin.craciun@nuclearelectrica.ro\">cosmin.craciun@nuclearelectrica.ro<\/a> \u015fi Gabriela Mures <a href=\"mailto:gabriela.mures@nuclearelectrica.ro\">gabriela.mures@nuclearelectrica.ro<\/a>.<\/p>\t\t\t\t\t\t\t\t<\/div>\n\t\t\t\t<\/div>\n\t\t\t\t\t<\/div>\n\t\t<\/div>\n\t\t\t\t<div class=\"elementor-column elementor-col-50 elementor-top-column elementor-element elementor-element-d6a86b5 top column-style-top\" data-id=\"d6a86b5\" data-element_type=\"column\">\n\t\t\t<div class=\"elementor-widget-wrap elementor-element-populated\">\n\t\t\t\t\t\t<div class=\"elementor-element elementor-element-85219d9 elementor-widget elementor-widget-text-editor\" data-id=\"85219d9\" data-element_type=\"widget\" data-widget_type=\"text-editor.default\">\n\t\t\t\t<div class=\"elementor-widget-container\">\n\t\t\t\t\t\t\t\t\t<h4>\u00a0<strong>Rapoarte de analiza de piata cu privire la piata de energie electrica (in format electronic) la nivel national si European\/ Market analysis reports on the electricity market (in electronic format) at national and European level<\/strong><\/h4><p><strong>Valoare estimata\/ Estimated value<\/strong>: 30.000 Euro fara TVA\/ EUR 30,000 excluding VAT<\/p><p><strong>Data limita depuneri oferta\/ Time-limit for submission of the tenders<\/strong>:\u00a0 09.02.2026\/ February 9, 2026<\/p><p>Anexe:<\/p><p><a href=\"https:\/\/nuclearelectrica.ro\/snn\/wp-content\/uploads\/sites\/2\/2026\/02\/ANUNT.pdf\">Anunt\/Announcement<\/a><\/p><p><a href=\"https:\/\/nuclearelectrica.ro\/snn\/wp-content\/uploads\/sites\/2\/2026\/02\/Caiet-Sarcini-Tender-book-CR-45328.pdf\">Caiet de sarcini \/Specifications<\/a><\/p><p>Persoana de contact: <a href=\"mailto:Laura.Gheorghe@nuclearelectrica.ro\">Laura.Gheorghe@nuclearelectrica.ro<\/a><\/p>\t\t\t\t\t\t\t\t<\/div>\n\t\t\t\t<\/div>\n\t\t\t\t<div class=\"elementor-element elementor-element-98f660d elementor-widget elementor-widget-text-editor\" data-id=\"98f660d\" data-element_type=\"widget\" data-widget_type=\"text-editor.default\">\n\t\t\t\t<div class=\"elementor-widget-container\">\n\t\t\t\t\t\t\t\t\t<p><strong><u>Anunt-CATRE TOTI CEI INTERESATI<\/u><\/strong><\/p><p><strong>Entitatea contractanta: SN Nuclearelectrica S.A. (SNN), cu sediul in Bulevardul Iancu de Hunedoara 48, Bucure\u0219ti, Sector 1, telefon +4021.203.82.00, fax +4021.316.94.00 va invita sa transmite\u021bi propunerea de oferta pentru:<\/strong><\/p><ol><li><strong> Obiectul contractului<\/strong>: Achizi\u021bie licen\u021ba de utilizare (abonament online) London Stock Exchange Group plc (LSEG<sup>\u00ae<\/sup>) pentru platforma LSEG<sup>\u00ae <\/sup>Workspace si platforma LSEG<sup>\u00ae <\/sup>Premium.<\/li><li><strong> Metoda de atribuire aplicata<\/strong>: Achizi\u021bie directa, in temeiul art. 12 alin. (4) din Legea nr. 99\/2016 privind achizi\u021biile sectoriale.<\/li><li><strong> Descriere:<\/strong><\/li><\/ol><p>Conform Caietului de sarcini, anexa la prezentul anun\u021b.<\/p><p>P\u0103r\u021bile vor semna cu ofertantul c\u00e2\u0219tig\u0103tor cate un contract conform modelului standard al LSEG<sup>\u00ae<\/sup>\u00a0 &#8211; \u2018Order Form\u2019, pentru:<\/p><ul><li>Lot nr. 1 &#8211; LSEG<sup>\u00ae<\/sup> Workspace &#8211; pentru o perioada de 12 luni incepand cu 01.01.2026 \u2013 un utilizator<\/li><li>Lot nr. 2 &#8211; LSEG<sup>\u00ae<\/sup> Premium &#8211; pentru o perioada de 13 luni incepand cu 01.12.2025 \u2013 un utilizator<\/li><\/ul><ol start=\"4\"><li><strong> Valoarea estimata a achizi\u021biei<\/strong>: <strong>31.449,56 Euro fara TVA<\/strong>, echivalent a cca. 160.043,66 Lei fara TVA, astfel:<\/li><\/ol><ul><li>Lot nr. 1 &#8211; LSEG<sup>\u00ae<\/sup> Workspace &#8211; 16.205 EURO, echivalent a cca. 82.465,62 Lei fara TVA\u00a0;<\/li><li>Lot nr. 2 &#8211; LSEG<sup>\u00ae<\/sup> Premium \u2013 15.244,56 EURO, echivalent a cca. 77.578,04 Lei fara TVA\u00a0;<\/li><\/ul><ol start=\"6\"><li><strong>Modalitatea de depunere a ofertei<\/strong><\/li><\/ol><p>6.1.Data limita de depunere a ofertelor: <strong>11.11.2025, ora 23.59.<\/strong><\/p><p>6.2.Ofertele se vor transmite prin \u00a0e-mail la adresa <a href=\"mailto:anda.pistol@nuclearelectrica.ro\">anda.pistol@nuclearelectrica.ro<\/a>, \u00a0<a href=\"mailto:laura.gheorghila@nuclearelectrica.ro\">laura.gheorghila@nuclearelectrica.ro<\/a> si <a href=\"mailto:monica.anton@nucleareelectrica.ro\">monica.anton@nucleareelectrica.ro<\/a>.<\/p><p>6.3. Valabilitate oferta: 30 zile de la data limita de depunere.<\/p><p>6.4. Ofertele se vor depune pentru unul sau mai multe loturi.<\/p><ol start=\"7\"><li><strong> Modalitatea de derulare a achizi\u021biei:<\/strong><\/li><\/ol><p>7.1. Informa\u021bii suplimentare si se pot ob\u021bine la adresa de e-mail <a href=\"mailto:anda.pistol@nuclearelectrica.ro\">anda.pistol@nuclearelectrica.ro<\/a>;<\/p><p>7.2. Operatorii economici interesa\u021bi vor depune ofertele conform celor men\u021bionate la pct. 6 de mai sus.<\/p><ol start=\"8\"><li><strong> Criteriul de atribuie ofertelor<\/strong>: Pre\u021bul cel mai sc\u0103zut.<\/li><li><strong> Sursa de finan\u021bare<\/strong>: Venituri proprii SNN.<\/li><\/ol><p>\u00a0<\/p><p>Anexe:<\/p><p>Anexa # 1 &#8211; <a href=\"https:\/\/nuclearelectrica.ro\/snn\/wp-content\/uploads\/sites\/2\/2025\/11\/Caiet-de-sarcini-2.pdf\">Caiet de sarcini<\/a><\/p><p>\u00a0<\/p>\t\t\t\t\t\t\t\t<\/div>\n\t\t\t\t<\/div>\n\t\t\t\t\t<\/div>\n\t\t<\/div>\n\t\t\t\t\t<\/div>\n\t\t<\/section>\n\t\t\t\t<section class=\"elementor-section elementor-top-section elementor-element elementor-element-094b5df elementor-section-boxed elementor-section-height-default elementor-section-height-default\" data-id=\"094b5df\" data-element_type=\"section\">\n\t\t\t\t\t\t<div class=\"elementor-container elementor-column-gap-default\">\n\t\t\t\t\t<div class=\"elementor-column elementor-col-50 elementor-top-column elementor-element elementor-element-06071d5 top column-style-top\" data-id=\"06071d5\" data-element_type=\"column\">\n\t\t\t<div class=\"elementor-widget-wrap elementor-element-populated\">\n\t\t\t\t\t\t<div class=\"elementor-element elementor-element-ddc9876 elementor-widget__width-initial elementor-widget elementor-widget-text-editor\" data-id=\"ddc9876\" data-element_type=\"widget\" data-widget_type=\"text-editor.default\">\n\t\t\t\t<div class=\"elementor-widget-container\">\n\t\t\t\t\t\t\t\t\t<h4><strong>Servicii de preluare, depozitare si gestionare arhiva<\/strong><\/h4><p>Valoare estimat\u0103: 205.008 lei f\u0103r\u0103 TVA.<br \/>Dat\u0103 limit\u0103 depunere oferte: 07.07.2025, ora 12.00<\/p><p><a href=\"https:\/\/nuclearelectrica.ro\/snn\/wp-content\/uploads\/sites\/2\/2025\/07\/Anunt-site-SNN-Servicii-Depozitare-rev.-1.pdf\">Anunt Servicii depozitare<\/a><\/p><p>Specificatii tehnice :<br \/><a href=\"https:\/\/nuclearelectrica.ro\/snn\/wp-content\/uploads\/sites\/2\/2025\/06\/Anexa-1-Caiet-de-sarcini.pdf\">Caietul de Sarcini\u00a0<\/a><\/p><p>Formulare :<br \/><a href=\"https:\/\/nuclearelectrica.ro\/snn\/wp-content\/uploads\/sites\/2\/2025\/07\/Anexa-2-Formulare-rev-1.docx\">Formulare<\/a><br \/><a href=\"https:\/\/nuclearelectrica.ro\/snn\/wp-content\/uploads\/sites\/2\/2025\/07\/Anexa-3-Proiect-Contract-1.pdf\">Proiectul de contract<\/a><\/p><p>Persoana de contact: Ramona Tosa adresa email: <a href=\"mailto:Ramona.Tosa@nuclearelectrica.ro\">Ramona.Tosa@nuclearelectrica.ro<\/a>.<\/p><p>\u00a0 \u00a0 \u00a0 \u00a0 \u00a0 \u00a0 \u00a0 \u00a0 \u00a0 \u00a0 \u00a0 \u00a0 \u00a0 \u00a0 \u00a0 \u00a0 \u00a0 \u00a0 \u00a0 \u00a0 Ana Maria Rusu e mail:\u00a0 <a href=\"mailto:Ana.Rusu@nuclearelectrica.ro\">Ana.Rusu@nuclearelectrica.ro\u00a0<\/a><\/p>\t\t\t\t\t\t\t\t<\/div>\n\t\t\t\t<\/div>\n\t\t\t\t<div class=\"elementor-element elementor-element-33fcadb elementor-widget__width-initial elementor-widget elementor-widget-text-editor\" data-id=\"33fcadb\" data-element_type=\"widget\" data-widget_type=\"text-editor.default\">\n\t\t\t\t<div class=\"elementor-widget-container\">\n\t\t\t\t\t\t\t\t\t<h4>\u00a0<strong>Licitatie privind atribuirea contractului de executie lucrari pentru infrastructura RTH U1 &#8211; pachet B<\/strong><\/h4><p>\u00cen cadrul procesului de Retehnologizare a Unit\u0103\u021bii 1 de la Cernavod\u0103, KHNP, \u00een calitate de contractor al SNN, anun\u021b\u0103 ini\u021bierea licita\u021biei pentru atribuirea contractelor de constructii infrastructura (Pachetul B).<\/p><p>Anuntul in detaliu poate fi gasit la urmatoarea adresa web: <a href=\"https:\/\/ebiz.khnp.co.kr\/\">https:\/\/ebiz.khnp.co.kr<\/a><\/p><p><strong>Dat\u0103 limit\u0103 depunere oferte: 03.11.2025<\/strong><\/p><h4><strong>Tender for the award of a contract for the execution of works for the RTH U1 infrastructure \u2013 Package B<\/strong><\/h4><p>As part of the process of refurbishing Unit 1 at Cernavod\u0103, KHNP, as contractor for SNN, announces the launch of a tender for the award of a contract for the execution of infrastructure construction works (Package B).<\/p><p>The announcement can be found at the following link:\u00a0<a href=\"https:\/\/ebiz.khnp.co.kr\/\">https:\/\/ebiz.khnp.co.kr<\/a><\/p><p><strong>Deadline for submission of bids: November 3, 2025<\/strong><\/p><p>Persoane de contact\/ Contact persons::<\/p><p>Onoiu Cristian \u2013 <a href=\"mailto:cristian.onoiu@nuclearelectrica.ro\">cristian.onoiu@nuclearelectrica.ro<\/a> si\u00a0<\/p><p>Junyoung Cho &#8211;\u00a0<a href=\"mailto:junyoungcho@khnp.co.kr\">junyoungcho@khnp.co.kr<\/a>\u00a0<\/p><p><strong>Documentatie atribuire\/Tender notice<\/strong><\/p><p><a href=\"https:\/\/nuclearelectrica.ro\/snn\/wp-content\/uploads\/sites\/2\/2025\/10\/1.-Public-NoticeE25S154000.pdf\">Public notice<\/a><\/p><p><a href=\"https:\/\/nuclearelectrica.ro\/snn\/wp-content\/uploads\/sites\/2\/2025\/10\/2.-Invitation-to-TenderE25S154000.pdf\">Invitation to Tender<\/a><\/p><p><a href=\"https:\/\/nuclearelectrica.ro\/snn\/wp-content\/uploads\/sites\/2\/2025\/10\/2-1.-Form-3-3-Intergrated-Supporting-Document.xlsx\">Intergrated Supporting Document<\/a><\/p><p><a href=\"https:\/\/nuclearelectrica.ro\/snn\/wp-content\/uploads\/sites\/2\/2025\/10\/Attachment-1-of-Section-3-B-2.-Infrastructure-Scope-of-Work_General-Building-Package-B.pdf\">Attachment 1 of Section 3 B-2. Infrastructure Scope of Work_General Building Package B<\/a><\/p><p><a href=\"https:\/\/nuclearelectrica.ro\/snn\/wp-content\/uploads\/sites\/2\/2025\/10\/KHNP-Procurement-System.pdf\">KHNP Procurement System<\/a><\/p>\t\t\t\t\t\t\t\t<\/div>\n\t\t\t\t<\/div>\n\t\t\t\t\t<\/div>\n\t\t<\/div>\n\t\t\t\t<div class=\"elementor-column elementor-col-50 elementor-top-column elementor-element elementor-element-3423de2 top column-style-top\" data-id=\"3423de2\" data-element_type=\"column\">\n\t\t\t<div class=\"elementor-widget-wrap elementor-element-populated\">\n\t\t\t\t\t\t<div class=\"elementor-element elementor-element-76dc011 elementor-widget__width-initial elementor-widget elementor-widget-text-editor\" data-id=\"76dc011\" data-element_type=\"widget\" data-widget_type=\"text-editor.default\">\n\t\t\t\t<div class=\"elementor-widget-container\">\n\t\t\t\t\t\t\t\t\t<h5><strong>Servicii Studiu fezabilitate realizare centrala electrica cu grupuri motogenerator pe gaz<\/strong><\/h5><h5>Valoare estimat\u0103: 135.000 lei f\u0103r\u0103 TVA.<br \/><strong>Dat\u0103 limit\u0103 depunere oferte: 25.11.2024, ora 12.00<\/strong><br \/><strong>Link SEAP: <a href=\"https:\/\/nuclearelectrica.ro\/snn\/2024\/11\/07\/anunt-servicii-studiu-fezabilitate-realizare-centrala-electrica-cu-grupuri-motogenerator-pe-gaz\/\">Click<\/a><\/strong><br \/><strong>Nr. Anun\u021b \/ Data: n\/a<\/strong><\/h5><p>Specificatii tehnice :<br \/><a href=\"https:\/\/nuclearelectrica.ro\/wp-content\/uploads\/2024\/11\/Caiet-Sarcini.pdf\">Caietul de Sarcini nr.13662 \/ 14.11.2024<\/a><\/p><p>Formulare :<br \/><a href=\"https:\/\/nuclearelectrica.ro\/wp-content\/uploads\/2024\/11\/FORMULARE-.docx\">Formulare<\/a><br \/><a href=\"https:\/\/nuclearelectrica.ro\/wp-content\/uploads\/2024\/11\/Proiect-Contract.pdf\">Proiectul de contract<\/a><\/p>\t\t\t\t\t\t\t\t<\/div>\n\t\t\t\t<\/div>\n\t\t\t\t\t<\/div>\n\t\t<\/div>\n\t\t\t\t\t<\/div>\n\t\t<\/section>\n\t\t\t\t<section class=\"elementor-section elementor-top-section elementor-element elementor-element-bc1684a elementor-section-boxed elementor-section-height-default elementor-section-height-default\" data-id=\"bc1684a\" data-element_type=\"section\">\n\t\t\t\t\t\t<div class=\"elementor-container elementor-column-gap-default\">\n\t\t\t\t\t<div class=\"elementor-column elementor-col-100 elementor-top-column elementor-element elementor-element-7707bb3 top column-style-top\" data-id=\"7707bb3\" data-element_type=\"column\">\n\t\t\t<div class=\"elementor-widget-wrap elementor-element-populated\">\n\t\t\t\t\t\t\t<\/div>\n\t\t<\/div>\n\t\t\t\t\t<\/div>\n\t\t<\/section>\n\t\t\t\t<\/div>\n\t\t","protected":false},"excerpt":{"rendered":"<p>Anun\u021buri achizi\u021bii SNN Servicii de consultanta pentru definirea \u201cStrategiei privind \u00eembun\u0103t\u0103\u021birea performantei opera\u021bionale a protec\u021biei fizice la CNE Cernavoda\u201d Valoare estimta: 50.000 Euro Data depunere: 20.04.2026, ora 23.59 Persoana de contact: Anda Pistol, e-mail anda.pistol@nuclearelectrica.ro Caiet de sarcini &#8211; Tender Book \u00a0Comanda &#8211; Order\u00a0 Formulare &#8211; Forms\u00a0 Anunt &#8211; Announcement \u00a0 Servicii de mentenan\u021b\u0103 legislativ\u0103, [&hellip;]<\/p>\n","protected":false},"author":2,"featured_media":0,"parent":44379,"menu_order":0,"comment_status":"closed","ping_status":"closed","template":"","meta":{"footnotes":""},"class_list":["post-44406","page","type-page","status-publish","hentry"],"_links":{"self":[{"href":"https:\/\/nuclearelectrica.ro\/snn\/wp-json\/wp\/v2\/pages\/44406","targetHints":{"allow":["GET"]}}],"collection":[{"href":"https:\/\/nuclearelectrica.ro\/snn\/wp-json\/wp\/v2\/pages"}],"about":[{"href":"https:\/\/nuclearelectrica.ro\/snn\/wp-json\/wp\/v2\/types\/page"}],"author":[{"embeddable":true,"href":"https:\/\/nuclearelectrica.ro\/snn\/wp-json\/wp\/v2\/users\/2"}],"replies":[{"embeddable":true,"href":"https:\/\/nuclearelectrica.ro\/snn\/wp-json\/wp\/v2\/comments?post=44406"}],"version-history":[{"count":126,"href":"https:\/\/nuclearelectrica.ro\/snn\/wp-json\/wp\/v2\/pages\/44406\/revisions"}],"predecessor-version":[{"id":47607,"href":"https:\/\/nuclearelectrica.ro\/snn\/wp-json\/wp\/v2\/pages\/44406\/revisions\/47607"}],"up":[{"embeddable":true,"href":"https:\/\/nuclearelectrica.ro\/snn\/wp-json\/wp\/v2\/pages\/44379"}],"wp:attachment":[{"href":"https:\/\/nuclearelectrica.ro\/snn\/wp-json\/wp\/v2\/media?parent=44406"}],"curies":[{"name":"wp","href":"https:\/\/api.w.org\/{rel}","templated":true}]}}